{"id":105776,"date":"2025-09-11T00:00:00","date_gmt":"2025-09-10T22:00:00","guid":{"rendered":"http:\/\/gpl-love.com\/fr\/product\/woocommerce-multidevise-devise-switcher\/"},"modified":"2026-04-10T18:47:23","modified_gmt":"2026-04-10T16:47:23","slug":"woocommerce-multi-currency-currency-switcher","status":"publish","type":"product","link":"https:\/\/gpl-love.com\/fr\/produit\/woocommerce-multi-currency-currency-switcher\/","title":{"rendered":"WooCommerce Multi Currency Currency Switcher 2.3.11"},"content":{"rendered":"<h3>WooCommerce Multi Currency Currency Switcher Traits<\/h3>\n<p>The WooCommerce Multi Currency Currency Switcher is an incredibly robust and influential tool that grants online businesses the remarkable ability to effectively cater to customers hailing from various corners of the globe, all by empowering them with the ability to effortlessly peruse and evaluate product prices in their respective devises locales. Ce plugin ing\u00e9nieux s&rsquo;int\u00e8gre de mani\u00e8re transparente dans la plate-forme WooCommerce tr\u00e8s acclam\u00e9e, dominant ainsi les clients de l&rsquo;occasion inestimable de cuire \u00e0 la main et de d\u00e9signer leurs devises pr\u00e9f\u00e9r\u00e9es, le tout en quelques clics rapides et simples de leur souris ou de leur robinet sur leurs \u00e9crans. Le support extraordinaire englob\u00e9 dans ce plugin remarquable poss\u00e8de une gamme impressionnante de plus de 160 devises distinctes, coupl\u00e9es \u00e0 l&rsquo;avantage suppl\u00e9mentaire de la conversion de monnaie automatique. Par cons\u00e9quent, les entreprises peuvent \u00e9tendre de mani\u00e8re d\u00e9cisive leur influence et \u00e9tendre leur port\u00e9e \u00e0 des sommets sans pr\u00e9c\u00e9dent, tout en cultivant et en nourrissant une exp\u00e9rience d&rsquo;achat profond\u00e9ment personnalis\u00e9e et sur mesure pour leur client\u00e8le estim\u00e9e. En plus de cela, le commutateur de devises multi-devises WooCommerce adoucit encore le pot avec un m\u00e9lange de fonctionnalit\u00e9s inestimables, y compris, mais sans s&rsquo;y limiter, le syst\u00e8me de d\u00e9tection de g\u00e9olocalisation hautement sophistiqu\u00e9, les capacit\u00e9s d&rsquo;arrondi des devises et la possibilit\u00e9 de personnaliser les taux de change \u00e0 ses pr\u00e9f\u00e9rences pr\u00e9cises. En offrant aux entreprises un degr\u00e9 de contr\u00f4le in\u00e9gal\u00e9 sur leurs pr\u00e9dilections et inclinations li\u00e9es \u00e0 la devise, ce plugin extraordinaire est une v\u00e9ritable aubaine pour toute entit\u00e9 commerciale exigeante d\u00e9sireuse de s\u00e9duire et de pi\u00e9ger un public mondial diversifi\u00e9, tout en \u00e9tant assister simultan\u00e9 et la rentabilit\u00e9 globale.<\/p>\n<ul>\n<li>Permet aux clients de visualiser les prix et le paiement dans leur devise pr\u00e9f\u00e9r\u00e9e<\/li>\n<li>Prend en charge jusqu&rsquo;\u00e0 180+ devises et d\u00e9tecte automatiquement l&#8217;emplacement du client<\/li>\n<li>Facile \u00e0 installer et \u00e0 personnaliser<\/li>\n<li>Met \u00e0 jour automatiquement les taux de change<\/li>\n<li>Compatible avec la plupart des th\u00e8mes et plugins WooCommerce<\/li>\n<li>Peut \u00eatre d\u00e9fini pour afficher les symboles de devise, les drapeaux ou les deux<\/li>\n<li>Permet de d\u00e9finir les taux de conversion de devises manuels<\/li>\n<li>Augmente le potentiel de vente mondial en s&rsquo;adressant aux clients internationaux<\/li>\n<li>Fournit une exp\u00e9rience utilisateur sans couture avec des temps de chargement rapide et aucun actualisation de page<\/li>\n<li>Fournit un journal d\u00e9taill\u00e9 des taux de conversion de devises et des modifications apport\u00e9es.<\/li>\n<\/ul>\n","protected":false},"excerpt":{"rendered":"<p>Le Switcher de devises multi-devises WooCommerce est un plugin extr\u00eamement utile et pratique qui a \u00e9t\u00e9 sp\u00e9cialement con\u00e7u et d\u00e9velopp\u00e9 dans le but d&rsquo;am\u00e9liorer la convivialit\u00e9 et l&rsquo;accessibilit\u00e9 des utilisateurs de votre boutique en ligne, garantissant ainsi qu&rsquo;il est facilement et facilement accessible aux clients de tous les clients de tous coins du globe. Au moyen de cet outil tr\u00e8s efficace et efficace, les clients peuvent basculer de mani\u00e8re transparente et sans effort entre une vari\u00e9t\u00e9 de devises diff\u00e9rentes, leur permettant ainsi de visualiser les prix et d&rsquo;effectuer avec succ\u00e8s les transactions dans leur devise pr\u00e9f\u00e9r\u00e9e et souhait\u00e9e. Cela sert non seulement \u00e0 am\u00e9liorer et \u00e0 \u00e9lever consid\u00e9rablement l&rsquo;exp\u00e9rience d&rsquo;achat globale des clients qui r\u00e9sident en dehors de votre pays, mais il a \u00e9galement le potentiel de stimuler et d&rsquo;augmenter consid\u00e9rablement les ventes et les revenus de votre entreprise d&rsquo;entreprise estim\u00e9e. Furthermore, the plugin itself has been deliberately designed and developed in such a manner so as to be incredibly and remarkably easy to both install and customize, ensuring that it can be effortlessly and seamlessly integrated and harmonized with the pre-existing branding and design elements of votre site web. Par cons\u00e9quent, il peut \u00eatre irr\u00e9futable et ind\u00e9niablement post\u00e9 que le commutateur de devises multi-monnaie WooCommerce est un actif et une ressource indispensables, \u00e0 travers lesquels vous pouvez rendre votre boutique en ligne beaucoup plus globale dans sa port\u00e9e et son attrait.<\/p>\n","protected":false},"featured_media":145926,"comment_status":"open","ping_status":"closed","template":"","meta":[],"product_brand":[2435],"product_cat":[1182,1223,1181],"product_tag":[1231],"class_list":{"0":"post-105776","1":"product","2":"type-product","3":"status-publish","4":"has-post-thumbnail","6":"product_brand-codecanyon","7":"product_cat-commerce-electronique-plugins","8":"product_cat-personnalisation-commerce-electronique-plugins","9":"product_cat-plugins","10":"product_tag-codecanyon","11":"member-discount","12":"discount-restricted","14":"first","15":"instock","16":"sale","17":"downloadable","18":"virtual","19":"sold-individually","20":"purchasable","21":"product-type-simple"},"_links":{"self":[{"href":"https:\/\/gpl-love.com\/fr\/wp-json\/wp\/v2\/product\/105776","targetHints":{"allow":["GET"]}}],"collection":[{"href":"https:\/\/gpl-love.com\/fr\/wp-json\/wp\/v2\/product"}],"about":[{"href":"https:\/\/gpl-love.com\/fr\/wp-json\/wp\/v2\/types\/product"}],"replies":[{"embeddable":true,"href":"https:\/\/gpl-love.com\/fr\/wp-json\/wp\/v2\/comments?post=105776"}],"wp:featuredmedia":[{"embeddable":true,"href":"https:\/\/gpl-love.com\/fr\/wp-json\/wp\/v2\/media\/145926"}],"wp:attachment":[{"href":"https:\/\/gpl-love.com\/fr\/wp-json\/wp\/v2\/media?parent=105776"}],"wp:term":[{"taxonomy":"product_brand","embeddable":true,"href":"https:\/\/gpl-love.com\/fr\/wp-json\/wp\/v2\/product_brand?post=105776"},{"taxonomy":"product_cat","embeddable":true,"href":"https:\/\/gpl-love.com\/fr\/wp-json\/wp\/v2\/product_cat?post=105776"},{"taxonomy":"product_tag","embeddable":true,"href":"https:\/\/gpl-love.com\/fr\/wp-json\/wp\/v2\/product_tag?post=105776"}],"curies":[{"name":"wp","href":"https:\/\/api.w.org\/{rel}","templated":true}]}}