{"id":105774,"date":"2021-02-09T00:00:00","date_gmt":"2021-02-08T23:00:00","guid":{"rendered":"http:\/\/gpl-love.com\/fr\/product\/woocommerce-mixpanel\/"},"modified":"2026-04-10T18:47:21","modified_gmt":"2026-04-10T16:47:21","slug":"woocommerce-mixpanel","status":"publish","type":"product","link":"https:\/\/gpl-love.com\/fr\/produit\/woocommerce-mixpanel\/","title":{"rendered":"WooCommerce Mixpanel 1.16.0"},"content":{"rendered":"<h3>WooCommerce Mixpanel Traits<\/h3>\n<p>WooCommerce MixPanel est un plugin extr\u00eamement robuste et avanc\u00e9 qui a \u00e9t\u00e9 m\u00e9ticuleusement con\u00e7u pour servir le but d&rsquo;aider les d\u00e9taillants en ligne \u00e0 obtenir une compr\u00e9hension profonde de leurs clients. Ce plugin remarquable a \u00e9t\u00e9 ing\u00e9nieusement con\u00e7u pour fournir des id\u00e9es inestimables et des observations exigeantes concernant la dynamique complexe des comportements, des pr\u00e9f\u00e9rences et des habitudes d&rsquo;achat de vos clients. Avec les capacit\u00e9s in\u00e9gal\u00e9es de WooCommerce Mixpanel \u00e0 votre disposition, vous poss\u00e9dez la capacit\u00e9 extraordinaire \u00e0 surveiller et \u00e0 examiner m\u00e9ticuleusement chaque action minuscule r\u00e9alis\u00e9e par vos clients estim\u00e9s sur votre site Web estim\u00e9, englobant une vaste gamme d&rsquo;activit\u00e9s telles que la lecture des produits, les ajouts \u00e0 des ajouts \u00e0 des ajouts \u00e0 Le panier virtuel et la grande finale de l&rsquo;ensemble du processus, la caisse. Par la suite, ce vaste tr\u00e9sor d&rsquo;informations m\u00e9ticuleusement rassembl\u00e9es est trait\u00e9e avec diligence et transform\u00e9e de mani\u00e8re transparente en une multitude de rapports visuellement \u00e9tonnants et compr\u00e9hensibles sans effort qui vous facilitent et vous arborent avec holistiquement les connaissances indispensables n\u00e9cessaires pour prendre des d\u00e9cisions strat\u00e9giques bien inform\u00e9es et sagaces. Les prouesses extraordinaires pr\u00e9sent\u00e9es par WooCommerce Mixpanel en termes de compr\u00e9hension des subtilit\u00e9s des pr\u00e9f\u00e9rences et des comportements de vos clients vous offrent sans aucun doute un aper\u00e7u in\u00e9gal Les clients ch\u00e9ris sont dot\u00e9s d&rsquo;une exp\u00e9rience de magasinage in\u00e9gal\u00e9e et intrins\u00e8quement sup\u00e9rieure. En diss\u00e9quant et en analysant m\u00e9ticuleusement les rapports complets fournis par ce plugin extraordinaire, vous \u00eates dot\u00e9 d&rsquo;une compr\u00e9hension profond\u00e9ment \u00e9clairante de quelles facettes de votre entreprise estim\u00e9e r\u00e9sonnent harmonieusement avec votre client\u00e8le estim\u00e9e et les aspects n\u00e9cessitant une reconsid\u00e9ration urgente et une rampe. \u00c0 la lumi\u00e8re de ces capacit\u00e9s in\u00e9gal\u00e9es, il devient sans \u00e9quivoque \u00e9vident que ce plugin vraiment remarquable est une n\u00e9cessit\u00e9 absolue pour tout d\u00e9taillant en ligne exigeant cherchant avec ferveur \u00e0 augmenter leurs sources de revenus et \u00e0 ouvrir une voie ferme vers la croissance et la prosp\u00e9rit\u00e9 sans pr\u00e9c\u00e9dent de leur entreprise d&rsquo;entreprise estim\u00e9e.<\/p>\n<ul>\n<li>Permet l&rsquo;int\u00e9gration entre WooCommerce et MixPanel Analytics<\/li>\n<li>Suit le comportement des clients et l&rsquo;historique des achats pour les strat\u00e9gies de marketing cibl\u00e9es<\/li>\n<li>Fournit des informations sur la d\u00e9mographie des clients et les habitudes d&rsquo;achat<\/li>\n<li>Utilise l&rsquo;interface conviviale de MixPanel pour les rapports et visualisations personnalis\u00e9s<\/li>\n<li>Augmente le retour sur investissement en optimisant des campagnes de marketing avec des d\u00e9cisions bas\u00e9es sur les donn\u00e9es<\/li>\n<li>Rationalise le processus de collecte et d&rsquo;analyse des donn\u00e9es pour les entreprises de commerce \u00e9lectronique<\/li>\n<li>Offre une gamme de plans de prix pour les entreprises de toutes tailles<\/li>\n<li>Facile \u00e0 installer et \u00e0 utiliser avec des instructions \u00e9tape par \u00e9tape et un support technique disponible.<\/li>\n<\/ul>\n","protected":false},"excerpt":{"rendered":"<p>En int\u00e9grant votre magasin WooCommerce avec MixPanel, vous pourrez acc\u00e9der \u00e0 une pl\u00e9thore de pr\u00e9cieuses informations concernant le comportement des clients et les mod\u00e8les d&rsquo;achat. Ce plugin remarquable facilite le suivi sans effort de diverses mesures telles que les ventes, les chariots abandonn\u00e9s et les parcours clients, vous permettant ainsi d&rsquo;optimiser votre strat\u00e9gie de commerce \u00e9lectronique et, finalement, g\u00e9n\u00e9rer des revenus. De plus, avec la fourniture d&rsquo;\u00e9v\u00e9nements et d&rsquo;entonnoirs personnalisables, vous aurez la flexibilit\u00e9 d&rsquo;adapter votre analyse d&rsquo;une mani\u00e8re qui s&rsquo;aligne parfaitement avec les exigences uniques de votre entreprise. De plus, les donn\u00e9es en temps r\u00e9el et les informations exploitables fournies par cette int\u00e9gration vous permettra de prendre des d\u00e9cisions bien inform\u00e9es et d&rsquo;am\u00e9liorer les performances globales de votre boutique en ligne.<\/p>\n","protected":false},"featured_media":145923,"comment_status":"open","ping_status":"open","template":"","meta":[],"product_brand":[2440],"product_cat":[1183,1182,1181],"product_tag":[1398],"class_list":{"0":"post-105774","1":"product","2":"type-product","3":"status-publish","4":"has-post-thumbnail","6":"product_brand-woocommerce","7":"product_cat-administration","8":"product_cat-commerce-electronique-plugins","9":"product_cat-plugins","10":"product_tag-woocommerce","11":"member-discount","12":"discount-restricted","14":"first","15":"instock","16":"sale","17":"downloadable","18":"virtual","19":"sold-individually","20":"purchasable","21":"product-type-simple"},"_links":{"self":[{"href":"https:\/\/gpl-love.com\/fr\/wp-json\/wp\/v2\/product\/105774","targetHints":{"allow":["GET"]}}],"collection":[{"href":"https:\/\/gpl-love.com\/fr\/wp-json\/wp\/v2\/product"}],"about":[{"href":"https:\/\/gpl-love.com\/fr\/wp-json\/wp\/v2\/types\/product"}],"replies":[{"embeddable":true,"href":"https:\/\/gpl-love.com\/fr\/wp-json\/wp\/v2\/comments?post=105774"}],"wp:featuredmedia":[{"embeddable":true,"href":"https:\/\/gpl-love.com\/fr\/wp-json\/wp\/v2\/media\/145923"}],"wp:attachment":[{"href":"https:\/\/gpl-love.com\/fr\/wp-json\/wp\/v2\/media?parent=105774"}],"wp:term":[{"taxonomy":"product_brand","embeddable":true,"href":"https:\/\/gpl-love.com\/fr\/wp-json\/wp\/v2\/product_brand?post=105774"},{"taxonomy":"product_cat","embeddable":true,"href":"https:\/\/gpl-love.com\/fr\/wp-json\/wp\/v2\/product_cat?post=105774"},{"taxonomy":"product_tag","embeddable":true,"href":"https:\/\/gpl-love.com\/fr\/wp-json\/wp\/v2\/product_tag?post=105774"}],"curies":[{"name":"wp","href":"https:\/\/api.w.org\/{rel}","templated":true}]}}