{"id":105772,"date":"2026-03-06T00:00:00","date_gmt":"2026-03-05T23:00:00","guid":{"rendered":"http:\/\/gpl-love.com\/fr\/product\/woocommerce-mix-et-match-produits\/"},"modified":"2026-04-10T18:47:20","modified_gmt":"2026-04-10T16:47:20","slug":"woocommerce-mix-and-match-products","status":"publish","type":"product","link":"https:\/\/gpl-love.com\/fr\/produit\/woocommerce-mix-and-match-products\/","title":{"rendered":"WooCommerce Mix et Match Products 2.8.7"},"content":{"rendered":"<h3>WooCommerce Mix et Match Products Traits<\/h3>\n<p>Le plugin WooCommerce Mix and Match Products est un outil tr\u00e8s polyvalent et multiforme qui accorde aux propri\u00e9taires de magasins en ligne avec la capacit\u00e9 de cr\u00e9er et de commercialiser sans effort les faisceaux de produits personnalis\u00e9s. Avec l&rsquo;aide de ce plugin exceptionnel, les clients re\u00e7oivent la libert\u00e9 de m\u00e9langer et de faire correspondre harmonieusement un assortiment de produits conform\u00e9ment \u00e0 leurs d\u00e9sirs uniques et, finalement, les se procurent tous dans un pack coh\u00e9sif, tout en profitant de l&rsquo;avantage suppl\u00e9mentaire d&rsquo;un prix consid\u00e9rablement r\u00e9duit . En prime, le plugin lui-m\u00eame est remarquablement convivial et simple \u00e0 configurer et \u00e0 personnaliser, car il fournit une pl\u00e9thore d&rsquo;options dynamiques qui r\u00e9pondent aux besoins et aux pr\u00e9f\u00e9rences individuelles de chaque entreprise. Ces options incluent, mais sans s&rsquo;y limiter Lorsque vous vous engagez dans le processus de mixage et de correspondance. Par cons\u00e9quent, ce plugin est une ressource inestimable pour les entreprises qui sont d\u00e9sireuses de renforcer leurs chiffres de vente en pr\u00e9sentant des offres de bundle s\u00e9duisantes \u00e0 leur client\u00e8le estim\u00e9e.<\/p>\n<ul>\n<li>Cr\u00e9ez facilement un produit de mixage et de correspondance pour votre magasin WooCommerce.<\/li>\n<li>Permet aux clients de cr\u00e9er des faisceaux de produits personnalis\u00e9s.<\/li>\n<li>D\u00e9finissez des r\u00e8gles sp\u00e9cifiques pour lesquelles les produits peuvent \u00eatre regroup\u00e9s.<\/li>\n<li>Options de prix: fixez un prix fixe ou permettez aux clients de choisir leur propre prix.<\/li>\n<li>Affichez les produits group\u00e9s en tant que produit s\u00e9par\u00e9 dans votre magasin.<\/li>\n<li>Gardez une trace de l&rsquo;inventaire des produits de paquet.<\/li>\n<li>Compatible avec WooCommerce et toutes ses extensions.<\/li>\n<li>Installation et int\u00e9gration faciles dans votre magasin existant.<\/li>\n<\/ul>\n","protected":false},"excerpt":{"rendered":"<p>Le plugin WooCommerce Mix and Match Products est un outil incroyablement robuste et dynamique qui permet aux d\u00e9taillants en ligne de fournir \u00e0 leur client\u00e8le la possibilit\u00e9 de personnaliser et de personnaliser leurs achats. Ce plugin exceptionnel permet aux clients de combiner et de fusionner sans effort divers produits, leur offrant ainsi la possibilit\u00e9 de g\u00e9rer des bundles vraiment distinctifs et exclusifs. De plus, ce plugin ing\u00e9nieux facilite simultan\u00e9ment la gestion transparente des prix et des stocks pour chaque produit individuel, accordant ainsi aux propri\u00e9taires de magasins sans pr\u00e9c\u00e9dent commodit\u00e9 et contr\u00f4le. Par cons\u00e9quent, ce plugin remarquablement polyvalent est particuli\u00e8rement bien adapt\u00e9 aux entreprises sp\u00e9cialis\u00e9s dans la vente de marchandises personnalisables, telles que des paniers-cadeaux, des bo\u00eetes d&rsquo;abonnement ou des kits de bricolage. En outre, ce plugin convivial pour les utilisateurs poss\u00e8de une interface intuitivement navigable et des options de personnalisation compl\u00e8tes, ce qui le rend tr\u00e8s adaptable pour r\u00e9pondre aux besoins et pr\u00e9f\u00e9rences uniques des d\u00e9taillants. La mise en \u0153uvre de ce plugin extraordinaire est garantie pour entra\u00eener une augmentation significative des chiffres des ventes et du contentement des clients, car il permet aux acheteurs de g\u00e9rer des produits sur mesure qui s&rsquo;alignent parfaitement avec leurs d\u00e9sirs et leurs exigences.<\/p>\n","protected":false},"featured_media":145922,"comment_status":"open","ping_status":"closed","template":"","meta":[],"product_brand":[2440],"product_cat":[1183,1182,1181],"product_tag":[1398],"class_list":{"0":"post-105772","1":"product","2":"type-product","3":"status-publish","4":"has-post-thumbnail","6":"product_brand-woocommerce","7":"product_cat-administration","8":"product_cat-commerce-electronique-plugins","9":"product_cat-plugins","10":"product_tag-woocommerce","11":"member-discount","12":"discount-restricted","14":"first","15":"instock","16":"sale","17":"downloadable","18":"virtual","19":"sold-individually","20":"purchasable","21":"product-type-simple"},"_links":{"self":[{"href":"https:\/\/gpl-love.com\/fr\/wp-json\/wp\/v2\/product\/105772","targetHints":{"allow":["GET"]}}],"collection":[{"href":"https:\/\/gpl-love.com\/fr\/wp-json\/wp\/v2\/product"}],"about":[{"href":"https:\/\/gpl-love.com\/fr\/wp-json\/wp\/v2\/types\/product"}],"replies":[{"embeddable":true,"href":"https:\/\/gpl-love.com\/fr\/wp-json\/wp\/v2\/comments?post=105772"}],"wp:featuredmedia":[{"embeddable":true,"href":"https:\/\/gpl-love.com\/fr\/wp-json\/wp\/v2\/media\/145922"}],"wp:attachment":[{"href":"https:\/\/gpl-love.com\/fr\/wp-json\/wp\/v2\/media?parent=105772"}],"wp:term":[{"taxonomy":"product_brand","embeddable":true,"href":"https:\/\/gpl-love.com\/fr\/wp-json\/wp\/v2\/product_brand?post=105772"},{"taxonomy":"product_cat","embeddable":true,"href":"https:\/\/gpl-love.com\/fr\/wp-json\/wp\/v2\/product_cat?post=105772"},{"taxonomy":"product_tag","embeddable":true,"href":"https:\/\/gpl-love.com\/fr\/wp-json\/wp\/v2\/product_tag?post=105772"}],"curies":[{"name":"wp","href":"https:\/\/api.w.org\/{rel}","templated":true}]}}