{"id":105768,"date":"2026-02-06T00:00:00","date_gmt":"2026-02-05T23:00:00","guid":{"rendered":"http:\/\/gpl-love.com\/fr\/product\/woocommerce-loterie-concours-wordpress-et-loteries\/"},"modified":"2026-04-10T18:47:14","modified_gmt":"2026-04-10T16:47:14","slug":"woocommerce-lottery-wordpress-competitions-and-lotteries","status":"publish","type":"product","link":"https:\/\/gpl-love.com\/fr\/produit\/woocommerce-lottery-wordpress-competitions-and-lotteries\/","title":{"rendered":"WooCommerce Lottery 2.2.8"},"content":{"rendered":"<h3>WooCommerce Lottery Traits<\/h3>\n<p>WooCommerce Lottery, un plugin tr\u00e8s robuste, offre la capacit\u00e9 remarquable d&rsquo;incorporer la fonctionnalit\u00e9 de loterie dans votre boutique WooCommerce. En utilisant ce plugin exceptionnel, vous gagnez la possibilit\u00e9 de cr\u00e9er et de g\u00e9rer efficacement les loteries, d&rsquo;\u00e9tablir des dates sp\u00e9cifiques de d\u00e9but et de licenciement, de s\u00e9lectionner judicieusement les vainqueurs et d&rsquo;effectuer de nombreuses autres fonctionnalit\u00e9s avantageuses. Le processus d&rsquo;installation et de configuration de ce plugin est notamment facile, et en outre, il offre un assortiment complet d&rsquo;options personnalisables, vous offrant l&rsquo;occasion inestimable d&rsquo;harmoniser son apparence avec la marque distinctive de votre magasin. La nature transparente et conviviale de la fonctionnalit\u00e9 de loterie contribue de mani\u00e8re significative \u00e0 \u00e9lever les ventes et \u00e0 am\u00e9liorer l&rsquo;engagement des utilisateurs sur votre site Web estim\u00e9. Quelle que soit l&rsquo;\u00e9chelle de votre entreprise de commerce \u00e9lectronique, que ce soit une boutique en ligne diminutive ou un emporium num\u00e9rique important, l&rsquo;inclusion de la loterie WooCommerce accorde incontestablement une dimension exaltante et divertissante lors de votre entreprise florissante.<\/p>\n<ul>\n<li>Un plugin de loterie puissant con\u00e7u pour les sites Web WooCommerce<\/li>\n<li>Permet aux propri\u00e9taires de magasins d&rsquo;ex\u00e9cuter des loteries et des tombolas pour divers produits<\/li>\n<li>Fournit plusieurs options pour configurer et personnaliser les loteries<\/li>\n<li>Permet aux clients de participer aux loteries en achetant des billets<\/li>\n<li>Offre une int\u00e9gration facile avec le syst\u00e8me de paiement et d&rsquo;inventaire WooCommerce<\/li>\n<li>Comprend des fonctionnalit\u00e9s utiles telles que la s\u00e9lection automatique des gagnants et les notifications par e-mail<\/li>\n<li>Prend en charge diverses passerelles de paiement pour des transactions s\u00e9curis\u00e9es et transparentes<\/li>\n<li>Fournit des rapports et des statistiques d\u00e9taill\u00e9s pour suivre les performances et les ventes de la loterie<\/li>\n<li>Offre un excellent support et documentation pour aider les propri\u00e9taires de magasin \u00e0 configurer et \u00e0 utiliser le plugin<\/li>\n<li>Aide \u00e0 stimuler les ventes et l&rsquo;engagement des clients en ajoutant un \u00e9l\u00e9ment amusant et passionnant \u00e0 l&rsquo;exp\u00e9rience d&rsquo;achat en ligne.<\/li>\n<\/ul>\n","protected":false},"excerpt":{"rendered":"<p>WooCommerce Lottery est un plugin remarquable qui vous accorde la possibilit\u00e9 de mener des loteries sur votre boutique en ligne, en magnifiant son attrait. Cet outil exceptionnel vous permet de g\u00e9n\u00e9rer et de superviser sans effort les loteries pour vos produits, augmentant ainsi vos ventes via des promotions captivantes. Ce plugin est int\u00e9gr\u00e9 de mani\u00e8re transparente \u00e0 WooCommerce, vous permettant d&rsquo;\u00e9tablir des loteries pour des produits sp\u00e9cifiques, des cat\u00e9gories ou m\u00eame l&rsquo;int\u00e9gralit\u00e9 de votre magasin, vous offrant la plus grande domination sur votre strat\u00e9gie de vente. De plus, vous poss\u00e9dez la libert\u00e9 de personnaliser vos loteries avec un \u00e9ventail d&rsquo;options, englobant les limites d&rsquo;entr\u00e9e, le d\u00e9but et les dates de conclusion, ainsi que les dessins de prix, facilitant ainsi la couture facile de vos promotions conform\u00e9ment \u00e0 vos exigences commerciales uniques. Que votre objectif soit d&rsquo;amplifier le trafic Web, de renforcer les conversions ou de mieux accorder une appr\u00e9ciation \u00e0 votre fid\u00e8le client\u00e8le, soyez assur\u00e9 que la loterie WooCommerce repr\u00e9sente la solution consomm\u00e9e pour votre boutique en ligne estim\u00e9e.<\/p>\n","protected":false},"featured_media":145915,"comment_status":"open","ping_status":"closed","template":"","meta":[],"product_brand":[2435],"product_cat":[1183,1182,1181],"product_tag":[1231],"class_list":{"0":"post-105768","1":"product","2":"type-product","3":"status-publish","4":"has-post-thumbnail","6":"product_brand-codecanyon","7":"product_cat-administration","8":"product_cat-commerce-electronique-plugins","9":"product_cat-plugins","10":"product_tag-codecanyon","11":"member-discount","12":"discount-restricted","14":"first","15":"instock","16":"sale","17":"downloadable","18":"virtual","19":"sold-individually","20":"purchasable","21":"product-type-simple"},"_links":{"self":[{"href":"https:\/\/gpl-love.com\/fr\/wp-json\/wp\/v2\/product\/105768","targetHints":{"allow":["GET"]}}],"collection":[{"href":"https:\/\/gpl-love.com\/fr\/wp-json\/wp\/v2\/product"}],"about":[{"href":"https:\/\/gpl-love.com\/fr\/wp-json\/wp\/v2\/types\/product"}],"replies":[{"embeddable":true,"href":"https:\/\/gpl-love.com\/fr\/wp-json\/wp\/v2\/comments?post=105768"}],"wp:featuredmedia":[{"embeddable":true,"href":"https:\/\/gpl-love.com\/fr\/wp-json\/wp\/v2\/media\/145915"}],"wp:attachment":[{"href":"https:\/\/gpl-love.com\/fr\/wp-json\/wp\/v2\/media?parent=105768"}],"wp:term":[{"taxonomy":"product_brand","embeddable":true,"href":"https:\/\/gpl-love.com\/fr\/wp-json\/wp\/v2\/product_brand?post=105768"},{"taxonomy":"product_cat","embeddable":true,"href":"https:\/\/gpl-love.com\/fr\/wp-json\/wp\/v2\/product_cat?post=105768"},{"taxonomy":"product_tag","embeddable":true,"href":"https:\/\/gpl-love.com\/fr\/wp-json\/wp\/v2\/product_tag?post=105768"}],"curies":[{"name":"wp","href":"https:\/\/api.w.org\/{rel}","templated":true}]}}