{"id":105761,"date":"2021-02-09T00:00:00","date_gmt":"2021-02-08T23:00:00","guid":{"rendered":"http:\/\/gpl-love.com\/fr\/product\/woocommerce-freshbooks\/"},"modified":"2026-04-10T18:47:02","modified_gmt":"2026-04-10T16:47:02","slug":"woocommerce-freshbooks","status":"publish","type":"product","link":"https:\/\/gpl-love.com\/fr\/produit\/woocommerce-freshbooks\/","title":{"rendered":"WooCommerce FreshBooks 3.14.1"},"content":{"rendered":"<h3>WooCommerce FreshBooks Traits<\/h3>\n<p>L&rsquo;int\u00e9gration entre WooCommerce et Freshbooks est un outil incroyablement robuste et efficace qui am\u00e9liore et optimise consid\u00e9rablement les processus de comptabilit\u00e9 et de comptabilit\u00e9 dans votre boutique en ligne. En incorporant ce puissant plugin dans votre syst\u00e8me, vous gagnez la possibilit\u00e9 de synchroniser de mani\u00e8re transparente vos donn\u00e9es de vente de WooCommerce avec des livres fra\u00eeches, entra\u00eenant l&rsquo;automatisation de divers aspects cruciaux tels que la facturation, les paiements et le suivi des d\u00e9penses. En outre, cette int\u00e9gration va au-del\u00e0 des bases en fournissant un support pour les transactions multi-monnaie, r\u00e9pondant aux besoins des entreprises qui op\u00e8rent \u00e0 l&rsquo;\u00e9chelle mondiale. L&rsquo;utilisation des livres fra\u00eeches de WooCommerce vous fait non seulement gagner un temps pr\u00e9cieux, mais minimise \u00e9galement consid\u00e9rablement la probabilit\u00e9 d&rsquo;erreurs, permettant une compr\u00e9hension plus pr\u00e9cise et compl\u00e8te de vos finances. De plus, la mise en \u0153uvre de cette int\u00e9gration est rendue encore plus pratique par ses options de configuration et de personnalisation conviviales, qui vous permettent de l&rsquo;adapter pr\u00e9cis\u00e9ment \u00e0 vos besoins commerciaux sp\u00e9cifiques. En conclusion, pour tout propri\u00e9taire d&rsquo;un magasin WooCommerce cherchant \u00e0 rationaliser leurs processus comptables et \u00e0 stimuler la croissance de son entreprise, l&rsquo;inclusion de cette int\u00e9gration est une n\u00e9cessit\u00e9 absolue.<\/p>\n<ul>\n<li>Int\u00e8gre de mani\u00e8re transparente les plates-formes WooCommerce et FreshBooks<\/li>\n<li>Synchronise automatiquement les donn\u00e9es des clients et de la commande entre les deux plateformes<\/li>\n<li>Minimise la saisie manuelle des donn\u00e9es et r\u00e9duit le risque d&rsquo;erreurs<\/li>\n<li>G\u00e9n\u00e8re et envoie des factures \u00e0 partir de livres fra\u00eeches en quelques clics seulement<\/li>\n<li>Permet un suivi facile des paiements et des soldes en suspens<\/li>\n<li>Fournit un aper\u00e7u complet des ventes et des donn\u00e9es financi\u00e8res sur les deux plateformes<\/li>\n<li>\u00c9conomise du temps et augmente l&rsquo;efficacit\u00e9 des d\u00e9taillants en ligne<\/li>\n<li>Am\u00e9liore la satisfaction des clients avec la facturation et le traitement des commandes plus rapides et plus pr\u00e9cis.<\/li>\n<\/ul>\n","protected":false},"excerpt":{"rendered":"<p>L&rsquo;int\u00e9gration logicielle tr\u00e8s efficace connue sous le nom de WooCommerce FreshBooks d&rsquo;entr\u00e9e fournit une connexion transparente entre votre magasin WooCommerce et la plate-forme comptable largement utilis\u00e9e. Gr\u00e2ce \u00e0 cette int\u00e9gration, vous avez la capacit\u00e9 de transf\u00e9rer sans effort vos commandes, clients et produits WooCommerce \u00e0 Freshbooks, optimisant ainsi vos proc\u00e9dures de comptabilit\u00e9 et de facturation. Offrez des adieux \u00e0 la t\u00e2che lourde de la saisie manuelle des donn\u00e9es et accueille chaleureusement l&rsquo;efficacit\u00e9 et la pr\u00e9cision accrues que cette int\u00e9gration apporte. Les comptes WooCommerce Freshbooks apparaissent comme un outil indispensable pour tout propri\u00e9taire d&rsquo;une boutique en ligne qui cherche \u00e0 simplifier leur gestion financi\u00e8re.<\/p>\n","protected":false},"featured_media":145892,"comment_status":"open","ping_status":"open","template":"","meta":[],"product_brand":[2440],"product_cat":[1182,1200,1181],"product_tag":[1398],"class_list":{"0":"post-105761","1":"product","2":"type-product","3":"status-publish","4":"has-post-thumbnail","6":"product_brand-woocommerce","7":"product_cat-commerce-electronique-plugins","8":"product_cat-commercialisation","9":"product_cat-plugins","10":"product_tag-woocommerce","11":"member-discount","12":"discount-restricted","14":"first","15":"instock","16":"sale","17":"downloadable","18":"virtual","19":"sold-individually","20":"purchasable","21":"product-type-simple"},"_links":{"self":[{"href":"https:\/\/gpl-love.com\/fr\/wp-json\/wp\/v2\/product\/105761","targetHints":{"allow":["GET"]}}],"collection":[{"href":"https:\/\/gpl-love.com\/fr\/wp-json\/wp\/v2\/product"}],"about":[{"href":"https:\/\/gpl-love.com\/fr\/wp-json\/wp\/v2\/types\/product"}],"replies":[{"embeddable":true,"href":"https:\/\/gpl-love.com\/fr\/wp-json\/wp\/v2\/comments?post=105761"}],"wp:featuredmedia":[{"embeddable":true,"href":"https:\/\/gpl-love.com\/fr\/wp-json\/wp\/v2\/media\/145892"}],"wp:attachment":[{"href":"https:\/\/gpl-love.com\/fr\/wp-json\/wp\/v2\/media?parent=105761"}],"wp:term":[{"taxonomy":"product_brand","embeddable":true,"href":"https:\/\/gpl-love.com\/fr\/wp-json\/wp\/v2\/product_brand?post=105761"},{"taxonomy":"product_cat","embeddable":true,"href":"https:\/\/gpl-love.com\/fr\/wp-json\/wp\/v2\/product_cat?post=105761"},{"taxonomy":"product_tag","embeddable":true,"href":"https:\/\/gpl-love.com\/fr\/wp-json\/wp\/v2\/product_tag?post=105761"}],"curies":[{"name":"wp","href":"https:\/\/api.w.org\/{rel}","templated":true}]}}