{"id":105759,"date":"2025-10-14T00:00:00","date_gmt":"2025-10-13T22:00:00","guid":{"rendered":"http:\/\/gpl-love.com\/fr\/product\/coupons-woocommerce-cadeau-gratuit\/"},"modified":"2026-03-20T23:45:44","modified_gmt":"2026-03-20T22:45:44","slug":"woocommerce-free-gift-coupons","status":"publish","type":"product","link":"https:\/\/gpl-love.com\/fr\/produit\/woocommerce-free-gift-coupons\/","title":{"rendered":"WooCommerce Free Gift Coupons 3.8.0"},"content":{"rendered":"<h3>WooCommerce Free Gift Coupons Traits<\/h3>\n<p>Les coupons de cadeaux gratuits WooCommerce, un plugin remarquable, pr\u00e9sente une opportunit\u00e9 attrayante pour les clients d&rsquo;obtenir des cadeaux compl\u00e9mentaires ainsi que leurs achats. Cette fonctionnalit\u00e9 innovante sert de tactique de marketing strat\u00e9gique pour attirer une client\u00e8le plus large et augmenter par la suite les chiffres de vente. Avec ce plugin, les propri\u00e9taires de magasins acqui\u00e8rent la possibilit\u00e9 de fabriquer des coupons qui \u00e9tendent des produits gratuits ou des r\u00e9ductions sur les articles de marchandises d\u00e9sign\u00e9s. De plus, la flexibilit\u00e9 inh\u00e9rente de ces coupons se profile \u00e0 mesure qu&rsquo;ils peuvent \u00eatre personnalis\u00e9s avec des r\u00e8gles et des restrictions m\u00e9ticuleusement con\u00e7ues, garantissant ainsi leur adh\u00e9sion \u00e0 des param\u00e8tres d&rsquo;utilisation sp\u00e9cifiques. Compatible avec tous les th\u00e8mes WooCommerce, ce plugin s&rsquo;int\u00e8gre de mani\u00e8re transparente dans n&rsquo;importe quelle boutique en ligne, permettant une configuration sans effort pour r\u00e9pondre aux exigences uniques de chaque propri\u00e9taire de magasin. En r\u00e9sum\u00e9, les coupons de cadeaux gratuits WooCommerce apparaissent comme une ressource indispensable pour cultiver la fid\u00e9lit\u00e9 des clients et propulser les ventes \u00e0 des hauteurs sans pr\u00e9c\u00e9dent.<\/p>\n<ul>\n<li>Vous permet de cr\u00e9er et d&rsquo;offrir des coupons cadeaux gratuits aux clients de votre boutique WooCommerce<\/li>\n<li>Options personnalisables pour cr\u00e9er des codes de coupon uniques et d\u00e9finir des param\u00e8tres sp\u00e9cifiques pour l&rsquo;utilisation du coupon<\/li>\n<li>Fournit un moyen d&rsquo;inciter les clients \u00e0 effectuer des achats et \u00e0 augmenter les ventes dans votre magasin<\/li>\n<li>Facile \u00e0 utiliser et \u00e0 int\u00e9grer \u00e0 votre configuration WooCommerce existante<\/li>\n<li>Peut \u00eatre utilis\u00e9 en combinaison avec d&rsquo;autres plugins et extensions WooCommerce pour encore plus de fonctionnalit\u00e9s<\/li>\n<li>Aide \u00e0 la fid\u00e9lit\u00e9 des clients et \u00e0 encourager les affaires r\u00e9p\u00e9t\u00e9es gr\u00e2ce \u00e0 l&rsquo;utilisation d&rsquo;offres et de promotions sp\u00e9ciales<\/li>\n<\/ul>\n","protected":false},"excerpt":{"rendered":"<p>D\u00e9couvrez la commodit\u00e9 et l&rsquo;efficacit\u00e9 de g\u00e9n\u00e9rer sans effort des coupons de cadeaux gratuits pour votre magasin WooCommerce estim\u00e9 en tirant parti des capacit\u00e9s remarquables de nos coupons cadeaux gratuits WooCommerce de pointe. En offrant \u00e0 vos clients pr\u00e9cieux une incitation convaincante \u00e0 engager une transaction d&rsquo;achat avec votre marque estim\u00e9e, vous pouvez amplifier efficacement vos chiffres de vente et favoriser un sentiment de loyaut\u00e9 accru parmi votre client\u00e8le ch\u00e9ri. Tirant parti d&rsquo;une interface navigable parfaitement et d&rsquo;un \u00e9ventail de choix personnalisables, le processus de fabrication et de diffusion de coupons cadeaux a \u00e9t\u00e9 rendu \u00e9tonnamment simplifi\u00e9 et rationalis\u00e9. Ne perdez pas de temps \u00e0 vous lancer dans votre voyage vers l&rsquo;am\u00e9lioration de l&rsquo;exposition de vos offres de produits estim\u00e9es et de fortifier vos rendements financiers en saisissant cette opportunit\u00e9 in\u00e9gal\u00e9e aujourd&rsquo;hui!<\/p>\n","protected":false},"featured_media":145890,"comment_status":"open","ping_status":"closed","template":"","meta":[],"product_brand":[2440],"product_cat":[1183,1182,1181],"product_tag":[1398],"class_list":{"0":"post-105759","1":"product","2":"type-product","3":"status-publish","4":"has-post-thumbnail","6":"product_brand-woocommerce","7":"product_cat-administration","8":"product_cat-commerce-electronique-plugins","9":"product_cat-plugins","10":"product_tag-woocommerce","11":"member-discount","12":"discount-restricted","14":"first","15":"instock","16":"sale","17":"downloadable","18":"virtual","19":"sold-individually","20":"purchasable","21":"product-type-simple"},"_links":{"self":[{"href":"https:\/\/gpl-love.com\/fr\/wp-json\/wp\/v2\/product\/105759","targetHints":{"allow":["GET"]}}],"collection":[{"href":"https:\/\/gpl-love.com\/fr\/wp-json\/wp\/v2\/product"}],"about":[{"href":"https:\/\/gpl-love.com\/fr\/wp-json\/wp\/v2\/types\/product"}],"replies":[{"embeddable":true,"href":"https:\/\/gpl-love.com\/fr\/wp-json\/wp\/v2\/comments?post=105759"}],"wp:featuredmedia":[{"embeddable":true,"href":"https:\/\/gpl-love.com\/fr\/wp-json\/wp\/v2\/media\/145890"}],"wp:attachment":[{"href":"https:\/\/gpl-love.com\/fr\/wp-json\/wp\/v2\/media?parent=105759"}],"wp:term":[{"taxonomy":"product_brand","embeddable":true,"href":"https:\/\/gpl-love.com\/fr\/wp-json\/wp\/v2\/product_brand?post=105759"},{"taxonomy":"product_cat","embeddable":true,"href":"https:\/\/gpl-love.com\/fr\/wp-json\/wp\/v2\/product_cat?post=105759"},{"taxonomy":"product_tag","embeddable":true,"href":"https:\/\/gpl-love.com\/fr\/wp-json\/wp\/v2\/product_tag?post=105759"}],"curies":[{"name":"wp","href":"https:\/\/api.w.org\/{rel}","templated":true}]}}