{"id":105757,"date":"2025-10-01T00:00:00","date_gmt":"2025-09-30T22:00:00","guid":{"rendered":"http:\/\/gpl-love.com\/fr\/product\/woocommerce-flottant-panier-2\/"},"modified":"2026-04-10T18:46:56","modified_gmt":"2026-04-10T16:46:56","slug":"woocommerce-floating-cart","status":"publish","type":"product","link":"https:\/\/gpl-love.com\/fr\/produit\/woocommerce-floating-cart\/","title":{"rendered":"WooCommerce Floating Cart 2.8.7"},"content":{"rendered":"<h3>WooCommerce Floating Cart Traits<\/h3>\n<p>Le plugin WooCommerce Floating Cart est un outil tr\u00e8s avantageux qui vise \u00e0 optimiser l&rsquo;exp\u00e9rience utilisateur globale des acheteurs en ligne en mettant en \u0153uvre un panier d&rsquo;achat commod\u00e9ment visible qui plane gracieusement \u00e0 l&rsquo;\u00e9cran tandis que les clients parcourent tranquillement une vaste gamme de produits. Cet utilitaire remarquable offre une vaste gamme d&rsquo;options de personnalisation, offrant aux propri\u00e9taires de magasins la flexibilit\u00e9 de r\u00e9gler finement l&rsquo;apparence ext\u00e9rieure du panier, les mod\u00e8les de comportement et les attributs fonctionnels afin de r\u00e9pondre m\u00e9ticuleusement \u00e0 leurs besoins individualistes. By seamlessly integrating the WooCommerce Floating Cart into their online shopping platform, customers are granted unhindered access to a comprehensive overview of their cart&rsquo;s contents, thereby permitting them to effortlessly view and effortlessly modify said contents without disrupting their browsing endeavors or necessitating the arduous process of navigating loin de la page actuelle. Par cons\u00e9quent, ce plugin inestimable contribue \u00e0 la culture d&rsquo;une exp\u00e9rience d&rsquo;achat en ligne plus rationalis\u00e9e et plus transparente, augmentant ainsi les niveaux de satisfaction des clients. De plus, la compatibilit\u00e9 remarquable du plugin avec tous les th\u00e8mes WooCommerce rend son incorporation dans n&rsquo;importe quelle boutique en ligne un ajout sans effort polyvalent et \u00e9minemment pratique.<\/p>\n<ul>\n<li>Widget de chariot flottant personnalisable pour les magasins en ligne WooCommerce<\/li>\n<li>Affiche les images, les noms, les prix et les quantit\u00e9s des produits dans un design \u00e9l\u00e9gant et moderne<\/li>\n<li>Permet aux clients d&rsquo;ajouter ou de supprimer facilement les articles de leur panier sans quitter la page actuelle<\/li>\n<li>Prend en charge la technologie AJAX pour un chargement transparent et rapide des mises \u00e0 jour de CART<\/li>\n<li>La fonctionnalit\u00e9 \u00ab\u00a0Affiche rapide\u00a0\u00bb facultative permet aux clients de pr\u00e9visualiser les d\u00e9tails du produit et de v\u00e9rifier directement \u00e0 partir du panier<\/li>\n<li>Compatible avec tout th\u00e8me WordPress et r\u00e9actif pour les appareils mobiles<\/li>\n<li>S&rsquo;int\u00e8gre aux constructeurs de pages populaires, tels que Elementor et Beaver Builder<\/li>\n<li>Param\u00e8tres flexibles pour ajuster le comportement, l&rsquo;apparence et les effets d&rsquo;animation du panier<\/li>\n<li>Pr\u00e9par\u00e9 pour la traduction pour les magasins multilingues<\/li>\n<li>Interface conviviale et configuration facile sans codage requis.<\/li>\n<\/ul>\n","protected":false},"excerpt":{"rendered":"<p>En int\u00e9grant ce plugin pratique dans votre boutique WooCommerce, vous pouvez incorporer de mani\u00e8re transparente un widget de chariot flottant dynamique qui pr\u00e9sente \u00e0 vos clients la capacit\u00e9 inestimable pour naviguer sans effort et manipuler leurs paniers d&rsquo;achat \u00e0 partir de n&rsquo;importe quelle page Web de votre site. La beaut\u00e9 de cette fonctionnalit\u00e9 r\u00e9side dans ses mises \u00e0 jour en temps r\u00e9el, qui permettent aux clients de voir un reflet instantan\u00e9 des modifications apport\u00e9es \u00e0 leur montant d&rsquo;achat global et \u00e0 leur quantit\u00e9 d&rsquo;article alors qu&rsquo;ils continuent d&rsquo;explorer et de magasiner. En plus de cette caract\u00e9ristique remarquable, le chariot flottant WooCommerce vous accorde un niveau de personnalisation in\u00e9gal\u00e9, vous permettant d&rsquo;adapter m\u00e9ticuleusement sa position, ses couleurs et ses polices afin de s&rsquo;aligner de mani\u00e8re transparente sur le th\u00e8me et l&rsquo;esth\u00e9tique uniques de votre magasin. En fin de compte, en adoptant cet outil innovant, vous am\u00e9liorez non seulement la commodit\u00e9 et la satisfaction de vos pr\u00e9cieux clients, mais aussi pour augmenter consid\u00e9rablement l&rsquo;exp\u00e9rience utilisateur globale de votre estimation de la boutique WooCommerce.<\/p>\n","protected":false},"featured_media":145885,"comment_status":"open","ping_status":"closed","template":"","meta":[],"product_brand":[2435],"product_cat":[1182,1223,1181],"product_tag":[1231],"class_list":{"0":"post-105757","1":"product","2":"type-product","3":"status-publish","4":"has-post-thumbnail","6":"product_brand-codecanyon","7":"product_cat-commerce-electronique-plugins","8":"product_cat-personnalisation-commerce-electronique-plugins","9":"product_cat-plugins","10":"product_tag-codecanyon","11":"member-discount","12":"discount-restricted","14":"first","15":"instock","16":"sale","17":"downloadable","18":"virtual","19":"sold-individually","20":"purchasable","21":"product-type-simple"},"_links":{"self":[{"href":"https:\/\/gpl-love.com\/fr\/wp-json\/wp\/v2\/product\/105757","targetHints":{"allow":["GET"]}}],"collection":[{"href":"https:\/\/gpl-love.com\/fr\/wp-json\/wp\/v2\/product"}],"about":[{"href":"https:\/\/gpl-love.com\/fr\/wp-json\/wp\/v2\/types\/product"}],"replies":[{"embeddable":true,"href":"https:\/\/gpl-love.com\/fr\/wp-json\/wp\/v2\/comments?post=105757"}],"wp:featuredmedia":[{"embeddable":true,"href":"https:\/\/gpl-love.com\/fr\/wp-json\/wp\/v2\/media\/145885"}],"wp:attachment":[{"href":"https:\/\/gpl-love.com\/fr\/wp-json\/wp\/v2\/media?parent=105757"}],"wp:term":[{"taxonomy":"product_brand","embeddable":true,"href":"https:\/\/gpl-love.com\/fr\/wp-json\/wp\/v2\/product_brand?post=105757"},{"taxonomy":"product_cat","embeddable":true,"href":"https:\/\/gpl-love.com\/fr\/wp-json\/wp\/v2\/product_cat?post=105757"},{"taxonomy":"product_tag","embeddable":true,"href":"https:\/\/gpl-love.com\/fr\/wp-json\/wp\/v2\/product_tag?post=105757"}],"curies":[{"name":"wp","href":"https:\/\/api.w.org\/{rel}","templated":true}]}}