{"id":105754,"date":"2026-04-18T00:00:00","date_gmt":"2026-04-17T22:00:00","guid":{"rendered":"http:\/\/gpl-love.com\/fr\/product\/pieces-jointes-woocommerce-e-mail\/"},"modified":"2026-04-19T00:31:10","modified_gmt":"2026-04-18T22:31:10","slug":"woocommerce-email-attachments","status":"publish","type":"product","link":"https:\/\/gpl-love.com\/fr\/produit\/woocommerce-email-attachments\/","title":{"rendered":"WooCommerce Email Attachments 3.2.4"},"content":{"rendered":"<h3>WooCommerce Email Attachments Traits<\/h3>\n<p>Le plugin WooCommerce Email Pi\u00e8ces est un ajout inestimable \u00e0 n&rsquo;importe quelle boutique en ligne, offrant une gamme de fonctionnalit\u00e9s puissantes qui am\u00e9liorent consid\u00e9rablement l&rsquo;exp\u00e9rience client et rationalisent le processus de gestion des commandes. Cette extension exceptionnelle facilite sans effort l&rsquo;inclusion transparente des pi\u00e8ces jointes dans les e-mails WooCommerce, englobant un large \u00e9ventail de documents essentiels tels que les confirmations de commande, les factures et les \u00e9tiquettes d&rsquo;exp\u00e9dition. Avec son interface conviviale et sa conception intuitive, ce plugin permet aux utilisateurs de personnaliser sans effort leurs mod\u00e8les de messagerie et d&rsquo;ajouter sans effort les fichiers dans une myriade de formats, y compris les PDF, les images et les documents, garantissant ainsi la plus grande commodit\u00e9 et l&rsquo;accessibilit\u00e9 pour les clients. En outre, l&rsquo;utilit\u00e9 inimitable de ce plugin transcende les limites de la taille des entreprises, ce qui en fait un outil indispensable pour les propri\u00e9taires de petites entreprises et les grandes entreprises, r\u00e9volutionnant leur exp\u00e9rience client et \u00e9levant leur efficacit\u00e9 de gestion des commandes \u00e0 des sommets sans pr\u00e9c\u00e9dent.<\/p>\n<ul>\n<li>Ajoute la fonctionnalit\u00e9 pour joindre des fichiers aux e-mails de confirmation de commande wooCommerce<\/li>\n<li>Vous permet d&rsquo;envoyer des documents importants tels que les factures, les contrats et les manuels aux clients avec facilit\u00e9<\/li>\n<li>Compatible avec la plupart des types de fichiers, y compris les PDF, les images et les documents Microsoft Office<\/li>\n<li>Param\u00e8tres personnalisables vous permet de choisir les e-mails auxquels joindre des fichiers et les fichiers \u00e0 inclure<\/li>\n<li>Gagnez du temps en automatisant le processus d&rsquo;envoi des pi\u00e8ces jointes aux clients<\/li>\n<li>Am\u00e9liore l&rsquo;exp\u00e9rience client en fournissant toutes les informations n\u00e9cessaires en un seul e-mail pratique<\/li>\n<li>Augmente le professionnalisme et la cr\u00e9dibilit\u00e9 de votre entreprise en livrant rapidement et efficacement des documents importants<\/li>\n<\/ul>\n","protected":false},"excerpt":{"rendered":"<p>L&rsquo;un des outils les plus formidables disponibles pour les utilisateurs de WooCommerce est le plugin de pi\u00e8ces jointes WooCommerce tr\u00e8s efficace, qui donne aux utilisateurs la possibilit\u00e9 d&rsquo;annoncer les pi\u00e8ces jointes personnalis\u00e9es \u00e0 leurs e-mails WooCommerce. En utilisant ce plugin, les marchands en ligne sont en mesure de distribuer sans effort divers documents essentiels, tels que les factures, les re\u00e7us, les manuels de produits et d&rsquo;autres fichiers imp\u00e9ratifs, parall\u00e8lement \u00e0 la confirmation d&rsquo;achat habituelle. Le plugin lui-m\u00eame poss\u00e8de une interface intuitive et offre une vaste gamme d&rsquo;options de personnalisation, permettant aux propri\u00e9taires de magasins d&rsquo;adapter leurs pi\u00e8ces jointes pour r\u00e9pondre \u00e0 leurs besoins sp\u00e9cifiques. De plus, ce plugin remarquable prend en charge un large assortiment de formats de fichiers, ce qui le rend un actif indispensable pour tout propri\u00e9taire de boutique en ligne cherchant \u00e0 \u00e9lever l&rsquo;exp\u00e9rience d&rsquo;achat de leurs clients. Utilisez les capacit\u00e9s remarquables des pi\u00e8ces jointes WooCommerce pour conserver votre pr\u00e9cieuse client\u00e8le bien inform\u00e9e et \u00e9quip\u00e9e de toutes les ressources requises dont ils peuvent avoir besoin.<\/p>\n","protected":false},"featured_media":145876,"comment_status":"open","ping_status":"closed","template":"","meta":[],"product_brand":[2440],"product_cat":[1182,1200,1181],"product_tag":[1398],"class_list":{"0":"post-105754","1":"product","2":"type-product","3":"status-publish","4":"has-post-thumbnail","6":"product_brand-woocommerce","7":"product_cat-commerce-electronique-plugins","8":"product_cat-commercialisation","9":"product_cat-plugins","10":"product_tag-woocommerce","11":"member-discount","12":"discount-restricted","14":"first","15":"instock","16":"sale","17":"downloadable","18":"virtual","19":"sold-individually","20":"purchasable","21":"product-type-simple"},"_links":{"self":[{"href":"https:\/\/gpl-love.com\/fr\/wp-json\/wp\/v2\/product\/105754","targetHints":{"allow":["GET"]}}],"collection":[{"href":"https:\/\/gpl-love.com\/fr\/wp-json\/wp\/v2\/product"}],"about":[{"href":"https:\/\/gpl-love.com\/fr\/wp-json\/wp\/v2\/types\/product"}],"replies":[{"embeddable":true,"href":"https:\/\/gpl-love.com\/fr\/wp-json\/wp\/v2\/comments?post=105754"}],"wp:featuredmedia":[{"embeddable":true,"href":"https:\/\/gpl-love.com\/fr\/wp-json\/wp\/v2\/media\/145876"}],"wp:attachment":[{"href":"https:\/\/gpl-love.com\/fr\/wp-json\/wp\/v2\/media?parent=105754"}],"wp:term":[{"taxonomy":"product_brand","embeddable":true,"href":"https:\/\/gpl-love.com\/fr\/wp-json\/wp\/v2\/product_brand?post=105754"},{"taxonomy":"product_cat","embeddable":true,"href":"https:\/\/gpl-love.com\/fr\/wp-json\/wp\/v2\/product_cat?post=105754"},{"taxonomy":"product_tag","embeddable":true,"href":"https:\/\/gpl-love.com\/fr\/wp-json\/wp\/v2\/product_tag?post=105754"}],"curies":[{"name":"wp","href":"https:\/\/api.w.org\/{rel}","templated":true}]}}