{"id":105752,"date":"2026-02-24T00:00:00","date_gmt":"2026-02-23T23:00:00","guid":{"rendered":"http:\/\/gpl-love.com\/fr\/product\/prix-%e2%80%8b%e2%80%8bwoocommerce-dynamique\/"},"modified":"2026-04-10T18:46:45","modified_gmt":"2026-04-10T16:46:45","slug":"woocommerce-dynamic-pricing","status":"publish","type":"product","link":"https:\/\/gpl-love.com\/fr\/produit\/woocommerce-dynamic-pricing\/","title":{"rendered":"WooCommerce Dynamic Pricing 3.4.12"},"content":{"rendered":"<h3>WooCommerce Dynamic Pricing Traits<\/h3>\n<p>WooCommerce Dynamic Pricing est un plugin exceptionnellement robuste et puissant qui pr\u00e9sente les propri\u00e9taires de magasins en ligne avec la possibilit\u00e9 d&rsquo;incorporer et d&rsquo;ex\u00e9cuter des strat\u00e9gies de tarification flexibles et personnalis\u00e9es. La polyvalence de ce plugin permet de mettre en place de diverses r\u00e8gles de tarification, subordonn\u00e9es \u00e0 une pl\u00e9thore de crit\u00e8res tels que la quantit\u00e9 de produit, le r\u00f4le utilisateur, l&rsquo;historique d&rsquo;achat, l&#8217;emplacement et bien plus encore. De plus, le plugin accorde simultan\u00e9ment la possibilit\u00e9 de proposer des r\u00e9ductions pour des produits, des cat\u00e9gories ou des \u00e9tiquettes d\u00e9sign\u00e9s, ainsi que la capacit\u00e9 de promotion et les ventes de mode qui sont limit\u00e9es par le temps. La convivialit\u00e9 et l&rsquo;adaptabilit\u00e9 de ce plugin ne peuvent pas \u00eatre min\u00e9es, car elle permet \u00e0 l&rsquo;utilisateur une autorit\u00e9 compl\u00e8te sur sa strat\u00e9gie de prix. En utilisant des prix dynamiques WooCommerce, vous d\u00e9voilez le potentiel d&rsquo;optimiser vos ventes et d&rsquo;augmenter la satisfaction des clients en \u00e9tendant les options de tarification personnalis\u00e9es qui s&rsquo;alignent parfaitement avec les besoins et les exigences uniques de vos clients estim\u00e9s.<\/p>\n<ul>\n<li>R\u00e8gles de prix personnalisables en fonction du comportement des clients et de l&rsquo;historique d&rsquo;achat<\/li>\n<li>Prix \u200b\u200b\u00e0 niveau automatique en fonction de la quantit\u00e9 achet\u00e9e<\/li>\n<li>Remises pour des produits ou des cat\u00e9gories sp\u00e9cifiques<\/li>\n<li>Prix \u200b\u200bbas\u00e9 sur les r\u00f4les pour diff\u00e9rents groupes de clients<\/li>\n<li>Prix \u200b\u200bbas\u00e9 sur les horaires pour les ventes saisonni\u00e8res ou promotionnelles<\/li>\n<li>Fonctionne avec plusieurs devises et langues<\/li>\n<li>Mises \u00e0 jour et calculs des prix en temps r\u00e9el<\/li>\n<li>Int\u00e9gration facile avec WooCommerce Store<\/li>\n<li>Compatible avec diverses passerelles de paiement<\/li>\n<li>Interface conviviale pour g\u00e9rer les r\u00e8gles et remises de tarification<\/li>\n<\/ul>\n","protected":false},"excerpt":{"rendered":"<p>La tarification dynamique de WooCommerce, un outil extr\u00eamement puissant pour les marchands de commerce \u00e9lectronique, est sp\u00e9cifiquement con\u00e7u pour permettre la cr\u00e9ation de cadres de tarification hautement adapt\u00e9s et personnalis\u00e9s pour leur vaste gamme de produits. En exploitant les capacit\u00e9s offertes par ce plugin ing\u00e9nieux, les d\u00e9taillants peuvent \u00e9tablir et mettre en \u0153uvre de mani\u00e8re transparente une large gamme de remises, de niveaux de prix et de promotions exclusives, tous m\u00e9ticuleusement bas\u00e9s sur un vaste r\u00e9pertoire de facteurs, tels que des groupes de clients, des mod\u00e8les d&rsquo;achat historiques et le r\u00e9f\u00e9rentiel, et les mod\u00e8les d&rsquo;achat historiques et les mod\u00e8les et les mod\u00e8les d&rsquo;achat historiques et les motifs et le r\u00e9f\u00e9rentiel des facteurs, tels que les groupes de clients, les mod\u00e8les d&rsquo;achat historiques et les motifs et le r\u00e9f\u00e9rentiel de facteurs, tels que les groupes de clients, les mod\u00e8les d&rsquo;achat historiques et les mod\u00e8les et le LE REPERTOIRE DE FACTEURS, COMME CLIENT, LES MOD\u00c8LES HISTORIQUES ET LE DU LES Contenu pr\u00e9cis habitant les paniers d&rsquo;achat virtuels des acheteurs potentiels. Gr\u00e2ce \u00e0 l&rsquo;utilisation astucieuse de cette technologie de pointe, les commer\u00e7ants sont en mesure d&rsquo;inciter efficacement leur client\u00e8le estim\u00e9e \u00e0 se livrer \u00e0 des achats plus fr\u00e9quents et substantiels, favorisant ainsi un sentiment de fid\u00e9lit\u00e9 augment\u00e9 parmi leur base de client\u00e8le et, finalement, renfor\u00e7ant leurs chiffres de vente globaux . Avec une interface impressionnante et conviviale et un \u00e9ventail de contr\u00f4les navigables sans effort \u00e0 sa disposition, il devient clairement clair que l&rsquo;inclusion de la tarification dynamique WooCommerce est sans \u00e9quivoque indispensable pour tout d\u00e9taillant en ligne exigeant pour optimiser minutieusement leur strat\u00e9gie de prix et fortifier leurs efforts commerciaux.<\/p>\n","protected":false},"featured_media":145869,"comment_status":"open","ping_status":"closed","template":"","meta":[],"product_brand":[2440],"product_cat":[1183,1182,1181],"product_tag":[1398],"class_list":{"0":"post-105752","1":"product","2":"type-product","3":"status-publish","4":"has-post-thumbnail","6":"product_brand-woocommerce","7":"product_cat-administration","8":"product_cat-commerce-electronique-plugins","9":"product_cat-plugins","10":"product_tag-woocommerce","11":"member-discount","12":"discount-restricted","14":"first","15":"instock","16":"sale","17":"downloadable","18":"virtual","19":"sold-individually","20":"purchasable","21":"product-type-simple"},"_links":{"self":[{"href":"https:\/\/gpl-love.com\/fr\/wp-json\/wp\/v2\/product\/105752","targetHints":{"allow":["GET"]}}],"collection":[{"href":"https:\/\/gpl-love.com\/fr\/wp-json\/wp\/v2\/product"}],"about":[{"href":"https:\/\/gpl-love.com\/fr\/wp-json\/wp\/v2\/types\/product"}],"replies":[{"embeddable":true,"href":"https:\/\/gpl-love.com\/fr\/wp-json\/wp\/v2\/comments?post=105752"}],"wp:featuredmedia":[{"embeddable":true,"href":"https:\/\/gpl-love.com\/fr\/wp-json\/wp\/v2\/media\/145869"}],"wp:attachment":[{"href":"https:\/\/gpl-love.com\/fr\/wp-json\/wp\/v2\/media?parent=105752"}],"wp:term":[{"taxonomy":"product_brand","embeddable":true,"href":"https:\/\/gpl-love.com\/fr\/wp-json\/wp\/v2\/product_brand?post=105752"},{"taxonomy":"product_cat","embeddable":true,"href":"https:\/\/gpl-love.com\/fr\/wp-json\/wp\/v2\/product_cat?post=105752"},{"taxonomy":"product_tag","embeddable":true,"href":"https:\/\/gpl-love.com\/fr\/wp-json\/wp\/v2\/product_tag?post=105752"}],"curies":[{"name":"wp","href":"https:\/\/api.w.org\/{rel}","templated":true}]}}