{"id":105750,"date":"2026-04-18T00:00:00","date_gmt":"2026-04-17T22:00:00","guid":{"rendered":"http:\/\/gpl-love.com\/fr\/product\/woocommerce-dropshipping\/"},"modified":"2026-04-19T00:31:09","modified_gmt":"2026-04-18T22:31:09","slug":"woocommerce-dropshipping","status":"publish","type":"product","link":"https:\/\/gpl-love.com\/fr\/produit\/woocommerce-dropshipping\/","title":{"rendered":"WooCommerce Dropshipping 5.2.3"},"content":{"rendered":"<h3>WooCommerce Dropshipping Traits<\/h3>\n<p>WooCommerce DropShipping se pr\u00e9sente comme une solution de commerce \u00e9lectronique influente et formidable, offrant aux propri\u00e9taires de magasins en ligne avec la capacit\u00e9 transparente d&rsquo;administrer et de superviser sans effort leur inventaire ainsi que leurs op\u00e9rations logistiques d&rsquo;exp\u00e9dition. Utilisant cette plate-forme innovante, les entreprises sont autoris\u00e9es \u00e0 \u00e9tablir sans effort des connexions avec les fournisseurs tout en automatisant simultan\u00e9ment l&rsquo;accomplissement des produits, rationalisant ainsi l&rsquo;ensemble du processus de commande. Ce plug-in exceptionnel s&rsquo;int\u00e8gre de mani\u00e8re transparente \u00e0 WooCommerce, largement reconnu comme la plate-forme de commerce \u00e9lectronique pr\u00e9\u00e9minente, dominant ainsi les entreprises avec la capacit\u00e9 de proposer un vaste assortiment de produits \u00e0 leur client\u00e8le estim\u00e9e. En outre, cette plate-forme offre \u00e9galement aux utilisateurs l&rsquo;avantage de la gestion des stocks en temps r\u00e9el, le suivi automatis\u00e9 des commandes, en plus d&rsquo;un tableau de bord exceptionnellement convivial, chacun sert \u00e0 am\u00e9liorer la comp\u00e9tence avec laquelle les propri\u00e9taires de magasins peuvent g\u00e9rer et diriger efficacement leurs op\u00e9rations . Par cons\u00e9quent, du point de vue des entreprises cherchant \u00e0 augmenter leur \u00e9ventail de produits et \u00e0 optimiser simultan\u00e9ment leurs processus de r\u00e9alisation de commandes, WooCommerce Dropshipping appara\u00eet comme l&rsquo;incarnation d&rsquo;une solution par excellence.<\/p>\n<ul>\n<li>Une solution simple et efficace pour configurer un magasin de dropshipping \u00e0 l&rsquo;aide de WooCommerce<\/li>\n<li>Importez facilement des produits de votre fournisseur de dropshipping avec seulement quelques clics<\/li>\n<li>Prix \u200b\u200bet balisage des produits personnalisables pour r\u00e9pondre aux besoins de votre entreprise<\/li>\n<li>R\u00e9alisation automatis\u00e9e des commandes et suivi des exp\u00e9ditions pour un processus rationalis\u00e9<\/li>\n<li>Support complet pour plusieurs fournisseurs et gestion des stocks<\/li>\n<li>Fonctionnalit\u00e9s int\u00e9gr\u00e9es telles que les avis et les notes de produits, le partage social et les capacit\u00e9s de vente crois\u00e9e<\/li>\n<li>Outils avanc\u00e9s pour les strat\u00e9gies d&rsquo;optimisation du r\u00e9f\u00e9rencement et de marketing pour g\u00e9n\u00e9rer du trafic et des ventes dans votre magasin<\/li>\n<li>Compatible avec tous les principaux th\u00e8mes et plugins WooCommerce pour l&rsquo;int\u00e9gration et les fonctionnalit\u00e9s transparentes<\/li>\n<li>Conception enti\u00e8rement r\u00e9active et conviviale pour une exp\u00e9rience utilisateur optimale sur n&rsquo;importe quel appareil<\/li>\n<li>Mises \u00e0 jour r\u00e9guli\u00e8res et am\u00e9liorations pour rester \u00e0 jour avec les derni\u00e8res tendances et meilleures pratiques du commerce \u00e9lectronique.<\/li>\n<\/ul>\n","protected":false},"excerpt":{"rendered":"<p>WooCommerce DropShipping, un outil remarquablement puissant, pr\u00e9sente les propri\u00e9taires de magasins en ligne avec l&rsquo;occasion sans effort d&rsquo;\u00e9tablir une entreprise lucrative de dropshipping. Ce plugin ing\u00e9nieux vous permet d&rsquo;importer de mani\u00e8re transparente des marchandises directement \u00e0 partir d&rsquo;un fournisseur et de les colporter efficacement via votre propre emporium virtuel. En vertu de ses attributs remarquables, y compris la synchronisation automatique des stocks, le suivi des commandes et la r\u00e9alisation automatis\u00e9e des commandes, WooCommerce DropShipping rationalise toute l&rsquo;\u00e9preuve DropShipping. Ne perdez pas de temps et commencez votre aventure \u00e0 Dropshipping aujourd&rsquo;hui, se d\u00e9lectant de la recrudescence exponentielle de vos marges b\u00e9n\u00e9ficiaires gracieuset\u00e9 de l&rsquo;exquise de dropshipping WooCommerce.<\/p>\n","protected":false},"featured_media":145867,"comment_status":"open","ping_status":"open","template":"","meta":[],"product_brand":[2440],"product_cat":[1183,1182,1181],"product_tag":[1398],"class_list":{"0":"post-105750","1":"product","2":"type-product","3":"status-publish","4":"has-post-thumbnail","6":"product_brand-woocommerce","7":"product_cat-administration","8":"product_cat-commerce-electronique-plugins","9":"product_cat-plugins","10":"product_tag-woocommerce","11":"member-discount","12":"discount-restricted","14":"first","15":"instock","16":"sale","17":"downloadable","18":"virtual","19":"sold-individually","20":"purchasable","21":"product-type-simple"},"_links":{"self":[{"href":"https:\/\/gpl-love.com\/fr\/wp-json\/wp\/v2\/product\/105750","targetHints":{"allow":["GET"]}}],"collection":[{"href":"https:\/\/gpl-love.com\/fr\/wp-json\/wp\/v2\/product"}],"about":[{"href":"https:\/\/gpl-love.com\/fr\/wp-json\/wp\/v2\/types\/product"}],"replies":[{"embeddable":true,"href":"https:\/\/gpl-love.com\/fr\/wp-json\/wp\/v2\/comments?post=105750"}],"wp:featuredmedia":[{"embeddable":true,"href":"https:\/\/gpl-love.com\/fr\/wp-json\/wp\/v2\/media\/145867"}],"wp:attachment":[{"href":"https:\/\/gpl-love.com\/fr\/wp-json\/wp\/v2\/media?parent=105750"}],"wp:term":[{"taxonomy":"product_brand","embeddable":true,"href":"https:\/\/gpl-love.com\/fr\/wp-json\/wp\/v2\/product_brand?post=105750"},{"taxonomy":"product_cat","embeddable":true,"href":"https:\/\/gpl-love.com\/fr\/wp-json\/wp\/v2\/product_cat?post=105750"},{"taxonomy":"product_tag","embeddable":true,"href":"https:\/\/gpl-love.com\/fr\/wp-json\/wp\/v2\/product_tag?post=105750"}],"curies":[{"name":"wp","href":"https:\/\/api.w.org\/{rel}","templated":true}]}}