{"id":105748,"date":"2025-10-29T00:00:00","date_gmt":"2025-10-28T23:00:00","guid":{"rendered":"http:\/\/gpl-love.com\/fr\/product\/woocommerce-goutte-a-goutte\/"},"modified":"2026-03-20T23:45:23","modified_gmt":"2026-03-20T22:45:23","slug":"woocommerce-drip","status":"publish","type":"product","link":"https:\/\/gpl-love.com\/fr\/produit\/woocommerce-drip\/","title":{"rendered":"WooCommerce Drip 1.3.2"},"content":{"rendered":"<h3>WooCommerce Drip Traits<\/h3>\n<p>WooCommerce Drip est un outil exceptionnellement robuste et influent sp\u00e9cialement con\u00e7u pour r\u00e9pondre aux entreprises de commerce \u00e9lectronique cherchant \u00e0 rationaliser et \u00e0 automatiser leurs campagnes de marketing par e-mail. En tirant parti de la puissance de ce plugin, les propri\u00e9taires de magasins peuvent int\u00e9grer de mani\u00e8re transparente leur magasin WooCommerce avec DRIP, facilitant ainsi la cr\u00e9ation de campagnes de messagerie m\u00e9ticuleusement cibl\u00e9es qui sont sur mesure pour s&rsquo;adapter aux comportements des clients et des histoires d&rsquo;achat. Cette int\u00e9gration transparente permet efficacement aux entreprises de commerce \u00e9lectronique de segmenter syst\u00e9matiquement leurs vastes bases de donn\u00e9es clients, facilitant par la suite la livraison de messages hautement personnalis\u00e9s et engageants, ainsi que de fournir des recommandations de produits inestimables \u00e0 chaque client. De plus, WooCommerce Drip \u00e9tend son utilit\u00e9 en raison de ses capacit\u00e9s de rapports avanc\u00e9es, qui permettent efficacement aux propri\u00e9taires de magasins de suivre et d&rsquo;analyser m\u00e9ticuleusement les performances de leurs campagnes de messagerie. Arm\u00e9s de ces id\u00e9es inestimables, les propri\u00e9taires de magasins sont ensuite en mesure de prendre des d\u00e9cisions \u00e9clair\u00e9es et d&rsquo;ajuster dynamiquement leurs strat\u00e9gies de marketing d&rsquo;une mani\u00e8re qui optimise les r\u00e9sultats. En somme, que l&rsquo;objectif soit ou non pour renforcer les chiffres de vente, cultiver et nourrir la fid\u00e9lit\u00e9 des clients, ou rationaliser et optimiser les efforts de marketing, il est sans \u00e9quivoque \u00e9vident que WooCommerce Drip est un outil indispensable et imp\u00e9ratif qui est une n\u00e9cessit\u00e9 absolue pour tout e- florissant E- commerce commercial.<\/p>\n<ul>\n<li>Connectez votre magasin WooCommerce directement \u00e0 votre compte goutte \u00e0 goutte.<\/li>\n<li>Automatisez vos workflows de marketing par e-mail pour continuer \u00e0 entretenir vos clients.<\/li>\n<li>Synchronisez vos donn\u00e9es clients et vos histoires d&rsquo;achat de WooCommerce \u00e0 Drip.<\/li>\n<li>Configurez les r\u00e8gles personnalis\u00e9es et les d\u00e9clencheurs pour les campagnes de messagerie cibl\u00e9es.<\/li>\n<li>Utilisez les puissantes fonctionnalit\u00e9s de segmentation et de taggage de Drip pour cr\u00e9er des campagnes personnalis\u00e9es.<\/li>\n<li>Alimentez vos revenus avec des courriels automatis\u00e9s de CART abandonn\u00e9s et des campagnes promotionnelles.<\/li>\n<li>Acc\u00e9dez \u00e0 des rapports et des analyses d\u00e9taill\u00e9s pour suivre le succ\u00e8s de vos campagnes.<\/li>\n<li>Int\u00e9grez aux outils de g\u00e9n\u00e9ration de leads populaires comme Optinmonster pour d\u00e9velopper votre liste de diffusion.<\/li>\n<li>Profitez d&rsquo;une configuration sans tracas et d&rsquo;une int\u00e9gration facile avec des instructions faciles \u00e0 suivre.<\/li>\n<\/ul>\n","protected":false},"excerpt":{"rendered":"<p>WooCommerce Drip, un plugin incroyablement robuste, sert d&rsquo;outil inestimable pour automatiser les campagnes de marketing par e-mail de votre magasin de commerce \u00e9lectronique. En int\u00e9grant de mani\u00e8re transparente votre boutique WooCommerce avec DRIP, une plate-forme d&rsquo;automatisation du marketing par e-mail tr\u00e8s appr\u00e9ci\u00e9e, ce plugin vous permet de surveiller m\u00e9ticuleusement le comportement des clients, de personnaliser des campagnes d&rsquo;e-mail et de renforcer efficacement les ventes. Gr\u00e2ce aux merveilles de WooCommerce Drip, vous poss\u00e9dez les moyens d&rsquo;accro\u00eetre les niveaux d&rsquo;engagement des clients et de favoriser la fid\u00e9lit\u00e9 in\u00e9branlable en livrant des e-mails personnalis\u00e9s qui sont enracin\u00e9s dans leurs mod\u00e8les d&rsquo;achat, les instances d&rsquo;abandon des chariots et un \u00e9ventail d&rsquo;autres facteurs pertinents. B\u00e9n\u00e9ficiant d&rsquo;une interface conviviale, ce plugin garantit une exp\u00e9rience transparente, ce qui vous permet de gagner un temps pr\u00e9cieux et de vous permettre d&rsquo;optimiser vos efforts de marketing par e-mail dans leur ma\u00eetrise.<\/p>\n","protected":false},"featured_media":145866,"comment_status":"open","ping_status":"closed","template":"","meta":[],"product_brand":[2440],"product_cat":[1200,1182,1181],"product_tag":[1398],"class_list":{"0":"post-105748","1":"product","2":"type-product","3":"status-publish","4":"has-post-thumbnail","6":"product_brand-woocommerce","7":"product_cat-commercialisation","8":"product_cat-commerce-electronique-plugins","9":"product_cat-plugins","10":"product_tag-woocommerce","11":"member-discount","12":"discount-restricted","14":"first","15":"instock","16":"sale","17":"downloadable","18":"virtual","19":"sold-individually","20":"purchasable","21":"product-type-simple"},"_links":{"self":[{"href":"https:\/\/gpl-love.com\/fr\/wp-json\/wp\/v2\/product\/105748","targetHints":{"allow":["GET"]}}],"collection":[{"href":"https:\/\/gpl-love.com\/fr\/wp-json\/wp\/v2\/product"}],"about":[{"href":"https:\/\/gpl-love.com\/fr\/wp-json\/wp\/v2\/types\/product"}],"replies":[{"embeddable":true,"href":"https:\/\/gpl-love.com\/fr\/wp-json\/wp\/v2\/comments?post=105748"}],"wp:featuredmedia":[{"embeddable":true,"href":"https:\/\/gpl-love.com\/fr\/wp-json\/wp\/v2\/media\/145866"}],"wp:attachment":[{"href":"https:\/\/gpl-love.com\/fr\/wp-json\/wp\/v2\/media?parent=105748"}],"wp:term":[{"taxonomy":"product_brand","embeddable":true,"href":"https:\/\/gpl-love.com\/fr\/wp-json\/wp\/v2\/product_brand?post=105748"},{"taxonomy":"product_cat","embeddable":true,"href":"https:\/\/gpl-love.com\/fr\/wp-json\/wp\/v2\/product_cat?post=105748"},{"taxonomy":"product_tag","embeddable":true,"href":"https:\/\/gpl-love.com\/fr\/wp-json\/wp\/v2\/product_tag?post=105748"}],"curies":[{"name":"wp","href":"https:\/\/api.w.org\/{rel}","templated":true}]}}