{"id":105746,"date":"2026-01-12T00:00:00","date_gmt":"2026-01-11T23:00:00","guid":{"rendered":"http:\/\/gpl-love.com\/fr\/product\/woocommerce-depots-paiements-partiels\/"},"modified":"2026-04-10T18:46:41","modified_gmt":"2026-04-10T16:46:41","slug":"woocommerce-deposits-partial-payments","status":"publish","type":"product","link":"https:\/\/gpl-love.com\/fr\/produit\/woocommerce-deposits-partial-payments\/","title":{"rendered":"WooCommerce Deposits Partial Payments 4.6.10"},"content":{"rendered":"<h3>WooCommerce Deposits Partial Payments Traits<\/h3>\n<p>Le plugin de paiements partiels de d\u00e9p\u00f4ts WooCommerce est un outil incroyablement robuste et avantageux pour les entreprises qui cherchent \u00e0 am\u00e9liorer leurs offres de produits WooCommerce en permettant l&rsquo;acceptation de paiements et de d\u00e9p\u00f4ts partiels. Ce plugin, qui est extr\u00eamement convivial, permet aux clients de lancer sans effort un acompte sur l&rsquo;achat souhait\u00e9, tout en offrant simultan\u00e9ment aux entreprises la possibilit\u00e9 de b\u00e9n\u00e9ficier d&rsquo;un flux de tr\u00e9sorerie accru et d&rsquo;un risque att\u00e9nu\u00e9 de rencontrer des commandes impay\u00e9es. En offrant la possibilit\u00e9 de personnaliser les plans de paiement conform\u00e9ment aux besoins sp\u00e9cifiques de l&rsquo;entreprise et en fournissant aux clients un moyen transparent de surveiller leur calendrier de paiement et les soldes restants, le plugin de paiements partiels de d\u00e9p\u00f4ts WooCommerce assure une exp\u00e9rience v\u00e9ritablement adapt\u00e9e aux deux parties concern\u00e9es. En outre, le plugin propose une gamme de rappels automatis\u00e9s pour inciter les clients \u00e0 remplir leurs obligations de paiement, tout en accordant en outre la flexibilit\u00e9 d&rsquo;annuler ou de rembourser les d\u00e9p\u00f4ts si n\u00e9cessaire. En substance, le plugin de paiement partiel WooCommerce Deposits est une ressource exceptionnellement polyvalente et indispensable pour toute entreprise astucieuse souhaitant optimiser ses ventes et renforcer la satisfaction globale du client.<\/p>\n<ul>\n<li>Permet aux clients de effectuer des paiements partiels sur les produits WooCommerce<\/li>\n<li>Offre aux clients de la flexibilit\u00e9 de payer pour les produits au fil du temps<\/li>\n<li>Aide les entreprises \u00e0 am\u00e9liorer les flux de tr\u00e9sorerie en recevant des paiements progressivement<\/li>\n<li>Facile \u00e0 configurer et \u00e0 mettre en \u0153uvre dans les magasins WooCommerce existants<\/li>\n<li>Offre des plans de d\u00e9p\u00f4t et de paiement personnalisables pour r\u00e9pondre aux besoins commerciaux individuels<\/li>\n<li>Simplifie le suivi et la gestion des paiements pour les entreprises et les clients<\/li>\n<li>Offre une exp\u00e9rience de paiement sans couture aux clients<\/li>\n<li>R\u00e9duit le risque de paiement de paiement et de fraude avec les exigences de d\u00e9p\u00f4t<\/li>\n<li>Compatible avec diverses passerelles de paiement pour des transactions s\u00e9curis\u00e9es et fiables<\/li>\n<li>Am\u00e9liore la satisfaction des clients en offrant des options de paiement abordables.<\/li>\n<\/ul>\n","protected":false},"excerpt":{"rendered":"<p>Les fonctionnalit\u00e9s fournies par le plugin WooCommerce Deposits Partial Payments visent \u00e0 faciliter les clients en effectuant des paiements ou des d\u00e9p\u00f4ts partiels pour leurs commandes en ligne. Cette caract\u00e9ristique particuli\u00e8re s&rsquo;av\u00e8re exceptionnellement avantageuse dans les cas impliquant des produits \u00e0 haut co\u00fbt ou des commandes personnalis\u00e9es, o\u00f9 les clients peuvent \u00eatre confront\u00e9s \u00e0 des limitations ou \u00e0 des r\u00e9servations concernant le paiement initial du montant complet. Notamment, le plugin propose des options de personnalisation approfondies, vous permettant de d\u00e9finir les montants de d\u00e9p\u00f4t, les horaires de paiement et divers autres param\u00e8tres pertinents. En outre, le plugin s&rsquo;int\u00e8gre de mani\u00e8re transparente \u00e0 WooCommerce, garantissant ainsi la gestion sans effort des commandes et des paiements dans le cadre de votre boutique en ligne.<\/p>\n","protected":false},"featured_media":145862,"comment_status":"open","ping_status":"closed","template":"","meta":[],"product_brand":[2435],"product_cat":[1182,1401,1181],"product_tag":[1231],"class_list":{"0":"post-105746","1":"product","2":"type-product","3":"status-publish","4":"has-post-thumbnail","6":"product_brand-codecanyon","7":"product_cat-commerce-electronique-plugins","8":"product_cat-paiement-commerce-electronique-plugins","9":"product_cat-plugins","10":"product_tag-codecanyon","11":"member-discount","12":"discount-restricted","14":"first","15":"instock","16":"sale","17":"downloadable","18":"virtual","19":"sold-individually","20":"purchasable","21":"product-type-simple"},"_links":{"self":[{"href":"https:\/\/gpl-love.com\/fr\/wp-json\/wp\/v2\/product\/105746","targetHints":{"allow":["GET"]}}],"collection":[{"href":"https:\/\/gpl-love.com\/fr\/wp-json\/wp\/v2\/product"}],"about":[{"href":"https:\/\/gpl-love.com\/fr\/wp-json\/wp\/v2\/types\/product"}],"replies":[{"embeddable":true,"href":"https:\/\/gpl-love.com\/fr\/wp-json\/wp\/v2\/comments?post=105746"}],"wp:featuredmedia":[{"embeddable":true,"href":"https:\/\/gpl-love.com\/fr\/wp-json\/wp\/v2\/media\/145862"}],"wp:attachment":[{"href":"https:\/\/gpl-love.com\/fr\/wp-json\/wp\/v2\/media?parent=105746"}],"wp:term":[{"taxonomy":"product_brand","embeddable":true,"href":"https:\/\/gpl-love.com\/fr\/wp-json\/wp\/v2\/product_brand?post=105746"},{"taxonomy":"product_cat","embeddable":true,"href":"https:\/\/gpl-love.com\/fr\/wp-json\/wp\/v2\/product_cat?post=105746"},{"taxonomy":"product_tag","embeddable":true,"href":"https:\/\/gpl-love.com\/fr\/wp-json\/wp\/v2\/product_tag?post=105746"}],"curies":[{"name":"wp","href":"https:\/\/api.w.org\/{rel}","templated":true}]}}