{"id":105744,"date":"2026-04-07T00:00:00","date_gmt":"2026-04-06T22:00:00","guid":{"rendered":"http:\/\/gpl-love.com\/fr\/product\/depots-woocommerce\/"},"modified":"2026-04-10T18:46:40","modified_gmt":"2026-04-10T16:46:40","slug":"woocommerce-deposits","status":"publish","type":"product","link":"https:\/\/gpl-love.com\/fr\/produit\/woocommerce-deposits\/","title":{"rendered":"WooCommerce Deposits 2.4.4"},"content":{"rendered":"<h3>WooCommerce Deposits Traits<\/h3>\n<p>WooCommerce Deposits, un plugin tr\u00e8s robuste, permet aux propri\u00e9taires de magasins en ligne en leur accordant la capacit\u00e9 de proposer leurs clients estim\u00e9s la possibilit\u00e9 de payer un d\u00e9p\u00f4t ou un paiement partiel pour les produits et services. Ce plugin exceptionnel fournit non seulement des alternatives de paiement pratiques et adaptables, mais il facilite \u00e9galement l&rsquo;\u00e9tablissement de plans de paiement et de calendriers divers, tout en s&rsquo;adaptant aux diff\u00e9rentes passerelles de paiement. Les clients ont la s\u00e9lection sans effort entre effectuer un d\u00e9p\u00f4t ou payer en totalit\u00e9, le solde restant devenant d\u00fb \u00e0 une date ult\u00e9rieure. Ce plugin se r\u00e9v\u00e8le \u00eatre un joyau absolu pour les entreprises sp\u00e9cialis\u00e9e dans les marchandises de grande valeur ou les produits personnalis\u00e9s, car il rationalise le processus d&rsquo;achat pour les clients sans imposer un fardeau financier substantiel. De plus, la nature conviviale des d\u00e9p\u00f4ts WooCommerce le rend sans effort personnalisable pour s&rsquo;aligner sur la proc\u00e9dure de marque et de paiement unique du magasin.<\/p>\n<ul>\n<li>Permettez aux clients de placer des d\u00e9p\u00f4ts sur des produits dans votre boutique WooCommerce<\/li>\n<li>D\u00e9finir les montants et les pourcentages de d\u00e9p\u00f4t personnalis\u00e9s pour chaque produit<\/li>\n<li>Les d\u00e9p\u00f4ts peuvent \u00eatre d\u00e9finis comme non remboursables ou peuvent \u00eatre rembours\u00e9s lors d&rsquo;annulation<\/li>\n<li>Gardez une trace des d\u00e9p\u00f4ts des clients et appliquez-les au montant de l&rsquo;achat final<\/li>\n<li>Parfait pour les articles \u00e0 ciel \u00e9lev\u00e9 ou les produits de pr\u00e9commande<\/li>\n<li>Int\u00e9gration compl\u00e8te avec les passerelles de paiement WooCommerce<\/li>\n<li>Messages de d\u00e9p\u00f4t personnalisables et notifications par e-mail pour les clients<\/li>\n<li>Interface conviviale pour les clients et les propri\u00e9taires de magasins.<\/li>\n<\/ul>\n","protected":false},"excerpt":{"rendered":"<p>Le plugin WooCommerce Deposits offre aux propri\u00e9taires de magasins un outil pratique et flexible pour \u00e9tablir des alternatives de paiement de d\u00e9p\u00f4t personnalis\u00e9es pour leurs pr\u00e9cieux clients. En mettant en \u0153uvre ce plugin, les clients ont la libert\u00e9 de soumettre un paiement partiel en tant que d\u00e9p\u00f4t pour leur achat souhait\u00e9, avec la possibilit\u00e9 de r\u00e9gler le solde en cours \u00e0 un moment ult\u00e9rieur. Cette solution remarquable est particuli\u00e8rement avantageuse pour les magasins sp\u00e9cialis\u00e9s dans la vente de marchandises \u00e0 prix \u00e9lev\u00e9 ou ceux qui se livrent \u00e0 des transactions en pr\u00e9commande. En outre, l&rsquo;int\u00e9gration transparente de ce plugin avec la plate-forme WooCommerce assure une utilisation sans effort et une gestion efficace pour les propri\u00e9taires de magasins.<\/p>\n","protected":false},"featured_media":145861,"comment_status":"open","ping_status":"closed","template":"","meta":[],"product_brand":[2440],"product_cat":[1182,1401,1181],"product_tag":[1398],"class_list":{"0":"post-105744","1":"product","2":"type-product","3":"status-publish","4":"has-post-thumbnail","6":"product_brand-woocommerce","7":"product_cat-commerce-electronique-plugins","8":"product_cat-paiement-commerce-electronique-plugins","9":"product_cat-plugins","10":"product_tag-woocommerce","11":"member-discount","12":"discount-restricted","14":"first","15":"instock","16":"sale","17":"downloadable","18":"virtual","19":"sold-individually","20":"purchasable","21":"product-type-simple"},"_links":{"self":[{"href":"https:\/\/gpl-love.com\/fr\/wp-json\/wp\/v2\/product\/105744","targetHints":{"allow":["GET"]}}],"collection":[{"href":"https:\/\/gpl-love.com\/fr\/wp-json\/wp\/v2\/product"}],"about":[{"href":"https:\/\/gpl-love.com\/fr\/wp-json\/wp\/v2\/types\/product"}],"replies":[{"embeddable":true,"href":"https:\/\/gpl-love.com\/fr\/wp-json\/wp\/v2\/comments?post=105744"}],"wp:featuredmedia":[{"embeddable":true,"href":"https:\/\/gpl-love.com\/fr\/wp-json\/wp\/v2\/media\/145861"}],"wp:attachment":[{"href":"https:\/\/gpl-love.com\/fr\/wp-json\/wp\/v2\/media?parent=105744"}],"wp:term":[{"taxonomy":"product_brand","embeddable":true,"href":"https:\/\/gpl-love.com\/fr\/wp-json\/wp\/v2\/product_brand?post=105744"},{"taxonomy":"product_cat","embeddable":true,"href":"https:\/\/gpl-love.com\/fr\/wp-json\/wp\/v2\/product_cat?post=105744"},{"taxonomy":"product_tag","embeddable":true,"href":"https:\/\/gpl-love.com\/fr\/wp-json\/wp\/v2\/product_tag?post=105744"}],"curies":[{"name":"wp","href":"https:\/\/api.w.org\/{rel}","templated":true}]}}