{"id":105742,"date":"2021-11-23T00:00:00","date_gmt":"2021-11-22T23:00:00","guid":{"rendered":"http:\/\/gpl-love.com\/fr\/product\/woocommerce-livraison-espace-pro\/"},"modified":"2026-03-20T23:45:16","modified_gmt":"2026-03-20T22:45:16","slug":"woocommerce-delivery-area-pro","status":"publish","type":"product","link":"https:\/\/gpl-love.com\/fr\/produit\/woocommerce-delivery-area-pro\/","title":{"rendered":"WooCommerce Delivery Area Pro 2.2.4"},"content":{"rendered":"<h3>WooCommerce Delivery Area Pro Traits<\/h3>\n<p>WooCommerce Delivery Area Pro, un plugin tr\u00e8s efficace et robuste, facilite la gestion et la personnalisation pratique des zones de livraison pour les d\u00e9taillants en ligne. Gr\u00e2ce \u00e0 l&rsquo;utilisation de ce plugin, les propri\u00e9taires de magasins poss\u00e8dent la capacit\u00e9 d&rsquo;\u00e9tablir de nombreuses zones de livraison, chacune caract\u00e9ris\u00e9e par des prix et des conditions distincts, ainsi que la possibilit\u00e9 de contraindre l&rsquo;exp\u00e9dition \u00e0 des codes postaux ou des r\u00e9gions sp\u00e9cifiques. De plus, ce plugin est \u00e9quip\u00e9 d&rsquo;un \u00e9diteur de carte extr\u00eamement convivial, ce qui simplifie le dessin et la modification des zones de livraison, en plus d&rsquo;incorporer des fonctionnalit\u00e9s avanc\u00e9es telles que la livraison bas\u00e9e sur le rayon et les exigences de commande minimale. En fin de compte, en adoptant WooCommerce Delivery Area Pro, les d\u00e9taillants en ligne peuvent rationaliser impeccablement leurs proc\u00e9dures d&rsquo;exp\u00e9dition, entra\u00eenant une exp\u00e9rience d&rsquo;achat am\u00e9lior\u00e9e pour leurs pr\u00e9cieux clients.<\/p>\n<ul>\n<li>Vous permet de configurer plusieurs zones de livraison et de d\u00e9finir facilement leurs limites<\/li>\n<li>Peut \u00eatre int\u00e9gr\u00e9 \u00e0 Google Maps pour identifier les emplacements pr\u00e9cis<\/li>\n<li>Calcule automatiquement les frais de livraison en fonction de la distance ou du code postal<\/li>\n<li>Prend en charge les sch\u00e9mas de tarification complexe de livraison (par exemple la livraison gratuite sur un certain montant)<\/li>\n<li>Offre une gamme d&rsquo;options de personnalisation (par exemple, des d\u00e9lais de livraison, des montants de commande minimum)<\/li>\n<li>Fournit une validation en temps r\u00e9el des adresses pour garantir l&rsquo;exactitude et l&rsquo;efficacit\u00e9<\/li>\n<li>Prend en charge la livraison locale et internationale, avec un soutien \u00e0 plusieurs devises<\/li>\n<li>Livr\u00e9 avec une interface intuitive et conviviale pour une configuration et une gestion faciles<\/li>\n<li>Compatible avec une large gamme de th\u00e8mes et plugins WooCommerce<\/li>\n<li>Peut vous aider \u00e0 accro\u00eetre la satisfaction et la fid\u00e9lit\u00e9 des clients en offrant une exp\u00e9rience de livraison plus rationalis\u00e9e et transparente.<\/li>\n<\/ul>\n","protected":false},"excerpt":{"rendered":"<p>Le WooCommerce Delivery Area Pro est un module compl\u00e9mentaire incroyablement robuste qui accorde aux d\u00e9taillants en ligne la possibilit\u00e9 d&rsquo;\u00e9tablir et de contraindre les zones de livraison pour leur marchandise en fonction des codes postaux, des codes postaux ou m\u00eame des polygones personnalis\u00e9s. En utilisant cet outil exceptionnel, on peut configurer sans effort les zones de livraison diverses et les r\u00e9glementations de tarification, \u00e9tendre les services de livraison exclusifs \u00e0 s\u00e9lectionner les r\u00e9gions et fournir aux clients des tarifs d&rsquo;exp\u00e9dition pr\u00e9cis pendant le processus de paiement. Sans aucun doute, cette ressource indispensable est une n\u00e9cessit\u00e9 absolue pour tout magasin WooCommerce visant \u00e0 optimiser et \u00e0 am\u00e9liorer leurs op\u00e9rations de livraison, am\u00e9liorant ainsi la satisfaction globale de leurs pr\u00e9cieux clients.<\/p>\n","protected":false},"featured_media":145858,"comment_status":"open","ping_status":"closed","template":"","meta":[],"product_brand":[2435],"product_cat":[1183,1182,1181],"product_tag":[1231],"class_list":{"0":"post-105742","1":"product","2":"type-product","3":"status-publish","4":"has-post-thumbnail","6":"product_brand-codecanyon","7":"product_cat-administration","8":"product_cat-commerce-electronique-plugins","9":"product_cat-plugins","10":"product_tag-codecanyon","11":"member-discount","12":"discount-restricted","14":"first","15":"instock","16":"sale","17":"downloadable","18":"virtual","19":"sold-individually","20":"purchasable","21":"product-type-simple"},"_links":{"self":[{"href":"https:\/\/gpl-love.com\/fr\/wp-json\/wp\/v2\/product\/105742","targetHints":{"allow":["GET"]}}],"collection":[{"href":"https:\/\/gpl-love.com\/fr\/wp-json\/wp\/v2\/product"}],"about":[{"href":"https:\/\/gpl-love.com\/fr\/wp-json\/wp\/v2\/types\/product"}],"replies":[{"embeddable":true,"href":"https:\/\/gpl-love.com\/fr\/wp-json\/wp\/v2\/comments?post=105742"}],"wp:featuredmedia":[{"embeddable":true,"href":"https:\/\/gpl-love.com\/fr\/wp-json\/wp\/v2\/media\/145858"}],"wp:attachment":[{"href":"https:\/\/gpl-love.com\/fr\/wp-json\/wp\/v2\/media?parent=105742"}],"wp:term":[{"taxonomy":"product_brand","embeddable":true,"href":"https:\/\/gpl-love.com\/fr\/wp-json\/wp\/v2\/product_brand?post=105742"},{"taxonomy":"product_cat","embeddable":true,"href":"https:\/\/gpl-love.com\/fr\/wp-json\/wp\/v2\/product_cat?post=105742"},{"taxonomy":"product_tag","embeddable":true,"href":"https:\/\/gpl-love.com\/fr\/wp-json\/wp\/v2\/product_tag?post=105742"}],"curies":[{"name":"wp","href":"https:\/\/api.w.org\/{rel}","templated":true}]}}