{"id":105740,"date":"2025-07-13T00:00:00","date_gmt":"2025-07-12T22:00:00","guid":{"rendered":"http:\/\/gpl-love.com\/fr\/product\/woocommerce-clients-responsable\/"},"modified":"2026-04-10T18:46:37","modified_gmt":"2026-04-10T16:46:37","slug":"woocommerce-customers-manager","status":"publish","type":"product","link":"https:\/\/gpl-love.com\/fr\/produit\/woocommerce-customers-manager\/","title":{"rendered":"WooCommerce Customers Manager 31.9"},"content":{"rendered":"<h3>WooCommerce Customers Manager Traits<\/h3>\n<p>WooCommerce Custiral Manager offre une pl\u00e9thore de fonctionnalit\u00e9s robustes qui contribuent \u00e0 la gestion efficace de vos relations clients sur votre boutique WooCommerce. Int\u00e9gr\u00e9 de mani\u00e8re transparente dans votre magasin, ce plugin vous permet de visualiser, d&rsquo;\u00e9diter et d&rsquo;ajouter de nouveaux clients sans effort. En outre, il vous permet d&rsquo;acc\u00e9der \u00e0 des d\u00e9tails complets et complexes concernant chaque client, englobant son historique de commande complet, ses sp\u00e9cificit\u00e9s complexes d&rsquo;exp\u00e9dition et de facturation, ainsi que leurs coordonn\u00e9es. Remarquablement, ce plugin tr\u00e8s puissant vous offre la possibilit\u00e9 de filtrer et de rechercher efficacement des clients utilisant divers param\u00e8tres tels que le nom, le courrier \u00e9lectronique ou le num\u00e9ro de commande, facilitant ainsi la r\u00e9cup\u00e9ration rapide des informations pr\u00e9cises dont vous avez besoin. De plus, la fonctionnalit\u00e9 de ce plugin englobe la fourniture de la communication par e-mail et de la cr\u00e9ation de notes directement \u00e0 partir du tableau de bord client, rationalisant ainsi votre flux de travail. De plus, le plugin offre la possibilit\u00e9 d&rsquo;exporter de mani\u00e8re transparente les donn\u00e9es des clients vers un fichier CSV, am\u00e9liorant davantage la commodit\u00e9 et la flexibilit\u00e9 de vos processus de gestion des clients. Avec l&rsquo;assistance inestimable du gestionnaire de clients WooCommerce, vous pouvez r\u00e9guler sans effort vos relations avec les clients et fournir un service exceptionnel \u00e0 votre client\u00e8le estim\u00e9e.<\/p>\n<ul>\n<li>G\u00e9rer les clients dans WooCommerce avec facilit\u00e9 et efficacit\u00e9<\/li>\n<li>Afficher et modifier les informations client \u00e0 partir d&rsquo;une seule interface<\/li>\n<li>Ajouter des notes et des commentaires internes pour chaque client pour une meilleure communication entre les membres de l&rsquo;\u00e9quipe<\/li>\n<li>Filtrez les clients en fonction de divers crit\u00e8res tels que l&rsquo;\u00e9tat de commande, l&#8217;emplacement et l&rsquo;historique d&rsquo;achat<\/li>\n<li>Cr\u00e9er des groupes personnalis\u00e9s et attribuer des clients pour des campagnes de marketing cibl\u00e9es et une communication personnalis\u00e9e<\/li>\n<li>Exporter les donn\u00e9es des clients pour une analyse et une utilisation plus approfondies dans des outils de marketing externes<\/li>\n<li>\u00c9diter des informations client en vrac, telles que le statut et l&rsquo;attribution de groupe<\/li>\n<li>Offrez un meilleur service client en r\u00e9solvant rapidement les probl\u00e8mes et en fournissant des solutions sur mesure en fonction des donn\u00e9es clients<\/li>\n<li>Suivre l&rsquo;activit\u00e9 du client et analyser les tendances pour une meilleure prise de d\u00e9cision<\/li>\n<li>Am\u00e9liorer les taux de r\u00e9tention de la client\u00e8le avec des strat\u00e9gies de marketing et de communication personnalis\u00e9es.<\/li>\n<\/ul>\n","protected":false},"excerpt":{"rendered":"<p>WooCommerce Custiral Manager, un outil exceptionnel et tr\u00e8s efficace m\u00e9ticuleusement con\u00e7u dans le but de g\u00e9rer sans effort vos clients, se pr\u00e9sente comme une solution in\u00e9gal\u00e9e. Ce plugin remarquablement convivial vous offre la possibilit\u00e9 d&rsquo;organiser et de parcourir les donn\u00e9es clients complets de mani\u00e8re transparente, de surveiller m\u00e9ticuleusement leur historique de commandes \u00e9tendu et, \u00e9tonnamment, de construire des rapports sur mesure pour obtenir des informations profondes sur leurs tendances d&rsquo;achat. Avec la mise en \u0153uvre du gestionnaire de clients WooCommerce in\u00e9gal\u00e9, vous serez \u00e9quip\u00e9 d&rsquo;une vaste gamme de ressources indispensables essentielles pour cultiver des connexions robustes avec votre client\u00e8le, am\u00e9liorer vos chiffres de vente et finalement favoriser la croissance exponentielle de votre entreprise. Embarquez dans ce voyage transformateur aujourd&rsquo;hui et assistez de premi\u00e8re main \u00e0 l&rsquo;impact incommensurable qu&rsquo;il aura sur la prosp\u00e9rit\u00e9 de votre estimation de commerce de commerce \u00e9lectronique.<\/p>\n","protected":false},"featured_media":145855,"comment_status":"open","ping_status":"closed","template":"","meta":[],"product_brand":[2435],"product_cat":[1183,1182,1181],"product_tag":[1231],"class_list":{"0":"post-105740","1":"product","2":"type-product","3":"status-publish","4":"has-post-thumbnail","6":"product_brand-codecanyon","7":"product_cat-administration","8":"product_cat-commerce-electronique-plugins","9":"product_cat-plugins","10":"product_tag-codecanyon","11":"member-discount","12":"discount-restricted","14":"first","15":"instock","16":"sale","17":"downloadable","18":"virtual","19":"sold-individually","20":"purchasable","21":"product-type-simple"},"_links":{"self":[{"href":"https:\/\/gpl-love.com\/fr\/wp-json\/wp\/v2\/product\/105740","targetHints":{"allow":["GET"]}}],"collection":[{"href":"https:\/\/gpl-love.com\/fr\/wp-json\/wp\/v2\/product"}],"about":[{"href":"https:\/\/gpl-love.com\/fr\/wp-json\/wp\/v2\/types\/product"}],"replies":[{"embeddable":true,"href":"https:\/\/gpl-love.com\/fr\/wp-json\/wp\/v2\/comments?post=105740"}],"wp:featuredmedia":[{"embeddable":true,"href":"https:\/\/gpl-love.com\/fr\/wp-json\/wp\/v2\/media\/145855"}],"wp:attachment":[{"href":"https:\/\/gpl-love.com\/fr\/wp-json\/wp\/v2\/media?parent=105740"}],"wp:term":[{"taxonomy":"product_brand","embeddable":true,"href":"https:\/\/gpl-love.com\/fr\/wp-json\/wp\/v2\/product_brand?post=105740"},{"taxonomy":"product_cat","embeddable":true,"href":"https:\/\/gpl-love.com\/fr\/wp-json\/wp\/v2\/product_cat?post=105740"},{"taxonomy":"product_tag","embeddable":true,"href":"https:\/\/gpl-love.com\/fr\/wp-json\/wp\/v2\/product_tag?post=105740"}],"curies":[{"name":"wp","href":"https:\/\/api.w.org\/{rel}","templated":true}]}}