{"id":105738,"date":"2025-12-18T00:00:00","date_gmt":"2025-12-17T23:00:00","guid":{"rendered":"http:\/\/gpl-love.com\/fr\/product\/woocommerce-client-commande-coupon-dimportation-csv-suite\/"},"modified":"2026-03-20T23:45:11","modified_gmt":"2026-03-20T22:45:11","slug":"woocommerce-customer-order-coupon-csv-import-suite","status":"publish","type":"product","link":"https:\/\/gpl-love.com\/fr\/produit\/woocommerce-customer-order-coupon-csv-import-suite\/","title":{"rendered":"WooCommerce Customer Order Coupon CSV Import Suite 3.12.5"},"content":{"rendered":"<h3>WooCommerce Customer Order Coupon CSV Import Suite Traits<\/h3>\n<p>Le coupon de commande client WooCommerce CSV CSV Importation est un outil extr\u00eamement robuste et formidable m\u00e9ticuleusement con\u00e7u et con\u00e7u pour optimiser et am\u00e9liorer la gestion des commandes et des coupons clients pour les entreprises. Cette suite compl\u00e8te permet efficacement aux entreprises en facilitant l&rsquo;importation sans effort de commandes et de codes de coupon des fichiers CSV. En cons\u00e9quence, les entreprises peuvent \u00e9conomiser consid\u00e9rablement \u00e0 temps et diminuer simultan\u00e9ment la probabilit\u00e9 de commettre des erreurs. Une caract\u00e9ristique incroyablement remarquable de cette suite est sa capacit\u00e9 in\u00e9gal\u00e9e \u00e0 accueillir et \u00e0 acc\u00e9l\u00e9rer les importations en vrac, ce qui le rend particuli\u00e8rement b\u00e9n\u00e9fique pour les entreprises aux prises avec une vaste client\u00e8le ou \u00e0 se livrer \u00e0 des ventes volumineuses. L&rsquo;interface conviviale et instinctive augmente davantage l&rsquo;exp\u00e9rience utilisateur de la suite, garantissant que la navigation de sa myriade de fonctionnalit\u00e9s et de fonctionnalit\u00e9s est une brise absolue. De plus, la suite s&rsquo;int\u00e8gre parfaitement \u00e0 un large \u00e9ventail de th\u00e8mes WordPress et WooCommerce, consolidant davantage sa compatibilit\u00e9 et sa convivialit\u00e9. Tout bien consid\u00e9r\u00e9, le coupon de commande client WooCommerce CSV CSV IMPORTS est un outil indispensable et par excellence pour tout effort commercial avant-gardiste pour optimiser et rationaliser ses processus de gestion des commandes, ainsi que d&rsquo;am\u00e9liorer l&rsquo;efficacit\u00e9 globale.<\/p>\n<ul>\n<li>Permet l&rsquo;importation rapide et facile de coupons de commande client dans WooCommerce<\/li>\n<li>Gave le temps et les efforts en \u00e9liminant la n\u00e9cessit\u00e9 de cr\u00e9er manuellement des coupons pour chaque commande client<\/li>\n<li>Permet la cr\u00e9ation de coupons personnalis\u00e9s avec des codes uniques et des montants de r\u00e9duction<\/li>\n<li>Importe des coupons avec facilit\u00e9, quel que soit le nombre de commandes en cours<\/li>\n<li>Offre une flexibilit\u00e9 dans le choix des commandes pour appliquer des coupons \u00e0<\/li>\n<li>R\u00e9duit le risque d&rsquo;erreur humaine lors de la cr\u00e9ation manuelle de coupons<\/li>\n<li>Am\u00e9liore la satisfaction des clients en fournissant des coupons opportuns et pr\u00e9cis<\/li>\n<li>Compatible avec une gamme de versions WooCommerce, assurer l&rsquo;accessibilit\u00e9 pour un large \u00e9ventail d&rsquo;utilisateurs<\/li>\n<li>Offre un support client complet et des interfaces conviviales<\/li>\n<li>Offre la tranquillit\u00e9 d&rsquo;esprit en s&rsquo;assurant que tous les coupons import\u00e9s sont correctement appliqu\u00e9s et int\u00e9gr\u00e9s \u00e0 WooCommerce.<\/li>\n<\/ul>\n","protected":false},"excerpt":{"rendered":"<p>Le coupon de commande client WooCommerce CSV Import Suite est un outil incroyablement robuste et efficace qui offre aux utilisateurs la possibilit\u00e9 d&rsquo;importer rapidement et sans effort sans effort les commandes de leurs clients. Cette suite est sp\u00e9cifiquement con\u00e7ue pour att\u00e9nuer le fardeau du travail manuel qui prend du temps en permettant l&rsquo;importation de coupons en vrac. Il est particuli\u00e8rement avantageux pour les d\u00e9taillants en ligne qui souhaitent attirer leurs clients avec des coupons de r\u00e9duction s\u00e9duisants, incitant ainsi les achats futurs. Le processus d&rsquo;importation est simple et transparent, offrant aux utilisateurs la commodit\u00e9 d&rsquo;attribuer sans effort des coupons sp\u00e9cifiques \u00e0 des clients ou \u00e0 des groupes de clients d\u00e9sign\u00e9s. Dans l&rsquo;ensemble, la suite d&rsquo;importation de commandes client WooCommerce CSV est une ressource absolument indispensable pour les d\u00e9taillants en ligne qui cherchent \u00e0 optimiser et \u00e0 am\u00e9liorer l&rsquo;efficacit\u00e9 de leur proc\u00e9dure de gestion des coupons.<\/p>\n","protected":false},"featured_media":145853,"comment_status":"open","ping_status":"closed","template":"","meta":[],"product_brand":[2440],"product_cat":[1183,1182,1181],"product_tag":[1398],"class_list":{"0":"post-105738","1":"product","2":"type-product","3":"status-publish","4":"has-post-thumbnail","6":"product_brand-woocommerce","7":"product_cat-administration","8":"product_cat-commerce-electronique-plugins","9":"product_cat-plugins","10":"product_tag-woocommerce","11":"member-discount","12":"discount-restricted","14":"first","15":"instock","16":"sale","17":"downloadable","18":"virtual","19":"sold-individually","20":"purchasable","21":"product-type-simple"},"_links":{"self":[{"href":"https:\/\/gpl-love.com\/fr\/wp-json\/wp\/v2\/product\/105738","targetHints":{"allow":["GET"]}}],"collection":[{"href":"https:\/\/gpl-love.com\/fr\/wp-json\/wp\/v2\/product"}],"about":[{"href":"https:\/\/gpl-love.com\/fr\/wp-json\/wp\/v2\/types\/product"}],"replies":[{"embeddable":true,"href":"https:\/\/gpl-love.com\/fr\/wp-json\/wp\/v2\/comments?post=105738"}],"wp:featuredmedia":[{"embeddable":true,"href":"https:\/\/gpl-love.com\/fr\/wp-json\/wp\/v2\/media\/145853"}],"wp:attachment":[{"href":"https:\/\/gpl-love.com\/fr\/wp-json\/wp\/v2\/media?parent=105738"}],"wp:term":[{"taxonomy":"product_brand","embeddable":true,"href":"https:\/\/gpl-love.com\/fr\/wp-json\/wp\/v2\/product_brand?post=105738"},{"taxonomy":"product_cat","embeddable":true,"href":"https:\/\/gpl-love.com\/fr\/wp-json\/wp\/v2\/product_cat?post=105738"},{"taxonomy":"product_tag","embeddable":true,"href":"https:\/\/gpl-love.com\/fr\/wp-json\/wp\/v2\/product_tag?post=105738"}],"curies":[{"name":"wp","href":"https:\/\/api.w.org\/{rel}","templated":true}]}}