{"id":105737,"date":"2021-02-09T00:00:00","date_gmt":"2021-02-08T23:00:00","guid":{"rendered":"http:\/\/gpl-love.com\/fr\/product\/woocommerce-histoire-client\/"},"modified":"2026-04-10T18:46:35","modified_gmt":"2026-04-10T16:46:35","slug":"woocommerce-customer-history","status":"publish","type":"product","link":"https:\/\/gpl-love.com\/fr\/produit\/woocommerce-customer-history\/","title":{"rendered":"WooCommerce Customer History 1.2.1"},"content":{"rendered":"<h3>WooCommerce Customer History Traits<\/h3>\n<p>Le plugin d&rsquo;historique client WooCommerce poss\u00e8de une solution globale qui facilite le suivi des achats et des comportements des clients. Cet outil extr\u00eamement puissant permet aux propri\u00e9taires de magasins en ligne d&rsquo;amasser une abondance de donn\u00e9es relatives aux pr\u00e9f\u00e9rences des clients et aux habitudes d&rsquo;achat, leur fournissant ainsi des informations inestimables qui peuvent \u00eatre effectivement exploit\u00e9es pour des campagnes de marketing cibl\u00e9es et un service client personnalis\u00e9. En raison de sa capacit\u00e9 \u00e0 offrir aux propri\u00e9taires de magasins la possibilit\u00e9 de parcourir les commandes pass\u00e9es, les d\u00e9tails des clients et l&rsquo;historique d&rsquo;achat, ce plugin leur permet de faire des promotions et des offres sur mesure de mode qui sont nettement plus r\u00e9sonnantes avec leur client\u00e8le estim\u00e9e. En outre, le plugin d&rsquo;historique client WooCommerce regorge de rapports et d&rsquo;analyses d\u00e9taill\u00e9s, qui servent \u00e0 faciliter l&rsquo;identification facile des tendances et des mod\u00e8les dans le comportement du client. Sans aucun doute, ce plugin est un actif indispensable pour toute boutique en ligne qui aspire \u00e0 am\u00e9liorer l&rsquo;engagement des clients et \u00e0 augmenter les ventes.<\/p>\n<ul>\n<li>Enregistrement d\u00e9taill\u00e9 de l&rsquo;historique d&rsquo;achat des clients dans WooCommerce<\/li>\n<li>Fournit des informations sur les produits achet\u00e9s et les d\u00e9tails de commande, tels que les dates de commande et les m\u00e9thodes de paiement<\/li>\n<li>Peut \u00eatre utilis\u00e9 pour des campagnes de marketing cibl\u00e9es en fonction de l&rsquo;historique des achats<\/li>\n<li>Aide \u00e0 identifier les clients fid\u00e8les et les tendances de vente<\/li>\n<li>Fournit un aper\u00e7u des produits populaires et des strat\u00e9gies de tarification<\/li>\n<li>Aide \u00e0 rationaliser le service client en acc\u00e9dant rapidement aux commandes pass\u00e9es<\/li>\n<li>Peut \u00eatre export\u00e9 vers des applications ou des logiciels externes pour une analyse plus approfondie.<\/li>\n<\/ul>\n","protected":false},"excerpt":{"rendered":"<p>L&rsquo;historique client WooCommerce, un outil exceptionnellement robuste, se pr\u00e9sente comme un moyen efficace de suivre avec diligence et de surveiller m\u00e9ticuleusement le comportement d&rsquo;achat expos\u00e9 par vos clients estim\u00e9s dans votre boutique WooCommerce. Gr\u00e2ce \u00e0 l&rsquo;utilisation de ce plugin innovant, vous \u00eates accord\u00e9 \u00e0 l&rsquo;occasion inestimable de se plonger sans effort dans une richesse de id\u00e9es d\u00e9taill\u00e9es concernant l&rsquo;historique des commandes approfondie de vos clients, leurs pr\u00e9f\u00e9rences de paiement distinctes, ainsi que les d\u00e9tails d&rsquo;exp\u00e9dition complexes. C&rsquo;est gr\u00e2ce \u00e0 cette collection indispensable de donn\u00e9es que vous \u00eates en mesure d&rsquo;augmenter de mani\u00e8re transparente vos efforts de service \u00e0 la client\u00e8le, d&rsquo;adapter de mani\u00e8re experte vos strat\u00e9gies de marketing pour r\u00e9pondre aux besoins idiosyncratiques des clients individuels et concevoir ing\u00e9nieusement des campagnes de vente plus efficaces. En exploitant astucieusement le pouvoir in\u00e9gal\u00e9 d\u00e9gag\u00e9 par l&rsquo;historique des clients WooCommerce, vous \u00eates d\u00fbment habilit\u00e9 \u00e0 glaner une compr\u00e9hension approfondie de votre public cible, propulsant ainsi la croissance exponentielle de vos efforts commerciaux en ligne.<\/p>\n","protected":false},"featured_media":145852,"comment_status":"open","ping_status":"closed","template":"","meta":[],"product_brand":[2440],"product_cat":[1183,1182,1181],"product_tag":[1398],"class_list":{"0":"post-105737","1":"product","2":"type-product","3":"status-publish","4":"has-post-thumbnail","6":"product_brand-woocommerce","7":"product_cat-administration","8":"product_cat-commerce-electronique-plugins","9":"product_cat-plugins","10":"product_tag-woocommerce","11":"member-discount","12":"discount-restricted","14":"first","15":"instock","16":"sale","17":"downloadable","18":"virtual","19":"sold-individually","20":"purchasable","21":"product-type-simple"},"_links":{"self":[{"href":"https:\/\/gpl-love.com\/fr\/wp-json\/wp\/v2\/product\/105737","targetHints":{"allow":["GET"]}}],"collection":[{"href":"https:\/\/gpl-love.com\/fr\/wp-json\/wp\/v2\/product"}],"about":[{"href":"https:\/\/gpl-love.com\/fr\/wp-json\/wp\/v2\/types\/product"}],"replies":[{"embeddable":true,"href":"https:\/\/gpl-love.com\/fr\/wp-json\/wp\/v2\/comments?post=105737"}],"wp:featuredmedia":[{"embeddable":true,"href":"https:\/\/gpl-love.com\/fr\/wp-json\/wp\/v2\/media\/145852"}],"wp:attachment":[{"href":"https:\/\/gpl-love.com\/fr\/wp-json\/wp\/v2\/media?parent=105737"}],"wp:term":[{"taxonomy":"product_brand","embeddable":true,"href":"https:\/\/gpl-love.com\/fr\/wp-json\/wp\/v2\/product_brand?post=105737"},{"taxonomy":"product_cat","embeddable":true,"href":"https:\/\/gpl-love.com\/fr\/wp-json\/wp\/v2\/product_cat?post=105737"},{"taxonomy":"product_tag","embeddable":true,"href":"https:\/\/gpl-love.com\/fr\/wp-json\/wp\/v2\/product_tag?post=105737"}],"curies":[{"name":"wp","href":"https:\/\/api.w.org\/{rel}","templated":true}]}}