{"id":105735,"date":"2021-02-09T00:00:00","date_gmt":"2021-02-08T23:00:00","guid":{"rendered":"http:\/\/gpl-love.com\/fr\/product\/woocommerce-client-commande-xml-export-suite\/"},"modified":"2026-04-10T18:46:34","modified_gmt":"2026-04-10T16:46:34","slug":"woocommerce-customer-order-xml-export-suite","status":"publish","type":"product","link":"https:\/\/gpl-love.com\/fr\/produit\/woocommerce-customer-order-xml-export-suite\/","title":{"rendered":"WooCommerce Customer \/ Order XML Export Suite 2.6.3"},"content":{"rendered":"<h3>WooCommerce Customer \/ Order XML Export Suite Traits<\/h3>\n<p>La suite d&rsquo;exportation XML WooCommerce Customerce XML englobe un \u00e9ventail de fonctionnalit\u00e9s robustes qui permettent aux entreprises d&rsquo;\u00e9tendre sans effort les donn\u00e9es des clients et de commande de leur magasin WooCommerce. Ce plugin extraordinaire est m\u00e9ticuleusement con\u00e7u pour offrir une proc\u00e9dure transparente et rapide pour g\u00e9n\u00e9rer des fichiers XML, qui peuvent \u00eatre exploit\u00e9s \u00e0 diverses fins, notamment la comptabilit\u00e9, la d\u00e9claration fiscale et l&rsquo;analyse des donn\u00e9es. Avec cette suite compl\u00e8te en remorque, les utilisateurs se voient accorder la libert\u00e9 de cordonner des champs de donn\u00e9es sp\u00e9cifiques qui doivent \u00eatre englob\u00e9s dans les fichiers XML export\u00e9s, d&rsquo;\u00e9tablir des exportations automatis\u00e9es sur un calendrier pr\u00e9d\u00e9termin\u00e9 et m\u00eame d&rsquo;adapter le format de sortie conform\u00e9ment \u00e0 leurs exigences uniques. Dans l&rsquo;ensemble, la suite d&rsquo;exportation XML WooCommerce Customer \/ Order est un outil indispensable pour toute entreprise cherchant \u00e0 rationaliser son processus d&rsquo;exportation de donn\u00e9es tout en acqu\u00e9rant des informations pr\u00e9cieuses sur leurs donn\u00e9es client et de commande.<\/p>\n<ul>\n<li>Permet aux utilisateurs d&rsquo;exporter les donn\u00e9es du client et de commander de leur magasin WooCommerce au format XML<\/li>\n<li>Prend en charge l&rsquo;exportation de statuts de commande sp\u00e9cifiques et de gammes de dates<\/li>\n<li>Champs d&rsquo;exportation personnalisables pour les rapports sur mesure<\/li>\n<li>Options de filtrage pratique pour r\u00e9tr\u00e9cir les donn\u00e9es<\/li>\n<li>Compatible avec divers logiciels et plateformes tiers pour une analyse et une int\u00e9gration plus approfondies<\/li>\n<li>Interface simple et conviviale pour une configuration et une utilisation faciles<\/li>\n<li>Mises \u00e0 jour r\u00e9guli\u00e8res et support client pour assurer des fonctionnalit\u00e9s et r\u00e9solution de probl\u00e8mes lisses.<\/li>\n<\/ul>\n","protected":false},"excerpt":{"rendered":"<p>La suite d&rsquo;exportation XML WooCommerce Customer \/ Commande est un outil incroyablement robuste et puissant qui vous offre la commodit\u00e9 et la facilit\u00e9 d&rsquo;exportation des donn\u00e9es des clients et de la commande de votre boutique en ligne. Cette suite vous offre la possibilit\u00e9 de g\u00e9n\u00e9rer sans effort des fichiers XML qui englobent toutes les informations vitales requises pour g\u00e9rer efficacement vos op\u00e9rations de commerce \u00e9lectronique. Que votre objectif soit d&rsquo;examiner en profondeur les tendances des ventes, d&rsquo;ex\u00e9cuter la segmentation du client ou de rester organis\u00e9 avec vos donn\u00e9es commerciales, la suite d&rsquo;exportation XML WooCommerce vous accorde la plus grande flexibilit\u00e9 et contr\u00f4le n\u00e9cessaires pour r\u00e9ussir dans vos efforts. Par cons\u00e9quent, pourquoi retarder plus longtemps? Organisez votre voyage aujourd&rsquo;hui et optimisez vos op\u00e9rations de commerce \u00e9lectronique en impl\u00e9mentant cette solution logicielle remarquable et influente.<\/p>\n","protected":false},"featured_media":145851,"comment_status":"open","ping_status":"closed","template":"","meta":[],"product_brand":[2440],"product_cat":[1183,1182,1181],"product_tag":[1398],"class_list":{"0":"post-105735","1":"product","2":"type-product","3":"status-publish","4":"has-post-thumbnail","6":"product_brand-woocommerce","7":"product_cat-administration","8":"product_cat-commerce-electronique-plugins","9":"product_cat-plugins","10":"product_tag-woocommerce","11":"member-discount","12":"discount-restricted","14":"first","15":"instock","16":"sale","17":"downloadable","18":"virtual","19":"sold-individually","20":"purchasable","21":"product-type-simple"},"_links":{"self":[{"href":"https:\/\/gpl-love.com\/fr\/wp-json\/wp\/v2\/product\/105735","targetHints":{"allow":["GET"]}}],"collection":[{"href":"https:\/\/gpl-love.com\/fr\/wp-json\/wp\/v2\/product"}],"about":[{"href":"https:\/\/gpl-love.com\/fr\/wp-json\/wp\/v2\/types\/product"}],"replies":[{"embeddable":true,"href":"https:\/\/gpl-love.com\/fr\/wp-json\/wp\/v2\/comments?post=105735"}],"wp:featuredmedia":[{"embeddable":true,"href":"https:\/\/gpl-love.com\/fr\/wp-json\/wp\/v2\/media\/145851"}],"wp:attachment":[{"href":"https:\/\/gpl-love.com\/fr\/wp-json\/wp\/v2\/media?parent=105735"}],"wp:term":[{"taxonomy":"product_brand","embeddable":true,"href":"https:\/\/gpl-love.com\/fr\/wp-json\/wp\/v2\/product_brand?post=105735"},{"taxonomy":"product_cat","embeddable":true,"href":"https:\/\/gpl-love.com\/fr\/wp-json\/wp\/v2\/product_cat?post=105735"},{"taxonomy":"product_tag","embeddable":true,"href":"https:\/\/gpl-love.com\/fr\/wp-json\/wp\/v2\/product_tag?post=105735"}],"curies":[{"name":"wp","href":"https:\/\/api.w.org\/{rel}","templated":true}]}}