{"id":105733,"date":"2021-02-09T00:00:00","date_gmt":"2021-02-08T23:00:00","guid":{"rendered":"http:\/\/gpl-love.com\/fr\/product\/woocommerce-champs-personnalises\/"},"modified":"2026-04-10T18:46:33","modified_gmt":"2026-04-10T16:46:33","slug":"woocommerce-custom-fields","status":"publish","type":"product","link":"https:\/\/gpl-love.com\/fr\/produit\/woocommerce-custom-fields\/","title":{"rendered":"WooCommerce Custom Fields 2.3.4"},"content":{"rendered":"<h3>WooCommerce Custom Fields Traits<\/h3>\n<p>Le plugin WooCommerce Custom Fields sert d&rsquo;outil inestimable pour les entreprises visant \u00e0 \u00e9lever leurs pages de produits et \u00e0 fournir aux clients une richesse d&rsquo;informations pr\u00e9cieuses. En offrant aux utilisateurs la capacit\u00e9 de g\u00e9n\u00e9rer et d&rsquo;int\u00e9grer des champs personnalis\u00e9s dans leurs pages de produits WooCommerce, ce plugin s&rsquo;av\u00e8re exceptionnellement avantageux pour les entreprises n\u00e9cessitant l&rsquo;inclusion de d\u00e9tails suppl\u00e9mentaires de produits qui ne sont pas facilement disponibles dans les limites des options de WooCommerce standard. Avec une plus grande facilit\u00e9, les utilisateurs peuvent contenir sans effort les champs concernant les dimensions du produit, le poids et toutes les autres donn\u00e9es distinctives qu&rsquo;ils souhaitent pr\u00e9senter. En outre, ce plugin poss\u00e8de une interface intuitivement conviviale, ce qui le rend sans effort navigable pour des individus d&rsquo;expertise technologique vari\u00e9e. De plus, la remarquable adaptabilit\u00e9 du plugin donne aux utilisateurs la libert\u00e9 d&rsquo;adapter les champs qui s&rsquo;harmonisent avec leur identit\u00e9 de marque et leurs pr\u00e9f\u00e9rences esth\u00e9tiques, ce qui le rend enti\u00e8rement personnalisable. \u00c0 la lumi\u00e8re de ces attributs remarquables, il est \u00e9vident que le plugin WooCommerce Custom Fields appara\u00eet comme un actif indispensable pour les entreprises cherchant \u00e0 augmenter leurs pages de produits et \u00e0 fournir aux clients un r\u00e9f\u00e9rentiel am\u00e9lior\u00e9 d&rsquo;informations inestimables.<\/p>\n<ul>\n<li>Permet d&rsquo;ajouter des champs personnalis\u00e9s aux produits de WooCommerce<\/li>\n<li>Prend en charge divers types d&rsquo;entr\u00e9e tels que le texte, la liste d\u00e9roulante, la case et plus<\/li>\n<li>Les champs personnalis\u00e9s peuvent \u00eatre affich\u00e9s sur la page du produit ou dans les pages CART \/ COSE<\/li>\n<li>Offre la possibilit\u00e9 de d\u00e9finir des valeurs par d\u00e9faut pour les champs personnalis\u00e9s<\/li>\n<li>Offre l&rsquo;option pour fabriquer des champs personnalis\u00e9s requis ou facultatifs<\/li>\n<li>Peut \u00eatre utilis\u00e9 pour collecter des informations suppl\u00e9mentaires aupr\u00e8s des clients lors du paiement<\/li>\n<li>Offre la possibilit\u00e9 de modifier en vrac des champs personnalis\u00e9s pour plusieurs produits<\/li>\n<li>Prend en charge la logique conditionnelle pour afficher des champs personnalis\u00e9s en fonction de certains attributs de produit<\/li>\n<li>Compatible avec les extensions et th\u00e8mes populaires<\/li>\n<li>Facile \u00e0 utiliser et \u00e0 personnaliser sans codage requis.<\/li>\n<\/ul>\n","protected":false},"excerpt":{"rendered":"<p>Le plugin WooCommerce Custom Fields est un outil tr\u00e8s avantageux qui vous permet d&rsquo;incorporer des champs suppl\u00e9mentaires dans diverses sections cruciales, \u00e0 savoir vos pages de produits WooCommerce, votre page de paiement et votre page de commande. Ce plugin remarquable facilite une exp\u00e9rience utilisateur transparente, gracieuset\u00e9 de son interface exceptionnellement intuitive, qui vous permet de personnaliser et d&rsquo;adapter la proc\u00e9dure de paiement de votre magasin conform\u00e9ment aux exigences et pr\u00e9f\u00e9rences distinctes de votre entreprise. En tirant parti des capacit\u00e9s remarquables offertes par WooCommerce Custom Fields, vous pourrez cr\u00e9er et \u00e9tablir des champs personnalis\u00e9s sp\u00e9cifiquement pour vos variations de produits, configurer sans effort des champs sp\u00e9cifiques aux produits, int\u00e9grer de mani\u00e8re transparente des champs suppl\u00e9mentaires dans les d\u00e9tails de votre commande, et bien plus encore. La fonctionnalit\u00e9 in\u00e9gal\u00e9e de ce plugin est certain de r\u00e9volutionner et d&rsquo;optimiser votre processus de paiement, am\u00e9liorant profond\u00e9ment le parcours d&rsquo;achat de vos clients.<\/p>\n","protected":false},"featured_media":145849,"comment_status":"open","ping_status":"closed","template":"","meta":[],"product_brand":[2435],"product_cat":[1183,1182,1181],"product_tag":[1231],"class_list":{"0":"post-105733","1":"product","2":"type-product","3":"status-publish","4":"has-post-thumbnail","6":"product_brand-codecanyon","7":"product_cat-administration","8":"product_cat-commerce-electronique-plugins","9":"product_cat-plugins","10":"product_tag-codecanyon","11":"member-discount","12":"discount-restricted","14":"first","15":"instock","16":"sale","17":"downloadable","18":"virtual","19":"sold-individually","20":"purchasable","21":"product-type-simple"},"_links":{"self":[{"href":"https:\/\/gpl-love.com\/fr\/wp-json\/wp\/v2\/product\/105733","targetHints":{"allow":["GET"]}}],"collection":[{"href":"https:\/\/gpl-love.com\/fr\/wp-json\/wp\/v2\/product"}],"about":[{"href":"https:\/\/gpl-love.com\/fr\/wp-json\/wp\/v2\/types\/product"}],"replies":[{"embeddable":true,"href":"https:\/\/gpl-love.com\/fr\/wp-json\/wp\/v2\/comments?post=105733"}],"wp:featuredmedia":[{"embeddable":true,"href":"https:\/\/gpl-love.com\/fr\/wp-json\/wp\/v2\/media\/145849"}],"wp:attachment":[{"href":"https:\/\/gpl-love.com\/fr\/wp-json\/wp\/v2\/media?parent=105733"}],"wp:term":[{"taxonomy":"product_brand","embeddable":true,"href":"https:\/\/gpl-love.com\/fr\/wp-json\/wp\/v2\/product_brand?post=105733"},{"taxonomy":"product_cat","embeddable":true,"href":"https:\/\/gpl-love.com\/fr\/wp-json\/wp\/v2\/product_cat?post=105733"},{"taxonomy":"product_tag","embeddable":true,"href":"https:\/\/gpl-love.com\/fr\/wp-json\/wp\/v2\/product_tag?post=105733"}],"curies":[{"name":"wp","href":"https:\/\/api.w.org\/{rel}","templated":true}]}}