{"id":105731,"date":"2026-03-18T00:00:00","date_gmt":"2026-03-17T23:00:00","guid":{"rendered":"http:\/\/gpl-love.com\/fr\/product\/woocommerce-monnaie-switcher-woocs\/"},"modified":"2026-04-10T18:46:32","modified_gmt":"2026-04-10T16:46:32","slug":"woocommerce-currency-switcher","status":"publish","type":"product","link":"https:\/\/gpl-love.com\/fr\/produit\/woocommerce-currency-switcher\/","title":{"rendered":"Fox WooCommerce Currency Switcher (WOOCS) 2.4.6"},"content":{"rendered":"<h3>Fox WooCommerce Currency Switcher (WOOCS) Traits<\/h3>\n<p>Le commutateur de devises WooCommerce, qui est \u00e9galement appel\u00e9 WOOCS, est un outil incroyablement robuste qui accorde aux commer\u00e7ants en ligne la possibilit\u00e9 de passer de mani\u00e8re transparente entre plusieurs devises sur leur magasin WooCommerce. Que vous soyez engag\u00e9 dans la vente de produits aux clients dispers\u00e9s dans diff\u00e9rentes r\u00e9gions du monde ou que vous souhaitiez simplement fournir une rencontre d&rsquo;achat plus individualis\u00e9e et sur mesure, les WOOC simplifient la gestion de diverses monnaies et taux de change. Gr\u00e2ce \u00e0 son interface conviviale et \u00e0 ses param\u00e8tres hautement adaptables, ce plugin vous offre la possibilit\u00e9 de personnaliser les options de devises de votre magasin et de pr\u00e9senter les prix d&rsquo;une mani\u00e8re qui s&rsquo;aligne de mani\u00e8re optimale avec les besoins de votre entreprise. En outre, il poss\u00e8de une compatibilit\u00e9 absolue avec de nombreux modules et extensions populaires de WooCommerce, ce qui en fait un atout inestimable pour tout propri\u00e9taire d&rsquo;une boutique en ligne qui cherche \u00e0 augmenter l&rsquo;exp\u00e9rience globale de leurs clients.<\/p>\n<ul>\n<li>WOOCS est un puissant plugin WooCommerce qui permet aux clients de basculer entre les diff\u00e9rentes devises.<\/li>\n<li>Avec les WOOC, les clients peuvent voir les prix des produits dans leur devise pr\u00e9f\u00e9r\u00e9e, en \u00e9vitant la confusion de convertir les prix manuellement.<\/li>\n<li>Les WOOC prennent en charge plus de 200 devises, y compris le bitcoin et d&rsquo;autres crypto-monnaies.<\/li>\n<li>Le plugin d\u00e9tecte automatiquement l&#8217;emplacement d&rsquo;un client et d\u00e9finit la monnaie locale par d\u00e9faut, mais les clients peuvent facilement basculer vers d&rsquo;autres options.<\/li>\n<li>WOOCS permet \u00e9galement aux administrateurs de stocker des prix diff\u00e9rents pour diff\u00e9rentes devises, avec des taux de change personnalisables.<\/li>\n<li>Le plugin s&rsquo;int\u00e8gre parfaitement \u00e0 WooCommerce et \u00e0 d&rsquo;autres th\u00e8mes et plugins WordPress populaires.<\/li>\n<li>WOOCS est conforme au RGPD et enti\u00e8rement r\u00e9actif pour les appareils mobiles et tablettes.<\/li>\n<li>Le plugin est r\u00e9guli\u00e8rement mis \u00e0 jour avec les corrections de bogues et les am\u00e9liorations des fonctionnalit\u00e9s, et le support client est disponible via un portail de support d\u00e9di\u00e9.<\/li>\n<\/ul>\n","protected":false},"excerpt":{"rendered":"<p>WOOCS, un plugin WooCommerce tr\u00e8s robuste et tr\u00e8s riche en fonctionnalit\u00e9s, se pr\u00e9sente comme une solution remarquable, r\u00e9pondant aux besoins dynamiques de votre boutique en ligne, en permettant une commutation de devises sans effort. Ce plugin exceptionnel poss\u00e8de une vaste gamme de plus de 200 devises, vous permettant de personnaliser sans effort les taux de change, garantissant ainsi une exp\u00e9rience d&rsquo;achat vraiment transparente et am\u00e9lior\u00e9e pour les clients qui s&rsquo;\u00e9tendent \u00e0 travers le monde. En outre, cet outil ing\u00e9nieux offre une fonctionnalit\u00e9 remarquable, la d\u00e9tection automatique des devises, qui identifie intuitivement l&#8217;emplacement de l&rsquo;utilisateur, permettant une exp\u00e9rience d&rsquo;achat personnalis\u00e9e. De plus, WOOCS vous permet de montrer les prix inclusifs ou \u00e0 l&rsquo;exclusion des taxes, am\u00e9liorant encore sa polyvalence. De toute \u00e9vidence, les WOOC, caract\u00e9ris\u00e9s par son processus d&rsquo;installation et de configuration convivial, sont un outil indispensable, \u00e9quipant essentiellement toute entreprise en ligne mondiale avec les prouesses n\u00e9cessaires pour prosp\u00e9rer dans la sph\u00e8re num\u00e9rique.<\/p>\n","protected":false},"featured_media":145848,"comment_status":"open","ping_status":"closed","template":"","meta":[],"product_brand":[2435],"product_cat":[1182,1223,1181],"product_tag":[1231],"class_list":{"0":"post-105731","1":"product","2":"type-product","3":"status-publish","4":"has-post-thumbnail","6":"product_brand-codecanyon","7":"product_cat-commerce-electronique-plugins","8":"product_cat-personnalisation-commerce-electronique-plugins","9":"product_cat-plugins","10":"product_tag-codecanyon","11":"member-discount","12":"discount-restricted","14":"first","15":"instock","16":"sale","17":"downloadable","18":"virtual","19":"sold-individually","20":"purchasable","21":"product-type-simple"},"_links":{"self":[{"href":"https:\/\/gpl-love.com\/fr\/wp-json\/wp\/v2\/product\/105731","targetHints":{"allow":["GET"]}}],"collection":[{"href":"https:\/\/gpl-love.com\/fr\/wp-json\/wp\/v2\/product"}],"about":[{"href":"https:\/\/gpl-love.com\/fr\/wp-json\/wp\/v2\/types\/product"}],"replies":[{"embeddable":true,"href":"https:\/\/gpl-love.com\/fr\/wp-json\/wp\/v2\/comments?post=105731"}],"wp:featuredmedia":[{"embeddable":true,"href":"https:\/\/gpl-love.com\/fr\/wp-json\/wp\/v2\/media\/145848"}],"wp:attachment":[{"href":"https:\/\/gpl-love.com\/fr\/wp-json\/wp\/v2\/media?parent=105731"}],"wp:term":[{"taxonomy":"product_brand","embeddable":true,"href":"https:\/\/gpl-love.com\/fr\/wp-json\/wp\/v2\/product_brand?post=105731"},{"taxonomy":"product_cat","embeddable":true,"href":"https:\/\/gpl-love.com\/fr\/wp-json\/wp\/v2\/product_cat?post=105731"},{"taxonomy":"product_tag","embeddable":true,"href":"https:\/\/gpl-love.com\/fr\/wp-json\/wp\/v2\/product_tag?post=105731"}],"curies":[{"name":"wp","href":"https:\/\/api.w.org\/{rel}","templated":true}]}}