{"id":105729,"date":"2026-03-18T00:00:00","date_gmt":"2026-03-17T23:00:00","guid":{"rendered":"http:\/\/gpl-love.com\/fr\/product\/woocommerce-convertisseur-de-devises-widget\/"},"modified":"2026-04-10T18:46:31","modified_gmt":"2026-04-10T16:46:31","slug":"woocommerce-currency-converter-widget","status":"publish","type":"product","link":"https:\/\/gpl-love.com\/fr\/produit\/woocommerce-currency-converter-widget\/","title":{"rendered":"WooCommerce Currency Converter Widget 2.2.7"},"content":{"rendered":"<h3>WooCommerce Currency Converter Widget Traits<\/h3>\n<p>Le widget de convertisseur de devises WooCommerce est un outil extr\u00eamement robuste et efficace qui permet aux propri\u00e9taires de magasins en ligne la possibilit\u00e9 de convertir sans effort et facilement leurs prix de produits en un \u00e9ventail de devises diverses. Ce plugin exceptionnel propose une interface remarquablement conviviale qui permet aux clients de s\u00e9lectionner sans effort leur devise pr\u00e9f\u00e9r\u00e9e, tout en s&rsquo;int\u00e9grant de mani\u00e8re transparente au processus de paiement du magasin. La polyvalence de ce widget est vraiment sans pr\u00e9c\u00e9dent, car elle peut \u00eatre impeccablement personnalis\u00e9e et plac\u00e9e dans un assortiment d&#8217;emplacements sur la page du magasin, garantissant ainsi une visibilit\u00e9 optimale pour les clients. En utilisant ce plugin extraordinaire, les propri\u00e9taires de magasins sont en mesure d&rsquo;\u00e9largir sans effort et efficacement leur client\u00e8le \u00e0 l&rsquo;\u00e9chelle mondiale, ce qui leur permet de fournir une exp\u00e9rience d&rsquo;achat sans pr\u00e9c\u00e9dent et sans effort pour les clients originaires de diverses r\u00e9gions du monde.<\/p>\n<ul>\n<li>Convertit la monnaie affich\u00e9e en devise pr\u00e9f\u00e9r\u00e9e du client<\/li>\n<li>Utilise les taux de change actuels<\/li>\n<li>Peut \u00eatre plac\u00e9 dans n&rsquo;importe quel widget de votre vitrine<\/li>\n<li>Mette \u00e0 jour automatiquement les taux toutes les heures<\/li>\n<li>Montre un drapeau de la devise pour plus de clart\u00e9<\/li>\n<li>Compatible avec tous les th\u00e8mes WooCommerce<\/li>\n<li>Configuration facile sans codage requis<\/li>\n<li>Options de couleurs et de texte hautement personnalisables<\/li>\n<li>Support multilingue<\/li>\n<li>Fonctionne parfaitement avec le processus de paiement de votre magasin<\/li>\n<\/ul>\n","protected":false},"excerpt":{"rendered":"<p>Le widget de convertisseur de devises WooCommerce, \u00e9tant un outil indispensable pour toute plate-forme de commerce \u00e9lectronique, offre un \u00e9ventail d&rsquo;avantages. En incorporant ce widget dans votre boutique en ligne, les clients peuvent convertir sans effort les prix des produits en leur devise locale pr\u00e9f\u00e9r\u00e9e en un simple clic. L&rsquo;int\u00e9gration de ce widget avec votre magasin WooCommerce assure un processus fluide et transparent, car il discerne automatiquement l&#8217;emplacement g\u00e9ographique du client et pr\u00e9sente rapidement la monnaie correspondante. Par cons\u00e9quent, cette entreprise rationalise consid\u00e9rablement l&rsquo;exp\u00e9rience d&rsquo;achat des clients et, \u00e0 son tour, am\u00e9liore la probabilit\u00e9 de conversions, contribuant finalement aux ventes amplifi\u00e9es pour votre entreprise. Ainsi, il n&rsquo;y a pas besoin de retard &#8211; saisissez l&rsquo;opportunit\u00e9 d&rsquo;utiliser le widget de convertisseur de devises WooCommerce remarquable aujourd&rsquo;hui et de propulser votre boutique en ligne \u00e0 des hauteurs sans pr\u00e9c\u00e9dent.<\/p>\n","protected":false},"featured_media":145847,"comment_status":"open","ping_status":"closed","template":"","meta":[],"product_brand":[2440],"product_cat":[1183,1182,1181],"product_tag":[1398],"class_list":{"0":"post-105729","1":"product","2":"type-product","3":"status-publish","4":"has-post-thumbnail","6":"product_brand-woocommerce","7":"product_cat-administration","8":"product_cat-commerce-electronique-plugins","9":"product_cat-plugins","10":"product_tag-woocommerce","11":"member-discount","12":"discount-restricted","14":"first","15":"instock","16":"sale","17":"downloadable","18":"virtual","19":"sold-individually","20":"purchasable","21":"product-type-simple"},"_links":{"self":[{"href":"https:\/\/gpl-love.com\/fr\/wp-json\/wp\/v2\/product\/105729","targetHints":{"allow":["GET"]}}],"collection":[{"href":"https:\/\/gpl-love.com\/fr\/wp-json\/wp\/v2\/product"}],"about":[{"href":"https:\/\/gpl-love.com\/fr\/wp-json\/wp\/v2\/types\/product"}],"replies":[{"embeddable":true,"href":"https:\/\/gpl-love.com\/fr\/wp-json\/wp\/v2\/comments?post=105729"}],"wp:featuredmedia":[{"embeddable":true,"href":"https:\/\/gpl-love.com\/fr\/wp-json\/wp\/v2\/media\/145847"}],"wp:attachment":[{"href":"https:\/\/gpl-love.com\/fr\/wp-json\/wp\/v2\/media?parent=105729"}],"wp:term":[{"taxonomy":"product_brand","embeddable":true,"href":"https:\/\/gpl-love.com\/fr\/wp-json\/wp\/v2\/product_brand?post=105729"},{"taxonomy":"product_cat","embeddable":true,"href":"https:\/\/gpl-love.com\/fr\/wp-json\/wp\/v2\/product_cat?post=105729"},{"taxonomy":"product_tag","embeddable":true,"href":"https:\/\/gpl-love.com\/fr\/wp-json\/wp\/v2\/product_tag?post=105729"}],"curies":[{"name":"wp","href":"https:\/\/api.w.org\/{rel}","templated":true}]}}