{"id":105725,"date":"2026-03-08T00:00:00","date_gmt":"2026-03-07T23:00:00","guid":{"rendered":"http:\/\/gpl-love.com\/fr\/product\/campagnes-woocommerce-__gvirt_np_nn_nnps\/"},"modified":"2026-04-10T18:46:29","modified_gmt":"2026-04-10T16:46:29","slug":"woocommerce-coupon-campaigns","status":"publish","type":"product","link":"https:\/\/gpl-love.com\/fr\/produit\/woocommerce-coupon-campaigns\/","title":{"rendered":"WooCommerce Coupon Campaigns 1.2.33"},"content":{"rendered":"<h3>WooCommerce Coupon Campaigns Traits<\/h3>\n<p>Les campagnes de coupons WooCommerce, un outil robuste con\u00e7u pour les entreprises en ligne cherchant \u00e0 am\u00e9liorer leurs ventes et \u00e0 favoriser la fid\u00e9lit\u00e9 des clients, s&rsquo;av\u00e8re \u00eatre un actif inestimable. En employant ce plugin, les commer\u00e7ants peuvent g\u00e9n\u00e9rer et superviser sans effort les campagnes de coupons personnalis\u00e9es afin d&rsquo;accorder \u00e0 leurs clients divers s\u00e9quences telles que des remises, une exp\u00e9dition compl\u00e9mentaire et d&rsquo;autres avantages s\u00e9duisants. Le plugin offre une pl\u00e9thore de fonctionnalit\u00e9s polyvalentes, permettant aux commer\u00e7ants d&rsquo;\u00e9tablir des valeurs de coupon, de d\u00e9terminer des dates sp\u00e9cifiques de validit\u00e9, d&rsquo;imposer des limites d&rsquo;utilisation et bien plus encore. De plus, les commer\u00e7ants peuvent discerner les performances de la campagne au moyen d&rsquo;analyses et de rapports complets, les permettant ainsi d&rsquo;optimiser leurs strat\u00e9gies et de maximiser leurs rendements sur l&rsquo;investissement. Que vous vous retrouviez \u00e0 vous lancer dans un lancement de produit, \u00e0 vous efforcer d&rsquo;effacer votre inventaire ou de souhaiter r\u00e9compenser votre client\u00e8le d\u00e9vou\u00e9e, les campagnes de coupons WooCommerce pr\u00e9sentent une solution simple et efficace pour renforcer vos revenus et stimuler l&rsquo;engagement client.<\/p>\n<ul>\n<li>Cr\u00e9ez et g\u00e9rez facilement les campagnes de coupons pour votre boutique WooCommerce<\/li>\n<li>D\u00e9finissez les codes de r\u00e9duction personnalis\u00e9s et les r\u00e9ductions pour des produits, des cat\u00e9gories ou des totaux de paniers sp\u00e9cifiques<\/li>\n<li>Planifiez les campagnes pour fonctionner pour des dates et des heures sp\u00e9cifiques<\/li>\n<li>Suivez les performances de vos campagnes de coupons avec Advanced Analytics<\/li>\n<li>Envoyez automatiquement des e-mails pour informer les clients de leurs codes de coupon<\/li>\n<li>Augmenter la fid\u00e9lisation de la client\u00e8le et encourager les achats r\u00e9p\u00e9t\u00e9s avec des promotions cibl\u00e9es<\/li>\n<li>Int\u00e9grez de mani\u00e8re transparente avec votre magasin WooCommerce existant et votre passerelle de paiement<\/li>\n<li>Gagnez du temps et des efforts avec une interface conviviale et intuitive<\/li>\n<li>G\u00e9rez en toute s\u00e9curit\u00e9 vos campagnes de coupons avec des fonctionnalit\u00e9s de s\u00e9curit\u00e9 robustes<\/li>\n<li>B\u00e9n\u00e9ficiez des mises \u00e0 jour et du soutien en cours pour garantir que vos campagnes de coupons restent efficaces et \u00e0 jour.<\/li>\n<\/ul>\n","protected":false},"excerpt":{"rendered":"<p>Passez les ventes de votre magasin WooCommerce au niveau sup\u00e9rieur avec notre plugin de campagnes de coupons tr\u00e8s efficaces! Notre plate-forme conviviale vous offre la capacit\u00e9 incroyable de cr\u00e9er et de g\u00e9rer sans effort sans effort des campagnes de coupons personnalis\u00e9es, strat\u00e9giquement con\u00e7us pour inciter les clients et les encourager \u00e0 faire d&rsquo;autres achats aupr\u00e8s de votre magasin. Vous avez la capacit\u00e9 de d\u00e9terminer personnellement les remises, les dates d&rsquo;expiration, les exigences d&rsquo;achat minimum et divers autres facteurs, garantissant que vos efforts promotionnels sont parfaitement adapt\u00e9s pour r\u00e9pondre aux besoins distincts de votre entreprise unique. De plus, notre plugin exceptionnel s&rsquo;int\u00e8gre de mani\u00e8re transparente \u00e0 votre boutique WooCommerce, garantissant un processus de configuration et de gestion sans tracas et sans tracas pour vos campagnes. \u00c9levez vos chiffres de vente et cultivez une client\u00e8le d\u00e9vou\u00e9e avec les campagnes de coupons extraordinaires!<\/p>\n","protected":false},"featured_media":145845,"comment_status":"open","ping_status":"closed","template":"","meta":[],"product_brand":[2440],"product_cat":[1182,1200,1181],"product_tag":[1398],"class_list":{"0":"post-105725","1":"product","2":"type-product","3":"status-publish","4":"has-post-thumbnail","6":"product_brand-woocommerce","7":"product_cat-commerce-electronique-plugins","8":"product_cat-commercialisation","9":"product_cat-plugins","10":"product_tag-woocommerce","11":"member-discount","12":"discount-restricted","14":"first","15":"instock","16":"sale","17":"downloadable","18":"virtual","19":"sold-individually","20":"purchasable","21":"product-type-simple"},"_links":{"self":[{"href":"https:\/\/gpl-love.com\/fr\/wp-json\/wp\/v2\/product\/105725","targetHints":{"allow":["GET"]}}],"collection":[{"href":"https:\/\/gpl-love.com\/fr\/wp-json\/wp\/v2\/product"}],"about":[{"href":"https:\/\/gpl-love.com\/fr\/wp-json\/wp\/v2\/types\/product"}],"replies":[{"embeddable":true,"href":"https:\/\/gpl-love.com\/fr\/wp-json\/wp\/v2\/comments?post=105725"}],"wp:featuredmedia":[{"embeddable":true,"href":"https:\/\/gpl-love.com\/fr\/wp-json\/wp\/v2\/media\/145845"}],"wp:attachment":[{"href":"https:\/\/gpl-love.com\/fr\/wp-json\/wp\/v2\/media?parent=105725"}],"wp:term":[{"taxonomy":"product_brand","embeddable":true,"href":"https:\/\/gpl-love.com\/fr\/wp-json\/wp\/v2\/product_brand?post=105725"},{"taxonomy":"product_cat","embeddable":true,"href":"https:\/\/gpl-love.com\/fr\/wp-json\/wp\/v2\/product_cat?post=105725"},{"taxonomy":"product_tag","embeddable":true,"href":"https:\/\/gpl-love.com\/fr\/wp-json\/wp\/v2\/product_tag?post=105725"}],"curies":[{"name":"wp","href":"https:\/\/api.w.org\/{rel}","templated":true}]}}