{"id":105723,"date":"2025-12-18T00:00:00","date_gmt":"2025-12-17T23:00:00","guid":{"rendered":"http:\/\/gpl-love.com\/fr\/product\/woocommerce-cout-des-marchandises\/"},"modified":"2026-03-20T23:45:04","modified_gmt":"2026-03-20T22:45:04","slug":"woocommerce-cost-of-goods","status":"publish","type":"product","link":"https:\/\/gpl-love.com\/fr\/produit\/woocommerce-cost-of-goods\/","title":{"rendered":"WooCommerce Cost of Goods 2.15.1"},"content":{"rendered":"<h3>WooCommerce Cost of Goods Traits<\/h3>\n<p>Le plugin WooCommerce Co\u00fbt des marchandises est un outil incroyablement robuste qui vous donne la possibilit\u00e9 de surveiller et de g\u00e9rer avec pr\u00e9cision les co\u00fbts de votre produit directement \u00e0 partir de votre magasin WooCommerce. En utilisant ce plugin, vous pouvez acc\u00e9der sans effort et \u00e9valuer le co\u00fbt des marchandises pour chaque produit individuel, \u00e9tablir les marges b\u00e9n\u00e9ficiaires de votre choix et calculer avec pr\u00e9cision votre b\u00e9n\u00e9fice global. De plus, il propose des rapports approfondis et complets qui vous fournissent des informations pr\u00e9cieuses pour \u00e9valuer vos ventes et d\u00e9penses, vous aidant finalement \u00e0 prendre des d\u00e9cisions commerciales bien inform\u00e9es et strat\u00e9giques. Sans aucun doute, ce plugin est un atout indispensable pour tout propri\u00e9taire de boutique en ligne qui souhaite rationaliser ses processus de gestion des stocks et optimiser leurs b\u00e9n\u00e9fices dans toute la mesure. En mettant en \u0153uvre le plugin WooCommerce Co\u00fbt des marchandises, vous prendrez efficacement les aspects financiers de votre entreprise et obtiendrez sans aucun doute un succ\u00e8s sans pr\u00e9c\u00e9dent sur le vaste march\u00e9 en ligne comp\u00e9titif.<\/p>\n<ul>\n<li>\u25cf Analyse d\u00e9taill\u00e9e du co\u00fbt et de la rentabilit\u00e9 des produits dans WooCommerce<\/li>\n<li>\u25cf Afficher le co\u00fbt des marchandises pour les produits individuels ou les variations SKU<\/li>\n<li>\u25cf Capacit\u00e9 \u00e0 afficher le co\u00fbt total des marchandises vendues pour les gammes de dates sp\u00e9cifi\u00e9es<\/li>\n<li>\u25cf Calculer les marges b\u00e9n\u00e9ficiaires et d\u00e9finir des strat\u00e9gies de tarification bas\u00e9es sur l&rsquo;analyse des co\u00fbts<\/li>\n<li>\u25cf Donn\u00e9es de co\u00fbt d&rsquo;importation \/ exportation facilement pour les mises \u00e0 jour des produits en vrac<\/li>\n<li>\u25cf Compatible avec des extensions populaires telles que les modules compl\u00e9mentaires de produits et les abonnements<\/li>\n<li>\u25cf Int\u00e9gration avec des logiciels comptables populaires tels que QuickBooks et Xero<\/li>\n<li>\u25cf Acc\u00e8s \u00e0 un support premium et \u00e0 des mises \u00e0 jour avec une licence valide.<\/li>\n<\/ul>\n","protected":false},"excerpt":{"rendered":"<p>Le plugin WooCommerce Co\u00fbt des marchandises est un outil indispensable pour les propri\u00e9taires de magasins en ligne qui souhaitent surveiller et r\u00e9guler efficacement leurs co\u00fbts de produit. Cet outil remarquablement puissant accorde des informations compl\u00e8tes sur les d\u00e9penses associ\u00e9es aux marchandises vendues, vous permettant ainsi de prendre des d\u00e9terminations bien inform\u00e9es concernant les strat\u00e9gies de tarification et la gestion des stocks. En ex\u00e9cutant sans effort quelques clics, vous pouvez calculer sans effort des marges b\u00e9n\u00e9ficiaires pr\u00e9cises, examiner les pannes de co\u00fbts sur une base par produit et par cat\u00e9gorie, et int\u00e9grer de mani\u00e8re transparente cet outil avec d&rsquo;autres applications logicielles comptables largement utilis\u00e9es. Rationalisez les aspects op\u00e9rationnels de votre entreprise et optimisez votre potentiel de g\u00e9n\u00e9ration de revenus en exploitant les capacit\u00e9s formidables du co\u00fbt des marchandises WooCommerce.<\/p>\n","protected":false},"featured_media":145844,"comment_status":"open","ping_status":"closed","template":"","meta":[],"product_brand":[2440],"product_cat":[1183,1182,1181],"product_tag":[1398],"class_list":{"0":"post-105723","1":"product","2":"type-product","3":"status-publish","4":"has-post-thumbnail","6":"product_brand-woocommerce","7":"product_cat-administration","8":"product_cat-commerce-electronique-plugins","9":"product_cat-plugins","10":"product_tag-woocommerce","11":"member-discount","12":"discount-restricted","14":"first","15":"instock","16":"sale","17":"downloadable","18":"virtual","19":"sold-individually","20":"purchasable","21":"product-type-simple"},"_links":{"self":[{"href":"https:\/\/gpl-love.com\/fr\/wp-json\/wp\/v2\/product\/105723","targetHints":{"allow":["GET"]}}],"collection":[{"href":"https:\/\/gpl-love.com\/fr\/wp-json\/wp\/v2\/product"}],"about":[{"href":"https:\/\/gpl-love.com\/fr\/wp-json\/wp\/v2\/types\/product"}],"replies":[{"embeddable":true,"href":"https:\/\/gpl-love.com\/fr\/wp-json\/wp\/v2\/comments?post=105723"}],"wp:featuredmedia":[{"embeddable":true,"href":"https:\/\/gpl-love.com\/fr\/wp-json\/wp\/v2\/media\/145844"}],"wp:attachment":[{"href":"https:\/\/gpl-love.com\/fr\/wp-json\/wp\/v2\/media?parent=105723"}],"wp:term":[{"taxonomy":"product_brand","embeddable":true,"href":"https:\/\/gpl-love.com\/fr\/wp-json\/wp\/v2\/product_brand?post=105723"},{"taxonomy":"product_cat","embeddable":true,"href":"https:\/\/gpl-love.com\/fr\/wp-json\/wp\/v2\/product_cat?post=105723"},{"taxonomy":"product_tag","embeddable":true,"href":"https:\/\/gpl-love.com\/fr\/wp-json\/wp\/v2\/product_tag?post=105723"}],"curies":[{"name":"wp","href":"https:\/\/api.w.org\/{rel}","templated":true}]}}