{"id":105721,"date":"2026-02-26T00:00:00","date_gmt":"2026-02-25T23:00:00","guid":{"rendered":"http:\/\/gpl-love.com\/fr\/product\/woocommerce-conditionnelle-et-paiements-expedition\/"},"modified":"2026-04-10T18:46:27","modified_gmt":"2026-04-10T16:46:27","slug":"woocommerce-conditional-shipping-and-payments","status":"publish","type":"product","link":"https:\/\/gpl-love.com\/fr\/produit\/woocommerce-conditional-shipping-and-payments\/","title":{"rendered":"WooCommerce Conditional Shipping et Payments 3.1.0"},"content":{"rendered":"<h3>WooCommerce Conditional Shipping et Payments Traits<\/h3>\n<p>WooCommerce Exp\u00e9dition et paiement conditionnels, un plugin tr\u00e8s puissant, offre une pl\u00e9thore de fonctionnalit\u00e9s qui permettent une configuration sans effort d&rsquo;options d&rsquo;exp\u00e9dition et de paiement bas\u00e9es sur une myriade de conditions. La polyvalence de ce plugin permet aux utilisateurs de g\u00e9n\u00e9rer des r\u00e8gles qui restreignent ou activent des m\u00e9thodes d&rsquo;exp\u00e9dition d\u00e9sign\u00e9es, int\u00e8grent des frais de traitement ou des remises, \u00e9tablir des seuils pour des valeurs de commande minimales ou maximales pour \u00eatre admissibles \u00e0 la livraison gratuite, et m\u00eame \u00e0 limiter les passerelles de paiement en fonction de l&#8217;emplacement du client ou des cat\u00e9gories de produits . En rationalisant le processus de paiement, ce plugin facilite non seulement les clients en concluant rapidement leurs achats, mais permet \u00e9galement aux entreprises de personnaliser les options d&rsquo;exp\u00e9dition et de paiement en fonction de leurs exigences distinctes. Essentiellement, la livraison et les paiements conditionnels de WooCommerce sont un outil indispensable pour les commer\u00e7ants en ligne qui cherchent \u00e0 offrir une exp\u00e9rience de paiement transparente et \u00e0 optimiser leurs proc\u00e9dures d&rsquo;exp\u00e9dition et de paiement.<\/p>\n<ul>\n<li>Configurez facilement les m\u00e9thodes d&rsquo;exp\u00e9dition et de paiement personnalis\u00e9es en fonction de l&#8217;emplacement du client, du contenu des paniers<\/li>\n<li>Offrez la livraison gratuite \u00e0 des pays ou des r\u00e9gions sp\u00e9cifiques<\/li>\n<li>Restreindre certaines m\u00e9thodes de paiement en fonction du total de la commande, du r\u00f4le client ou de la cat\u00e9gorie de produits<\/li>\n<li>Cr\u00e9er des zones d&rsquo;exp\u00e9dition et attribuer des tarifs personnalis\u00e9s \u00e0 chaque zone<\/li>\n<li>Personnaliser les \u00e9tiquettes d&rsquo;exp\u00e9dition et ajouter des informations de suivi pour les clients<\/li>\n<li>Choisissez parmi une vari\u00e9t\u00e9 de passerelles de paiement, y compris PayPal, Stripe et plus<\/li>\n<li>Configurez les passerelles de paiement sp\u00e9cifiques \u00e0 certains groupes ou produits de client\u00e8le<\/li>\n<li>Afficher les messages ou les avertissements personnalis\u00e9s aux clients en fonction de leurs options d&rsquo;exp\u00e9dition ou de paiement s\u00e9lectionn\u00e9es<\/li>\n<li>S&rsquo;int\u00e8gre parfaitement \u00e0 WooCommerce, faisant de la configuration et de la gestion un jeu d&rsquo;enfant<\/li>\n<li>Documentation compl\u00e8te et soutien inclus pour toutes les questions ou probl\u00e8mes<\/li>\n<\/ul>\n","protected":false},"excerpt":{"rendered":"<p>Le plugin WooCommerce Conditional Shipping and Payments est un outil incroyablement robuste qui accorde aux commer\u00e7ants la possibilit\u00e9 d&rsquo;\u00e9tablir des m\u00e9thodes d&rsquo;exp\u00e9dition et de paiement distinctes en fonction d&rsquo;un \u00e9ventail de conditions telles que la destination de l&rsquo;exp\u00e9dition, la valeur globale des articles dans le panier, le sp\u00e9cifique type de produit achet\u00e9 et crit\u00e8res suppl\u00e9mentaires. Ce plugin offre la commodit\u00e9 de l&rsquo;adaptation des r\u00e9glementations d&rsquo;exp\u00e9dition et de paiement pour s&rsquo;aligner parfaitement sur les objectifs de votre entreprise, entra\u00eenant la fourniture d&rsquo;exp\u00e9riences client in\u00e9gal\u00e9es. En outre, sa configuration conviviale fait de la configuration un jeu d&rsquo;enfant, vous permettant d&rsquo;optimiser sans effort votre processus de paiement, de diminuer la survenue de l&rsquo;abandon de la chariot et, en fin de compte, de vos taux de conversion globaux en nouveaux sommets.<\/p>\n","protected":false},"featured_media":145841,"comment_status":"open","ping_status":"closed","template":"","meta":[],"product_brand":[2440],"product_cat":[1182,1401,1181],"product_tag":[1398],"class_list":{"0":"post-105721","1":"product","2":"type-product","3":"status-publish","4":"has-post-thumbnail","6":"product_brand-woocommerce","7":"product_cat-commerce-electronique-plugins","8":"product_cat-paiement-commerce-electronique-plugins","9":"product_cat-plugins","10":"product_tag-woocommerce","11":"member-discount","12":"discount-restricted","14":"first","15":"instock","16":"sale","17":"downloadable","18":"virtual","19":"sold-individually","20":"purchasable","21":"product-type-simple"},"_links":{"self":[{"href":"https:\/\/gpl-love.com\/fr\/wp-json\/wp\/v2\/product\/105721","targetHints":{"allow":["GET"]}}],"collection":[{"href":"https:\/\/gpl-love.com\/fr\/wp-json\/wp\/v2\/product"}],"about":[{"href":"https:\/\/gpl-love.com\/fr\/wp-json\/wp\/v2\/types\/product"}],"replies":[{"embeddable":true,"href":"https:\/\/gpl-love.com\/fr\/wp-json\/wp\/v2\/comments?post=105721"}],"wp:featuredmedia":[{"embeddable":true,"href":"https:\/\/gpl-love.com\/fr\/wp-json\/wp\/v2\/media\/145841"}],"wp:attachment":[{"href":"https:\/\/gpl-love.com\/fr\/wp-json\/wp\/v2\/media?parent=105721"}],"wp:term":[{"taxonomy":"product_brand","embeddable":true,"href":"https:\/\/gpl-love.com\/fr\/wp-json\/wp\/v2\/product_brand?post=105721"},{"taxonomy":"product_cat","embeddable":true,"href":"https:\/\/gpl-love.com\/fr\/wp-json\/wp\/v2\/product_cat?post=105721"},{"taxonomy":"product_tag","embeddable":true,"href":"https:\/\/gpl-love.com\/fr\/wp-json\/wp\/v2\/product_tag?post=105721"}],"curies":[{"name":"wp","href":"https:\/\/api.w.org\/{rel}","templated":true}]}}