{"id":105719,"date":"2026-03-18T00:00:00","date_gmt":"2026-03-17T23:00:00","guid":{"rendered":"http:\/\/gpl-love.com\/fr\/product\/contenu-woocommerce-conditionnelle\/"},"modified":"2026-04-10T18:46:26","modified_gmt":"2026-04-10T16:46:26","slug":"woocommerce-conditional-content","status":"publish","type":"product","link":"https:\/\/gpl-love.com\/fr\/produit\/woocommerce-conditional-content\/","title":{"rendered":"WooCommerce Conditional Content 2.3.9"},"content":{"rendered":"<h3>WooCommerce Conditional Content Traits<\/h3>\n<p>Le contenu conditionnel WooCommerce appara\u00eet comme un plugin extr\u00eamement puissant qui confonde les propri\u00e9taires de magasins en ligne avec la capacit\u00e9 de produire du contenu personnalis\u00e9 et cibl\u00e9 pour leur client\u00e8le contingente de conditions sp\u00e9cifiques. En vertu de ce plugin, on peut fabriquer sans effort des messages, des promotions et des offres sp\u00e9ciales qui sont m\u00e9ticuleusement adapt\u00e9es aux pr\u00e9f\u00e9rences et aux comportements de leurs clients estim\u00e9s. En outre, ce plugin peut \u00e9galement \u00eatre utilis\u00e9 pour limiter l&rsquo;acc\u00e8s au contenu en correspondance avec les r\u00f4les utilisateur, l&rsquo;historique d&rsquo;achat ou d&rsquo;autres champs sur mesure. Notamment flexible et convivial, ce plugin pr\u00e9sente une interface de glisser-d\u00e9poser simpliste, permettant ainsi \u00e0 une r\u00e8gle et des conditions en quelques secondes. Essentiellement, le contenu conditionnel WooCommerce est un instrument indispensable pour tous les propri\u00e9taires de magasins en ligne aspirant \u00e0 augmenter leurs taux d&rsquo;engagement et de conversion des clients.<\/p>\n<ul>\n<li>Offre la possibilit\u00e9 d&rsquo;afficher diff\u00e9rents contenus aux clients en fonction des conditions pr\u00e9d\u00e9finies<\/li>\n<li>Permet des opportunit\u00e9s de messagerie et de promotion cibl\u00e9es<\/li>\n<li>Le contenu conditionnel peut \u00eatre bas\u00e9 sur une vari\u00e9t\u00e9 de param\u00e8tres tels que le r\u00f4le utilisateur, la cat\u00e9gorie de produits, l&rsquo;historique d&rsquo;achat, et plus<\/li>\n<li>Fournit une solution flexible et personnalisable pour fournir un contenu unique \u00e0 des publics sp\u00e9cifiques<\/li>\n<li>Fonctionne de mani\u00e8re transparente avec WooCommerce, la principale plate-forme de commerce \u00e9lectronique pour WordPress<\/li>\n<li>Facile \u00e0 configurer et \u00e0 utiliser avec une interface conviviale<\/li>\n<li>Am\u00e9liore l&rsquo;exp\u00e9rience utilisateur globale et peut entra\u00eener une augmentation de l&rsquo;engagement et des ventes<\/li>\n<li>Compatible avec une large gamme de th\u00e8mes et de plugins pour une flexibilit\u00e9 maximale<\/li>\n<li>Les mises \u00e0 jour et le soutien r\u00e9guliers garantissent que le produit reste \u00e0 jour avec les derni\u00e8res tendances et les meilleures pratiques du commerce \u00e9lectronique<\/li>\n<li>Les options de tarification abordables le rendent accessible pour les entreprises de toutes tailles.<\/li>\n<\/ul>\n","protected":false},"excerpt":{"rendered":"<p>Le contenu conditionnel WooCommerce, un plugin tr\u00e8s robuste, permet aux utilisateurs d&rsquo;exposer un contenu sur mesure sur des produits, des cat\u00e9gories ou des attributs clients distincts. Ce plugin facilite la cr\u00e9ation de messages personnalis\u00e9s, d&rsquo;offres attrayantes et m\u00eame de promotions exclusives exclusives \u00e0 des clients ou des groupes particuliers. Gr\u00e2ce \u00e0 la pr\u00e9sentation approfondie des messages pertinents aux clients individuels pr\u00e9cis\u00e9ment en cas de besoin, on peut am\u00e9liorer de fa\u00e7on exponentielle l&rsquo;engagement, les conversions et, finalement, les ventes. B\u00e9n\u00e9ficiant d&rsquo;une interface conviviale et d&rsquo;une flexibilit\u00e9 remarquable pour la personnalisation, le contenu conditionnel WooCommerce s&rsquo;av\u00e8re sans \u00e9quivoque un outil indispensable pour toute plate-forme de commerce \u00e9lectronique qui s&rsquo;efforce d&rsquo;amplifier \u00e0 la fois les ventes et le contentement client.<\/p>\n","protected":false},"featured_media":145840,"comment_status":"open","ping_status":"closed","template":"","meta":[],"product_brand":[2440],"product_cat":[1183,1182,1181],"product_tag":[1398],"class_list":{"0":"post-105719","1":"product","2":"type-product","3":"status-publish","4":"has-post-thumbnail","6":"product_brand-woocommerce","7":"product_cat-administration","8":"product_cat-commerce-electronique-plugins","9":"product_cat-plugins","10":"product_tag-woocommerce","11":"member-discount","12":"discount-restricted","14":"first","15":"instock","16":"sale","17":"downloadable","18":"virtual","19":"sold-individually","20":"purchasable","21":"product-type-simple"},"_links":{"self":[{"href":"https:\/\/gpl-love.com\/fr\/wp-json\/wp\/v2\/product\/105719","targetHints":{"allow":["GET"]}}],"collection":[{"href":"https:\/\/gpl-love.com\/fr\/wp-json\/wp\/v2\/product"}],"about":[{"href":"https:\/\/gpl-love.com\/fr\/wp-json\/wp\/v2\/types\/product"}],"replies":[{"embeddable":true,"href":"https:\/\/gpl-love.com\/fr\/wp-json\/wp\/v2\/comments?post=105719"}],"wp:featuredmedia":[{"embeddable":true,"href":"https:\/\/gpl-love.com\/fr\/wp-json\/wp\/v2\/media\/145840"}],"wp:attachment":[{"href":"https:\/\/gpl-love.com\/fr\/wp-json\/wp\/v2\/media?parent=105719"}],"wp:term":[{"taxonomy":"product_brand","embeddable":true,"href":"https:\/\/gpl-love.com\/fr\/wp-json\/wp\/v2\/product_brand?post=105719"},{"taxonomy":"product_cat","embeddable":true,"href":"https:\/\/gpl-love.com\/fr\/wp-json\/wp\/v2\/product_cat?post=105719"},{"taxonomy":"product_tag","embeddable":true,"href":"https:\/\/gpl-love.com\/fr\/wp-json\/wp\/v2\/product_tag?post=105719"}],"curies":[{"name":"wp","href":"https:\/\/api.w.org\/{rel}","templated":true}]}}