{"id":105717,"date":"2026-04-30T00:00:00","date_gmt":"2026-04-29T22:00:00","guid":{"rendered":"http:\/\/gpl-love.com\/fr\/product\/woocommerce-produits-composites\/"},"modified":"2026-05-01T06:31:15","modified_gmt":"2026-05-01T04:31:15","slug":"woocommerce-composite-products","status":"publish","type":"product","link":"https:\/\/gpl-love.com\/fr\/produit\/woocommerce-composite-products\/","title":{"rendered":"WooCommerce Composite Products 11.0.6"},"content":{"rendered":"<h3>WooCommerce Composite Products Traits<\/h3>\n<p>Le plugin WooCommerce Composite Products est un outil incroyablement robuste qui permet aux propri\u00e9taires de magasins en ligne des produits de mode qui peuvent \u00eatre personnalis\u00e9s avec plusieurs composants ou options. Ce plugin s&rsquo;int\u00e8gre de mani\u00e8re transparente \u00e0 WooCommerce, accordant ainsi aux propri\u00e9taires de magasins la possibilit\u00e9 de fa\u00e7onner des pages de produits dynamiques qui poss\u00e8dent une interface incroyablement intuitive. \u00c9quip\u00e9s de ce plugin, les marchands en ligne ont la capacit\u00e9 d&rsquo;offrir \u00e0 leurs clients excitants une vaste gamme d&rsquo;options pour leurs produits souhait\u00e9s, englobant un assortiment d&rsquo;attributs tels que les couleurs, les tailles et les mat\u00e9riaux. Cette fonctionnalit\u00e9 remarquable simplifie le processus pour les acheteurs, les permettant de fa\u00e7onner sans effort leur produit id\u00e9al. De plus, WooCommerce Composite Products rationalise la t\u00e2che de la gestion et du suivi des stocks pour les propri\u00e9taires de magasins, garantissant qu&rsquo;ils ne seront jamais victimes des pi\u00e8ges de la survente ou de la fuite de stock. En r\u00e9sum\u00e9, l&rsquo;indispensabilit\u00e9 des produits composites WooCommerce ne peut \u00eatre surestim\u00e9e pour aucune boutique en ligne cherchant \u00e0 offrir \u00e0 sa pr\u00e9cieuse client\u00e8le la possibilit\u00e9 d&rsquo;\u00e9laborer des produits personnalis\u00e9s et de rehausser leur exp\u00e9rience d&rsquo;achat globale.<\/p>\n<ul>\n<li>Cr\u00e9er des produits complexes et personnalisables \u00e0 l&rsquo;aide de produits composites WooCommerce<\/li>\n<li>Combinez plusieurs produits en un seul paquet ou kit personnalisable<\/li>\n<li>Offrez aux clients la possibilit\u00e9 de s\u00e9lectionner parmi diff\u00e9rentes options, couleurs, tailles ou modules compl\u00e9mentaires pour chaque composant du produit composite<\/li>\n<li>Fournir aux clients une vue en temps r\u00e9el de l&rsquo;apparence de leur produit composite lorsqu&rsquo;ils font des s\u00e9lections<\/li>\n<li>D\u00e9finir les r\u00e8gles de tarification pour les composants du produit composite en fonction de la s\u00e9lection ou de la quantit\u00e9<\/li>\n<li>Personnalisez la disposition et la conception du produit pour correspondre \u00e0 votre marque et \u00e0 votre site Web esth\u00e9tique<\/li>\n<li>Int\u00e9grez de mani\u00e8re transparente avec les m\u00e9thodes de paiement et d&rsquo;exp\u00e9dition WooCommerce pour une exp\u00e9rience client fluide<\/li>\n<li>G\u00e9rer et suivre facilement les niveaux d&rsquo;inventaire pour chaque composant du produit composite<\/li>\n<li>Augmentez les ventes et la valeur moyenne des commandes en offrant aux clients une exp\u00e9rience d&rsquo;achat plus personnalis\u00e9e.<\/li>\n<\/ul>\n","protected":false},"excerpt":{"rendered":"<p>WooCommerce Composite Products est un plugin remarquablement sophistiqu\u00e9 m\u00e9ticuleusement con\u00e7u pour aider les entreprises \u00e0 g\u00e9n\u00e9rer des faisceaux de produits sur mesure de la plus grande personnalisation. De mani\u00e8re sans effort, les entreprises sont autoris\u00e9es \u00e0 concevoir des offres de produits sans pr\u00e9c\u00e9dent permettant aux clients d&rsquo;exercer leurs choix exigeants \u00e0 partir d&rsquo;une vaste gamme d&rsquo;options, fabriquant ainsi un ensemble de produits vraiment personnalis\u00e9. Exceptionnellement, ce plugin remarquable s&rsquo;int\u00e8gre de mani\u00e8re transparente \u00e0 WooCommerce, facilitant ainsi la gestion sans effort des commandes, des stocks et des donn\u00e9es clients inestimables. Que vous vous sp\u00e9cialisiez dans la vente de produits tangibles ou intangibles, soyez assur\u00e9 que WooCommerce Composite Products est sur le point d&rsquo;\u00e9lever votre entreprise en g\u00e9rant une exp\u00e9rience de produit vraiment sur mesure pour votre client\u00e8le estim\u00e9e.<\/p>\n","protected":false},"featured_media":145839,"comment_status":"open","ping_status":"closed","template":"","meta":[],"product_brand":[2440],"product_cat":[1183,1182,1181],"product_tag":[1398],"class_list":{"0":"post-105717","1":"product","2":"type-product","3":"status-publish","4":"has-post-thumbnail","6":"product_brand-woocommerce","7":"product_cat-administration","8":"product_cat-commerce-electronique-plugins","9":"product_cat-plugins","10":"product_tag-woocommerce","11":"member-discount","12":"discount-restricted","14":"first","15":"instock","16":"sale","17":"downloadable","18":"virtual","19":"sold-individually","20":"purchasable","21":"product-type-simple"},"_links":{"self":[{"href":"https:\/\/gpl-love.com\/fr\/wp-json\/wp\/v2\/product\/105717","targetHints":{"allow":["GET"]}}],"collection":[{"href":"https:\/\/gpl-love.com\/fr\/wp-json\/wp\/v2\/product"}],"about":[{"href":"https:\/\/gpl-love.com\/fr\/wp-json\/wp\/v2\/types\/product"}],"replies":[{"embeddable":true,"href":"https:\/\/gpl-love.com\/fr\/wp-json\/wp\/v2\/comments?post=105717"}],"wp:featuredmedia":[{"embeddable":true,"href":"https:\/\/gpl-love.com\/fr\/wp-json\/wp\/v2\/media\/145839"}],"wp:attachment":[{"href":"https:\/\/gpl-love.com\/fr\/wp-json\/wp\/v2\/media?parent=105717"}],"wp:term":[{"taxonomy":"product_brand","embeddable":true,"href":"https:\/\/gpl-love.com\/fr\/wp-json\/wp\/v2\/product_brand?post=105717"},{"taxonomy":"product_cat","embeddable":true,"href":"https:\/\/gpl-love.com\/fr\/wp-json\/wp\/v2\/product_cat?post=105717"},{"taxonomy":"product_tag","embeddable":true,"href":"https:\/\/gpl-love.com\/fr\/wp-json\/wp\/v2\/product_tag?post=105717"}],"curies":[{"name":"wp","href":"https:\/\/api.w.org\/{rel}","templated":true}]}}