{"id":105715,"date":"2025-03-31T00:00:00","date_gmt":"2025-03-30T22:00:00","guid":{"rendered":"http:\/\/gpl-love.com\/fr\/product\/woocommerce-commander-champ-editeur\/"},"modified":"2026-04-10T18:46:23","modified_gmt":"2026-04-10T16:46:23","slug":"woocommerce-checkout-field-editor","status":"publish","type":"product","link":"https:\/\/gpl-love.com\/fr\/produit\/woocommerce-checkout-field-editor\/","title":{"rendered":"WooCommerce Checkout Field Editor 1.7.24"},"content":{"rendered":"<h3>WooCommerce Checkout Field Editor Traits<\/h3>\n<p>L&rsquo;\u00e9diteur de terrain de caisse WooCommerce, un outil incroyablement robuste, vous accorde la capacit\u00e9 exceptionnelle pour personnaliser sans effort votre page de paiement. Au moyen de ce plugin extraordinaire, vous poss\u00e9dez la capacit\u00e9 d&rsquo;augmenter, d&rsquo;\u00e9liminer et de r\u00e9organiser les champs, en fa\u00e7onnant ainsi un processus de paiement qui est impeccablement adapt\u00e9 \u00e0 vos exigences pr\u00e9cises. Non seulement cela, mais vous avez \u00e9galement la libert\u00e9 de d\u00e9signer les champs comme obligatoires ou discr\u00e9tionnaires, de modifier les \u00e9tiquettes et les espaces r\u00e9serv\u00e9s de terrain, et, \u00e9tonnamment, g\u00e9n\u00e9rer m\u00eame des champs personnalis\u00e9s avec des r\u00e9glementations de validation personnalis\u00e9es. Ce plugin in\u00e9gal\u00e9 est une solution id\u00e9ale pour les entreprises aspirant \u00e0 rationaliser son processus de paiement et \u00e0 am\u00e9liorer l&rsquo;exp\u00e9rience utilisateur de sa client\u00e8le estim\u00e9e. \u00c9levez le professionnalisme de votre page de paiement et t\u00e9moigne des conversions amplifi\u00e9es \u00e0 travers les capacit\u00e9s remarquables de l&rsquo;\u00e9diteur de terrain de contr\u00f4le WooCommerce.<\/p>\n<ul>\n<li>Fournit une interface conviviale pour la personnalisation des champs de paiement dans WooCommerce<\/li>\n<li>Permet d&rsquo;ajouter, de supprimer et de r\u00e9organiser les champs de paiement sans aucun codage<\/li>\n<li>Prend en charge une large gamme de types de champs, y compris des zones de texte, des bo\u00eetes de s\u00e9lection, des boutons radio et des cases \u00e0 cocher.<\/li>\n<li>Comprend une fonction de glisser-d\u00e9poser pour les champs de r\u00e9organisation rapidement selon les besoins<\/li>\n<li>Prend en charge la logique conditionnelle pour afficher des champs en fonction de produits sp\u00e9cifiques ou d&rsquo;attributs clients<\/li>\n<li>Offre des options de style pour personnaliser l&rsquo;apparence des champs de paiement<\/li>\n<li>S&rsquo;int\u00e8gre parfaitement \u00e0 WooCommerce, assurant un processus de paiement fluide pour les clients<\/li>\n<li>Gave le temps et les efforts en simplifiant le processus de personnalisation des champs de paiement<\/li>\n<li>Offre une documentation et un support approfondis pour aider les utilisateurs \u00e0 tirer le meilleur parti du plugin<\/li>\n<li>Compatible avec les derni\u00e8res versions WordPress et WooCommerce.<\/li>\n<\/ul>\n","protected":false},"excerpt":{"rendered":"<p>L&rsquo;\u00e9diteur de champ de caisse WooCommerce est un outil indispensable pour les entreprises en ligne qui cherchent \u00e0 personnaliser et \u00e0 adapter leur proc\u00e9dure de paiement \u00e0 leurs besoins et pr\u00e9f\u00e9rences sp\u00e9cifiques. En utilisant ce plugin tr\u00e8s efficace et polyvalent, vous avez la possibilit\u00e9 d&rsquo;incorporer, de modifier ou d&rsquo;\u00e9liminer sans effort des champs pr\u00e9sents sur votre page de paiement. Cela vous donne la possibilit\u00e9 de rassembler sans effort les informations pertinentes et cruciales des clients telles que leur adresse d&rsquo;exp\u00e9dition, la date de livraison, les notes suppl\u00e9mentaires, etc. De plus, ce plugin exceptionnel vous offre en outre la capacit\u00e9 de r\u00e9glementer de mani\u00e8re experte la visibilit\u00e9 et la s\u00e9quence desdits champs, garantissant ainsi une exp\u00e9rience de paiement incroyablement fluide et sans couture pour votre client\u00e8le estim\u00e9e. En raison de sa nature conviviale et de sa pratique immense, l&rsquo;\u00e9diteur de terrain de caisse WooCommerce sert d&rsquo;attention inestimable pour faciliter la rationalisation de votre processus de paiement, aboutissant finalement \u00e0 une augmentation marqu\u00e9e des chiffres de vente.<\/p>\n","protected":false},"featured_media":145836,"comment_status":"open","ping_status":"closed","template":"","meta":[],"product_brand":[2440],"product_cat":[1182,1223,1181],"product_tag":[1398],"class_list":{"0":"post-105715","1":"product","2":"type-product","3":"status-publish","4":"has-post-thumbnail","6":"product_brand-woocommerce","7":"product_cat-commerce-electronique-plugins","8":"product_cat-personnalisation-commerce-electronique-plugins","9":"product_cat-plugins","10":"product_tag-woocommerce","11":"member-discount","12":"discount-restricted","14":"first","15":"instock","16":"sale","17":"downloadable","18":"virtual","19":"sold-individually","20":"purchasable","21":"product-type-simple"},"_links":{"self":[{"href":"https:\/\/gpl-love.com\/fr\/wp-json\/wp\/v2\/product\/105715","targetHints":{"allow":["GET"]}}],"collection":[{"href":"https:\/\/gpl-love.com\/fr\/wp-json\/wp\/v2\/product"}],"about":[{"href":"https:\/\/gpl-love.com\/fr\/wp-json\/wp\/v2\/types\/product"}],"replies":[{"embeddable":true,"href":"https:\/\/gpl-love.com\/fr\/wp-json\/wp\/v2\/comments?post=105715"}],"wp:featuredmedia":[{"embeddable":true,"href":"https:\/\/gpl-love.com\/fr\/wp-json\/wp\/v2\/media\/145836"}],"wp:attachment":[{"href":"https:\/\/gpl-love.com\/fr\/wp-json\/wp\/v2\/media?parent=105715"}],"wp:term":[{"taxonomy":"product_brand","embeddable":true,"href":"https:\/\/gpl-love.com\/fr\/wp-json\/wp\/v2\/product_brand?post=105715"},{"taxonomy":"product_cat","embeddable":true,"href":"https:\/\/gpl-love.com\/fr\/wp-json\/wp\/v2\/product_cat?post=105715"},{"taxonomy":"product_tag","embeddable":true,"href":"https:\/\/gpl-love.com\/fr\/wp-json\/wp\/v2\/product_tag?post=105715"}],"curies":[{"name":"wp","href":"https:\/\/api.w.org\/{rel}","templated":true}]}}