{"id":105711,"date":"2025-09-09T00:00:00","date_gmt":"2025-09-08T22:00:00","guid":{"rendered":"http:\/\/gpl-love.com\/fr\/product\/woocommerce-chained-produits\/"},"modified":"2026-04-10T18:46:21","modified_gmt":"2026-04-10T16:46:21","slug":"woocommerce-chained-products","status":"publish","type":"product","link":"https:\/\/gpl-love.com\/fr\/produit\/woocommerce-chained-products\/","title":{"rendered":"WooCommerce Chained Products 3.8.0"},"content":{"rendered":"<h3>WooCommerce Chained Products Traits<\/h3>\n<p>Le plugin de produits WooCommerce Chained, qui poss\u00e8de des fonctionnalit\u00e9s impressionnantes, vous permet de g\u00e9n\u00e9rer des faisceaux de produits et de forger des connexions entre les produits dans votre magasin WooCommerce. En utilisant ce plugin, vous pouvez associer facilement \u00e0 divers produits et les pr\u00e9senter comme un paquet complet ou les proposer comme un forfait \u00e0 acheter collectivement. De plus, le plugin vous offre la possibilit\u00e9 de cr\u00e9er des produits interconnect\u00e9s, dans lequel l&rsquo;acquisition d&rsquo;un produit initie l&rsquo;achat d&rsquo;une autre. Ce plugin exceptionnel est particuli\u00e8rement bien adapt\u00e9 pour les entreprises qui offrent des produits qui se compl\u00e8tent ou aspirent \u00e0 la cos\u00e9lection de leur client\u00e8le estim\u00e9e. De plus, sa nature conviviale et sa configuration sans effort le rendent facilement accessible aux n\u00e9ophytes et aux utilisateurs chevronn\u00e9s. En vous profitant du plugin de produits WooCommerce, vous pouvez augmenter vos chiffres de vente et enrichir le parcours client en leur accordant une gamme \u00e9tendue d&rsquo;options et une valeur accrue pour leur investissement mon\u00e9taire.<\/p>\n<ul>\n<li>Permet aux utilisateurs d&rsquo;acheter plusieurs produits en tant que bundle<\/li>\n<li>Les produits peuvent \u00eatre li\u00e9s entre eux et vendus en tant que colis<\/li>\n<li>Produits crois\u00e9s et s\u00e9lections pour augmenter les ventes<\/li>\n<li>Options de tarification flexibles pour les produits group\u00e9s<\/li>\n<li>Configuration et configuration faciles dans WooCommerce<\/li>\n<li>Compatible avec une vari\u00e9t\u00e9 de th\u00e8mes et plugins WordPress<\/li>\n<li>Offre une exp\u00e9rience d&rsquo;achat sans couture aux clients<\/li>\n<li>Augmente la valeur moyenne des commandes pour les propri\u00e9taires de magasins<\/li>\n<li>Optimise la gestion des stocks en permettant un groupe de produits li\u00e9<\/li>\n<li>Peut \u00eatre utilis\u00e9 pour diff\u00e9rents types de produits group\u00e9s, tels que des kits, des coffrets cadeaux et des bo\u00eetes d&rsquo;abonnement.<\/li>\n<\/ul>\n","protected":false},"excerpt":{"rendered":"<p>Maximisez votre potentiel de vente crois\u00e9e en tirant parti des immenses capacit\u00e9s offertes par le plugin de produits WooCommerce Strained. Cet outil exceptionnellement robuste vous permet d&rsquo;\u00e9tablir sans effort des connexions entre divers produits, permettant la cr\u00e9ation de paquets attrayants qui incitent efficacement les clients \u00e0 se livrer \u00e0 des achats suppl\u00e9mentaires, renfor\u00e7ant ainsi efficacement vos chiffres de vente. S&rsquo;int\u00e9grant de mani\u00e8re transparente avec la plate-forme WooCommerce, ce plugin assure un processus de configuration sans tracas, tout en offrant simultan\u00e9ment des options de personnalisation approfondies qui vous permettent d&rsquo;adapter finement vos produits encha\u00een\u00e9s pour s&rsquo;aligner sur les exigences distinctes de votre entreprise. Que votre objectif principal tourne autour de l&rsquo;augmentation de vos performances de vente ou de l&rsquo;offre de projets et de promotions exclusives \u00e0 votre client\u00e8le estim\u00e9e, la fonctionnalit\u00e9 in\u00e9gal\u00e9e des produits encha\u00een\u00e9s WooCommerce lui rend la solution id\u00e9ale pour tous vos besoins et aspirations.<\/p>\n","protected":false},"featured_media":145833,"comment_status":"open","ping_status":"closed","template":"","meta":[],"product_brand":[2440],"product_cat":[1183,1182,1181],"product_tag":[1398],"class_list":{"0":"post-105711","1":"product","2":"type-product","3":"status-publish","4":"has-post-thumbnail","6":"product_brand-woocommerce","7":"product_cat-administration","8":"product_cat-commerce-electronique-plugins","9":"product_cat-plugins","10":"product_tag-woocommerce","11":"member-discount","12":"discount-restricted","14":"first","15":"instock","16":"sale","17":"downloadable","18":"virtual","19":"sold-individually","20":"purchasable","21":"product-type-simple"},"_links":{"self":[{"href":"https:\/\/gpl-love.com\/fr\/wp-json\/wp\/v2\/product\/105711","targetHints":{"allow":["GET"]}}],"collection":[{"href":"https:\/\/gpl-love.com\/fr\/wp-json\/wp\/v2\/product"}],"about":[{"href":"https:\/\/gpl-love.com\/fr\/wp-json\/wp\/v2\/types\/product"}],"replies":[{"embeddable":true,"href":"https:\/\/gpl-love.com\/fr\/wp-json\/wp\/v2\/comments?post=105711"}],"wp:featuredmedia":[{"embeddable":true,"href":"https:\/\/gpl-love.com\/fr\/wp-json\/wp\/v2\/media\/145833"}],"wp:attachment":[{"href":"https:\/\/gpl-love.com\/fr\/wp-json\/wp\/v2\/media?parent=105711"}],"wp:term":[{"taxonomy":"product_brand","embeddable":true,"href":"https:\/\/gpl-love.com\/fr\/wp-json\/wp\/v2\/product_brand?post=105711"},{"taxonomy":"product_cat","embeddable":true,"href":"https:\/\/gpl-love.com\/fr\/wp-json\/wp\/v2\/product_cat?post=105711"},{"taxonomy":"product_tag","embeddable":true,"href":"https:\/\/gpl-love.com\/fr\/wp-json\/wp\/v2\/product_tag?post=105711"}],"curies":[{"name":"wp","href":"https:\/\/api.w.org\/{rel}","templated":true}]}}