{"id":105709,"date":"2025-12-18T00:00:00","date_gmt":"2025-12-17T23:00:00","guid":{"rendered":"http:\/\/gpl-love.com\/fr\/product\/avis-woocommerce-panier\/"},"modified":"2026-03-20T23:44:50","modified_gmt":"2026-03-20T22:44:50","slug":"woocommerce-cart-notices","status":"publish","type":"product","link":"https:\/\/gpl-love.com\/fr\/produit\/woocommerce-cart-notices\/","title":{"rendered":"WooCommerce Cart Notices 1.16.3"},"content":{"rendered":"<h3>WooCommerce Cart Notices Traits<\/h3>\n<p>WooCommerce Cart Notices est un plugin incroyablement robuste et tr\u00e8s efficace qui offre un large \u00e9ventail de fonctionnalit\u00e9s aux propri\u00e9taires de magasins en ligne, leur permettant d&rsquo;incorporer de mani\u00e8re transparente des avis personnalis\u00e9s dans leur panier. En utilisant ce plugin exceptionnel, vous avez la possibilit\u00e9 de fa\u00e7onner des messages sur mesure qui seront affich\u00e9s en \u00e9vidence \u00e0 vos pr\u00e9cieux clients, et la meilleure partie est que ces messages peuvent \u00eatre enti\u00e8rement personnalis\u00e9s en fonction de divers facteurs tels que le contenu de leur panier, Le sous-total de leur commande, leur emplacement d&rsquo;exp\u00e9dition et bien plus encore. De plus, vous poss\u00e9dez la capacit\u00e9 de g\u00e9n\u00e9rer plusieurs avis et d&rsquo;\u00e9tablir des conditions sp\u00e9cifiques pour chacune d&rsquo;elles, permettant un niveau de personnalisation et de pr\u00e9cision sans pr\u00e9c\u00e9dent. Ce plugin extr\u00eamement influent est absolument parfait pour intensifier vos efforts promotionnels, fournir \u00e0 vos clients des informations cruciales et, surtout, augmenter vos taux de conversion. De plus, il est crucial de mettre en \u00e9vidence le fait que les avis WooCommerce CART sont remarquablement conviviaux et facilement adaptables pour refl\u00e9ter impeccablement l&rsquo;esth\u00e9tique visuelle et l&rsquo;identit\u00e9 unique de votre marque estim\u00e9e. En conclusion, il est sans \u00e9quivoque \u00e9vident que WooCommerce Cart Notices est un plugin indispensable qui ne peut tout simplement \u00eatre n\u00e9glig\u00e9 par aucune boutique en ligne qui aspire \u00e0 \u00e9lever leur exp\u00e9rience client \u00e0 des hauteurs extraordinaires, tout en augmentant simultan\u00e9ment leurs chiffres de vente \u00e0 des niveaux sans pr\u00e9c\u00e9dent.<\/p>\n<ul>\n<li>Avis de panier personnalis\u00e9s pour les sites Web WooCommerce<\/li>\n<li>Capacit\u00e9 \u00e0 afficher les avis en fonction du montant total du panier<\/li>\n<li>Option pour afficher des avis bas\u00e9s sur des produits sp\u00e9cifiques dans le panier<\/li>\n<li>Hautement personnalisable avec diverses options de conception et configurations d&rsquo;affichage de texte<\/li>\n<li>Compatible avec tous les th\u00e8mes et extensions WooCommerce<\/li>\n<li>Processus d&rsquo;installation et de configuration facile<\/li>\n<li>Option pour planifier l&rsquo;affichage des avis \u00e0 des moments ou des jours sp\u00e9cifiques<\/li>\n<li>Augmente l&rsquo;engagement des clients et favorise<\/li>\n<li>Possibilit\u00e9 d&rsquo;ajouter des boutons d&rsquo;appel \u00e0 action cliquables dans des avis pour un engagement suppl\u00e9mentaire<\/li>\n<li>Id\u00e9al pour promouvoir les ventes flash, les offres de livraison gratuite et d&rsquo;autres offres promotionnelles.<\/li>\n<\/ul>\n","protected":false},"excerpt":{"rendered":"<p>Le plugin WooCommerce CART AVOCT est un outil incroyablement robuste et tr\u00e8s efficace qui permet aux propri\u00e9taires de magasins en ligne la possibilit\u00e9 de pr\u00e9senter sans effort un large \u00e9ventail de messages informatifs directement \u00e0 leurs clients estim\u00e9s dans le panier lui-m\u00eame. Ces avis m\u00e9ticuleusement personnalisables servent de moyen fantastique pour informer et \u00e9clairer efficacement les clients des promotions les plus attrayantes, des remises exceptionnelles, des options d&rsquo;exp\u00e9dition s\u00e9duisantes, des recommandations de produits convaincantes et une pl\u00e9thore d&rsquo;autres offres attrayantes. En adoptant ce plugin exceptionnel, les propri\u00e9taires de magasins peuvent soulever et augmenter sans effort les exp\u00e9riences de caisse de leurs clients estim\u00e9es, cultivant ainsi sans effort une augmentation substantielle des ventes et m\u00eame fortifier la fid\u00e9lit\u00e9 des clients \u00e0 des hauteurs sans pr\u00e9c\u00e9dent. De plus, le processus d&rsquo;installation et de configuration de ce plugin remarquable est remarquablement simple et sans tracas, cimentant davantage son statut de must absolu dans le vaste \u00e9cosyst\u00e8me WooCommerce. De plus, l&rsquo;int\u00e9gration transparente de ce plugin exceptionnel avec une myriade d&rsquo;autres extensions WooCommerce ne fait que souligner davantage sa polyvalence exceptionnelle et son potentiel sans limites.<\/p>\n","protected":false},"featured_media":145830,"comment_status":"open","ping_status":"closed","template":"","meta":[],"product_brand":[2440],"product_cat":[1200,1182,1181],"product_tag":[1398],"class_list":{"0":"post-105709","1":"product","2":"type-product","3":"status-publish","4":"has-post-thumbnail","6":"product_brand-woocommerce","7":"product_cat-commercialisation","8":"product_cat-commerce-electronique-plugins","9":"product_cat-plugins","10":"product_tag-woocommerce","11":"member-discount","12":"discount-restricted","14":"first","15":"instock","16":"sale","17":"downloadable","18":"virtual","19":"sold-individually","20":"purchasable","21":"product-type-simple"},"_links":{"self":[{"href":"https:\/\/gpl-love.com\/fr\/wp-json\/wp\/v2\/product\/105709","targetHints":{"allow":["GET"]}}],"collection":[{"href":"https:\/\/gpl-love.com\/fr\/wp-json\/wp\/v2\/product"}],"about":[{"href":"https:\/\/gpl-love.com\/fr\/wp-json\/wp\/v2\/types\/product"}],"replies":[{"embeddable":true,"href":"https:\/\/gpl-love.com\/fr\/wp-json\/wp\/v2\/comments?post=105709"}],"wp:featuredmedia":[{"embeddable":true,"href":"https:\/\/gpl-love.com\/fr\/wp-json\/wp\/v2\/media\/145830"}],"wp:attachment":[{"href":"https:\/\/gpl-love.com\/fr\/wp-json\/wp\/v2\/media?parent=105709"}],"wp:term":[{"taxonomy":"product_brand","embeddable":true,"href":"https:\/\/gpl-love.com\/fr\/wp-json\/wp\/v2\/product_brand?post=105709"},{"taxonomy":"product_cat","embeddable":true,"href":"https:\/\/gpl-love.com\/fr\/wp-json\/wp\/v2\/product_cat?post=105709"},{"taxonomy":"product_tag","embeddable":true,"href":"https:\/\/gpl-love.com\/fr\/wp-json\/wp\/v2\/product_tag?post=105709"}],"curies":[{"name":"wp","href":"https:\/\/api.w.org\/{rel}","templated":true}]}}