{"id":105705,"date":"2021-02-09T00:00:00","date_gmt":"2021-02-08T23:00:00","guid":{"rendered":"http:\/\/gpl-love.com\/fr\/product\/woocommerce-en-vrac-telecharger\/"},"modified":"2026-04-10T18:46:15","modified_gmt":"2026-04-10T16:46:15","slug":"woocommerce-bulk-download","status":"publish","type":"product","link":"https:\/\/gpl-love.com\/fr\/produit\/woocommerce-bulk-download\/","title":{"rendered":"WooCommerce Bulk Download 1.2.13"},"content":{"rendered":"<h3>WooCommerce Bulk Download Traits<\/h3>\n<p>WooCommerce Bulk Download, un outil tr\u00e8s efficace, permet aux utilisateurs de t\u00e9l\u00e9charger sans effort de nombreux fichiers en une seule fois de leur boutique WooCommerce. Que vous soyez le propri\u00e9taire d&rsquo;un magasin ou d&rsquo;un client cherchant \u00e0 acc\u00e9der \u00e0 plusieurs fichiers, ce plugin a \u00e9t\u00e9 ing\u00e9nieusement cr\u00e9\u00e9 pour optimiser le processus et \u00e9conomiser votre temps. Gr\u00e2ce \u00e0 WooCommerce Bulk Download, les utilisateurs ont la capacit\u00e9 de s\u00e9lectionner et de t\u00e9l\u00e9charger facilement des fichiers en grande quantit\u00e9, facilitant ainsi la gestion des collections de fichiers approfondies. Notamment, ce plugin poss\u00e8de une interface conviviale et propose des options de personnalisation exceptionnelles, vous permettant d&rsquo;adapter les param\u00e8tres conform\u00e9ment \u00e0 vos exigences distinctes. Sans aucun doute, cet outil indispensable fournit une assistance inestimable \u00e0 toute personne cherchant \u00e0 obtenir des fichiers en vrac \u00e0 partir d&rsquo;un magasin WooCommerce.<\/p>\n<ul>\n<li>T\u00e9l\u00e9charger plusieurs fichiers \u00e0 la fois: le t\u00e9l\u00e9chargement en vrac WooCommerce vous permet de t\u00e9l\u00e9charger facilement plusieurs fichiers \u00e0 partir de votre boutique WooCommerce en quelques clics.<\/li>\n<li>Gagnez du temps et des efforts: au lieu de t\u00e9l\u00e9charger des fichiers un par un, ce plugin rationalise le processus et vous permet de les t\u00e9l\u00e9charger tous en une seule fois.<\/li>\n<li>T\u00e9l\u00e9charger dans plusieurs formats: Que vous ayez besoin de t\u00e9l\u00e9charger des images, des PDF ou d&rsquo;autres types de fichiers, le t\u00e9l\u00e9chargement en vrac WooCommerce vous a couvert.<\/li>\n<li>Filtrage flexible: vous pouvez sp\u00e9cifier les produits ou les fichiers que vous souhaitez t\u00e9l\u00e9charger \u00e0 l&rsquo;aide de filtres tels que la plage de dates, le type de produit, etc.<\/li>\n<li>Interface conviviale: le plugin comprend une interface intuitive qui facilite la navigation et la s\u00e9lection des fichiers dont vous avez besoin.<\/li>\n<li>Compatible avec les grands magasins: Si vous avez un grand magasin WooCommerce avec de nombreux fichiers, le t\u00e9l\u00e9chargement en vrac WooCommerce peut le g\u00e9rer facilement.<\/li>\n<li>Compl\u00e9ter les enregistrements de t\u00e9l\u00e9chargement: Gardez une trace de vos t\u00e9l\u00e9chargements et affichez un historique complet de tous les fichiers et produits que vous avez t\u00e9l\u00e9charg\u00e9s.<\/li>\n<li>Friendly des d\u00e9veloppeurs: le plugin comprend des crochets et des filtres qui permettent aux d\u00e9veloppeurs de personnaliser ses fonctionnalit\u00e9s et de l&rsquo;int\u00e9grer avec d&rsquo;autres plugins ou syst\u00e8mes.<\/li>\n<\/ul>\n","protected":false},"excerpt":{"rendered":"<p>WooCommerce Bulk Download pr\u00e9sente un utilitaire remarquablement puissant, vous permettant de vous procurer facilement tous les fichiers de produits de votre boutique en ligne dans une seule action rapide. Avec une poign\u00e9e de clics, vous pouvez r\u00e9cup\u00e9rer rapidement l&rsquo;acc\u00e8s et pr\u00e9server tous vos fichiers de produits t\u00e9l\u00e9chargeables sur votre ordinateur personnel. Cette capacit\u00e9 innovante facilite profond\u00e9ment vos efforts pour administrer et syst\u00e9matiser vos marchandises num\u00e9riques, am\u00e9liorant consid\u00e9rablement votre exp\u00e9rience globale. Par cons\u00e9quent, que vos objectifs englobent la sauvegarde de vos fichiers, de les transloquer sur un site Web alternatif ou de rationaliser simplement vos pratiques de gestion de produits, le t\u00e9l\u00e9chargement en vrac WooCommerce appara\u00eet comme la solution ultime pour r\u00e9pondre \u00e0 vos besoins multiples. Ne perdez pas de temps et lancez ce voyage transformateur aujourd&rsquo;hui, et se pr\u00e9servant dans les avantages in\u00e9gal\u00e9s d&rsquo;un processus de t\u00e9l\u00e9chargement en vrac rationalis\u00e9 sans effort!<\/p>\n","protected":false},"featured_media":145821,"comment_status":"open","ping_status":"closed","template":"","meta":[],"product_brand":[2440],"product_cat":[1183,1182,1181],"product_tag":[1398],"class_list":{"0":"post-105705","1":"product","2":"type-product","3":"status-publish","4":"has-post-thumbnail","6":"product_brand-woocommerce","7":"product_cat-administration","8":"product_cat-commerce-electronique-plugins","9":"product_cat-plugins","10":"product_tag-woocommerce","11":"member-discount","12":"discount-restricted","14":"first","15":"instock","16":"sale","17":"downloadable","18":"virtual","19":"sold-individually","20":"purchasable","21":"product-type-simple"},"_links":{"self":[{"href":"https:\/\/gpl-love.com\/fr\/wp-json\/wp\/v2\/product\/105705","targetHints":{"allow":["GET"]}}],"collection":[{"href":"https:\/\/gpl-love.com\/fr\/wp-json\/wp\/v2\/product"}],"about":[{"href":"https:\/\/gpl-love.com\/fr\/wp-json\/wp\/v2\/types\/product"}],"replies":[{"embeddable":true,"href":"https:\/\/gpl-love.com\/fr\/wp-json\/wp\/v2\/comments?post=105705"}],"wp:featuredmedia":[{"embeddable":true,"href":"https:\/\/gpl-love.com\/fr\/wp-json\/wp\/v2\/media\/145821"}],"wp:attachment":[{"href":"https:\/\/gpl-love.com\/fr\/wp-json\/wp\/v2\/media?parent=105705"}],"wp:term":[{"taxonomy":"product_brand","embeddable":true,"href":"https:\/\/gpl-love.com\/fr\/wp-json\/wp\/v2\/product_brand?post=105705"},{"taxonomy":"product_cat","embeddable":true,"href":"https:\/\/gpl-love.com\/fr\/wp-json\/wp\/v2\/product_cat?post=105705"},{"taxonomy":"product_tag","embeddable":true,"href":"https:\/\/gpl-love.com\/fr\/wp-json\/wp\/v2\/product_tag?post=105705"}],"curies":[{"name":"wp","href":"https:\/\/api.w.org\/{rel}","templated":true}]}}