{"id":105703,"date":"2024-11-09T00:00:00","date_gmt":"2024-11-08T23:00:00","guid":{"rendered":"http:\/\/gpl-love.com\/fr\/product\/woocommerce-marques\/"},"modified":"2026-04-10T18:46:14","modified_gmt":"2026-04-10T16:46:14","slug":"woocommerce-brands","status":"publish","type":"product","link":"https:\/\/gpl-love.com\/fr\/produit\/woocommerce-brands\/","title":{"rendered":"WooCommerce Brands 1.7.7"},"content":{"rendered":"<h3>WooCommerce Brands Traits<\/h3>\n<p>WooCommerce Brands, un plugin incroyablement puissant, a \u00e9t\u00e9 m\u00e9ticuleusement con\u00e7u pour aider les entreprises \u00e0 afficher efficacement leur vaste gamme de collections de marque sur leur boutique en ligne WooCommerce. Ce plugin ing\u00e9nieux facilite sans effort la cr\u00e9ation et la gestion des marques, accordant aux utilisateurs la possibilit\u00e9 d&rsquo;incorporer de mani\u00e8re transparente des logos, des descriptions de marque et des liens vers la page d\u00e9di\u00e9e de chaque marque. En mettant en \u0153uvre des marques WooCommerce, les clients re\u00e7oivent la capacit\u00e9 inestimable de localiser et de filtrer rapidement les produits en fonction de leur marque pr\u00e9f\u00e9r\u00e9e, am\u00e9liorant ainsi consid\u00e9rablement la facilit\u00e9 de navigation et finalement augmenter l&rsquo;exp\u00e9rience d&rsquo;achat globale. Adaptable incroyablement, ce plugin fournit aux utilisateurs un r\u00e9pertoire impressionnant de fonctionnalit\u00e9s personnalisables, couvrant une vaste gamme de mod\u00e8les, de styles et de widgets, m\u00e9ticuleusement adapt\u00e9s \u00e0 l&rsquo;harmonie parfaitement avec l&rsquo;esth\u00e9tique unique de leur marque. Sans d\u00e9cha\u00eenement de doute, WooCommerce Brands est un outil indispensable, une v\u00e9ritable aubaine pour toute entit\u00e9 commerciale cherchant avec diligence \u00e0 forger un domaine d&rsquo;achat en ligne professionnel et sans effort.<\/p>\n<ul>\n<li>Permet aux clients de filtrer les produits par marque sur votre boutique WooCommerce<\/li>\n<li>Permet aux clients de trouver facilement des produits de leurs marques pr\u00e9f\u00e9r\u00e9es<\/li>\n<li>Vous aide \u00e0 organiser votre inventaire de magasin par marque<\/li>\n<li>Augmente la confiance et la fid\u00e9lit\u00e9 des clients en mettant en \u00e9vidence les marques bien connues<\/li>\n<li>Int\u00e9gre parfaitement avec d&rsquo;autres plugins et extensions WooCommerce<\/li>\n<li>Options de conception personnalisables pour correspondre \u00e0 la marque de votre magasin<\/li>\n<li>G\u00e9n\u00e8re des pages et des widgets sp\u00e9cifiques \u00e0 la marque pour une navigation facile<\/li>\n<li>Offre des options de recherche avanc\u00e9es pour des marques sp\u00e9cifiques<\/li>\n<li>Aucun codage requis pour la configuration et l&rsquo;utilisation<\/li>\n<li>Fournit un support efficace et fiable de l&rsquo;\u00e9quipe WooCommerce.<\/li>\n<\/ul>\n","protected":false},"excerpt":{"rendered":"<p>Le plugin WooCommerce Brands sert d&rsquo;outil tr\u00e8s b\u00e9n\u00e9fique exclusivement adapt\u00e9 aux magasins en ligne \u00e0 l&rsquo;aide de WooCommerce. Son objectif principal est de faciliter la cr\u00e9ation et l&rsquo;administration de nombreuses marques ou cat\u00e9gories de produits, ce qui rend le processus de d\u00e9couverte de produits beaucoup plus pratique pour les clients. En incorporant les marques WooCommerce dans votre boutique en ligne, vous avez la possibilit\u00e9 d&rsquo;int\u00e9grer de mani\u00e8re transparente des logos, des descriptions et des liens pour chaque marque, en les pr\u00e9sentant efficacement sur la page du produit, la page de l&rsquo;atelier ou m\u00eame dans les r\u00e9sultats de recherche. Par cons\u00e9quent, ce plugin joue un r\u00f4le central dans l&rsquo;optimisation de l&rsquo;exp\u00e9rience utilisateur, aboutissant finalement \u00e0 l&rsquo;amplification des efforts d&rsquo;optimisation des moteurs de recherche de votre magasin.<\/p>\n","protected":false},"featured_media":145820,"comment_status":"open","ping_status":"closed","template":"","meta":[],"product_brand":[2440],"product_cat":[1183,1182,1181],"product_tag":[1398],"class_list":{"0":"post-105703","1":"product","2":"type-product","3":"status-publish","4":"has-post-thumbnail","6":"product_brand-woocommerce","7":"product_cat-administration","8":"product_cat-commerce-electronique-plugins","9":"product_cat-plugins","10":"product_tag-woocommerce","11":"member-discount","12":"discount-restricted","14":"first","15":"instock","16":"sale","17":"downloadable","18":"virtual","19":"sold-individually","20":"purchasable","21":"product-type-simple"},"_links":{"self":[{"href":"https:\/\/gpl-love.com\/fr\/wp-json\/wp\/v2\/product\/105703","targetHints":{"allow":["GET"]}}],"collection":[{"href":"https:\/\/gpl-love.com\/fr\/wp-json\/wp\/v2\/product"}],"about":[{"href":"https:\/\/gpl-love.com\/fr\/wp-json\/wp\/v2\/types\/product"}],"replies":[{"embeddable":true,"href":"https:\/\/gpl-love.com\/fr\/wp-json\/wp\/v2\/comments?post=105703"}],"wp:featuredmedia":[{"embeddable":true,"href":"https:\/\/gpl-love.com\/fr\/wp-json\/wp\/v2\/media\/145820"}],"wp:attachment":[{"href":"https:\/\/gpl-love.com\/fr\/wp-json\/wp\/v2\/media?parent=105703"}],"wp:term":[{"taxonomy":"product_brand","embeddable":true,"href":"https:\/\/gpl-love.com\/fr\/wp-json\/wp\/v2\/product_brand?post=105703"},{"taxonomy":"product_cat","embeddable":true,"href":"https:\/\/gpl-love.com\/fr\/wp-json\/wp\/v2\/product_cat?post=105703"},{"taxonomy":"product_tag","embeddable":true,"href":"https:\/\/gpl-love.com\/fr\/wp-json\/wp\/v2\/product_tag?post=105703"}],"curies":[{"name":"wp","href":"https:\/\/api.w.org\/{rel}","templated":true}]}}