{"id":105699,"date":"2026-04-27T00:00:00","date_gmt":"2026-04-26T22:00:00","guid":{"rendered":"http:\/\/gpl-love.com\/fr\/product\/reservations-woocommerce\/"},"modified":"2026-04-28T00:31:34","modified_gmt":"2026-04-27T22:31:34","slug":"woocommerce-bookings","status":"publish","type":"product","link":"https:\/\/gpl-love.com\/fr\/produit\/woocommerce-bookings\/","title":{"rendered":"WooCommerce Bookings 3.5.1"},"content":{"rendered":"<h3>WooCommerce Bookings Traits<\/h3>\n<p>WooCommerce Bookings, un syst\u00e8me de r\u00e9servation en ligne exceptionnellement robuste, s&rsquo;adresse aux entreprises de toutes \u00e9chelles. Ce plugin de pointe qui vous donne un contr\u00f4le sans effort sur les rendez-vous, les r\u00e9servations et les r\u00e9servations, le tout dans les limites de votre site Web WordPress. Avec l&rsquo;aide de r\u00e9servations WooCommerce, vous poss\u00e9dez la capacit\u00e9 de construire des r\u00e9servations bas\u00e9es sur le temps pour une multitude de services, classes, \u00e9v\u00e9nements ou locations, tout en facilitant simultan\u00e9ment les paiements en ligne. Les clients, dot\u00e9s de la libert\u00e9 de s\u00e9lectionner leurs dates et heures pr\u00e9f\u00e9r\u00e9es, vous permettent de r\u00e9guler facilement la disponibilit\u00e9, d&rsquo;\u00e9tablir des structures de prix et de fabriquer des formulaires de r\u00e9servation sur mesure. De plus, un tableau de bord administratif incroyablement puissant est fourni, vous fournissant un aper\u00e7u tout en engageant vos r\u00e9servations, facilitant la gestion des paiements et automatisant la d\u00e9p\u00eache des rappels aux clients. Que votre entreprise tourne autour d&rsquo;un spa, d&rsquo;un gymnase, d&rsquo;un h\u00f4tel ou de tout autre \u00e9tablissement n\u00e9cessitant des fonctionnalit\u00e9s sophistiqu\u00e9es de r\u00e9servation et de planification, les r\u00e9servations WooCommerce apparaissent comme un atout inestimable, rationalisant vos proc\u00e9dures op\u00e9rationnelles et \u00e9levant la satisfaction des clients.<\/p>\n<ul>\n<li>Permet aux clients de r\u00e9server facilement des rendez-vous ou des r\u00e9servations sur votre site Web WooCommerce<\/li>\n<li>Options de r\u00e9servation flexibles, y compris la date, l&rsquo;heure, la dur\u00e9e et les ressources sp\u00e9cifiques ou les membres du personnel<\/li>\n<li>Int\u00e9gration avec des passerelles de paiement populaires pour les paiements en ligne s\u00e9curis\u00e9s<\/li>\n<li>Notifications et rappels par e-mail automatiques pour les clients et les membres du personnel<\/li>\n<li>Option pour offrir des r\u00e9ductions ou des coupons pour les r\u00e9servations<\/li>\n<li>Formulaires de r\u00e9servation personnalisables pour collecter des informations importantes aupr\u00e8s des clients<\/li>\n<li>Mises \u00e0 jour de la disponibilit\u00e9 en temps r\u00e9el et gestion facile des r\u00e9servations via le tableau de bord WooCommerce<\/li>\n<li>Capacit\u00e9 \u00e0 exporter des donn\u00e9es de r\u00e9servation pour l&rsquo;analyse et les rapports<\/li>\n<li>Compatible avec un large \u00e9ventail d&rsquo;extensions et de th\u00e8mes WooCommerce pour une personnalisation facile<\/li>\n<\/ul>\n","protected":false},"excerpt":{"rendered":"<p>Le plugin WooCommerce Bookings, un outil remarquablement robuste, permet aux utilisateurs de g\u00e9n\u00e9rer et de superviser sans effort les r\u00e9servations pour leur gamme diversifi\u00e9e de produits et services. En tirant parti de ce plugin, les entreprises peuvent adapter efficacement les r\u00e9servations, les rendez-vous en ligne et les r\u00e9servations, rationalisant ainsi le processus de planification pr\u00e9cieuse des clients. Les fonctionnalit\u00e9s remarquables englobent la fourniture de mises \u00e0 jour instantan\u00e9es sur la disponibilit\u00e9, les prix personnalisables et les configurations de disponibilit\u00e9, ainsi que la capacit\u00e9 de traiter les paiements de mani\u00e8re transparente via de nombreuses passerelles. Incontestablement, les r\u00e9servations WooCommerce constituent la r\u00e9solution par excellence pour les entreprises englobant des espaces d&rsquo;\u00e9v\u00e9nements, des h\u00f4tels, des services de conseil et un \u00e9ventail d&rsquo;autres industries.<\/p>\n","protected":false},"featured_media":145816,"comment_status":"open","ping_status":"closed","template":"","meta":[],"product_brand":[2440],"product_cat":[1183,1182,1181],"product_tag":[1398],"class_list":{"0":"post-105699","1":"product","2":"type-product","3":"status-publish","4":"has-post-thumbnail","6":"product_brand-woocommerce","7":"product_cat-administration","8":"product_cat-commerce-electronique-plugins","9":"product_cat-plugins","10":"product_tag-woocommerce","11":"member-discount","12":"discount-restricted","14":"first","15":"instock","16":"sale","17":"downloadable","18":"virtual","19":"sold-individually","20":"purchasable","21":"product-type-simple"},"_links":{"self":[{"href":"https:\/\/gpl-love.com\/fr\/wp-json\/wp\/v2\/product\/105699","targetHints":{"allow":["GET"]}}],"collection":[{"href":"https:\/\/gpl-love.com\/fr\/wp-json\/wp\/v2\/product"}],"about":[{"href":"https:\/\/gpl-love.com\/fr\/wp-json\/wp\/v2\/types\/product"}],"replies":[{"embeddable":true,"href":"https:\/\/gpl-love.com\/fr\/wp-json\/wp\/v2\/comments?post=105699"}],"wp:featuredmedia":[{"embeddable":true,"href":"https:\/\/gpl-love.com\/fr\/wp-json\/wp\/v2\/media\/145816"}],"wp:attachment":[{"href":"https:\/\/gpl-love.com\/fr\/wp-json\/wp\/v2\/media?parent=105699"}],"wp:term":[{"taxonomy":"product_brand","embeddable":true,"href":"https:\/\/gpl-love.com\/fr\/wp-json\/wp\/v2\/product_brand?post=105699"},{"taxonomy":"product_cat","embeddable":true,"href":"https:\/\/gpl-love.com\/fr\/wp-json\/wp\/v2\/product_cat?post=105699"},{"taxonomy":"product_tag","embeddable":true,"href":"https:\/\/gpl-love.com\/fr\/wp-json\/wp\/v2\/product_tag?post=105699"}],"curies":[{"name":"wp","href":"https:\/\/api.w.org\/{rel}","templated":true}]}}