{"id":105697,"date":"2025-10-14T00:00:00","date_gmt":"2025-10-13T22:00:00","guid":{"rendered":"http:\/\/gpl-love.com\/fr\/product\/woocommerce-aweber-abonnement-newsletter\/"},"modified":"2026-03-20T23:44:35","modified_gmt":"2026-03-20T22:44:35","slug":"woocommerce-aweber-newsletter-subscription","status":"publish","type":"product","link":"https:\/\/gpl-love.com\/fr\/produit\/woocommerce-aweber-newsletter-subscription\/","title":{"rendered":"WooCommerce Aweber Newsletter Subscription 4.0.5"},"content":{"rendered":"<h3>WooCommerce Aweber Newsletter Subscription Traits<\/h3>\n<p>Le plugin d&rsquo;abonnement \u00e0 la newsletter WooCommerce Aweber est un outil indispensable pour les personnes qui exploitent des magasins en ligne et aspirent \u00e0 \u00e9tablir une campagne de marketing par e-mail robuste. Ce plugin exceptionnellement efficace fusionne parfaitement WooCommerce avec Aweber, une plate-forme de marketing par e-mail de premier plan pr\u00e9sente sur le march\u00e9. En employant ce plugin, les clients qui s&rsquo;engagent dans un achat sur votre boutique en ligne peuvent signaler sans effort leur volont\u00e9 de se opposer \u00e0 votre liste d&rsquo;abonnement \u00e0 newsletter. De plus, vous poss\u00e9dez la flexibilit\u00e9 pour d\u00e9cider d&rsquo;incorporer un formulaire d&rsquo;abonnement \u00e0 la newsletter dans vos pages de produits ou votre page de paiement. Ce plugin remarquable sert de m\u00e9canisme d&rsquo;automatisation pour vos efforts de marketing par e-mail et favorise l&rsquo;expansion de votre client\u00e8le, aboutissant finalement \u00e0 une g\u00e9n\u00e9ration de revenus amplifi\u00e9e pour votre entreprise.<\/p>\n<ul>\n<li>Int\u00e8gre de mani\u00e8re transparente WooCommerce et Aweber pour cr\u00e9er un puissant outil d&rsquo;abonnement \u00e0 newsletter.<\/li>\n<li><\/li>\n<li>Fournit un moyen simple et efficace pour les clients de souscrire \u00e0 votre newsletter et de rester inform\u00e9 de vos derniers produits et promotions.<\/li>\n<li><\/li>\n<li>Vous permet de capturer les adresses e-mail des clients directement \u00e0 partir de votre magasin WooCommerce et de les ajouter automatiquement \u00e0 votre liste de diffusion Aweber.<\/li>\n<li><\/li>\n<li>Vous donne la possibilit\u00e9 de suivre vos abonn\u00e9s de newsletter et de surveiller le succ\u00e8s de vos strat\u00e9gies de marketing.<\/li>\n<li><\/li>\n<li>Options de conception personnalisables pour le formulaire d&rsquo;abonnement pour correspondre \u00e0 l&rsquo;apparence de votre site Web.<\/li>\n<li><\/li>\n<li>Les campagnes de marketing par e-mail automatis\u00e9es peuvent \u00eatre cr\u00e9\u00e9es en fonction des pr\u00e9f\u00e9rences et des comportements sp\u00e9cifiques de vos abonn\u00e9s.<\/li>\n<li><\/li>\n<li>Les campagnes automatis\u00e9es peuvent \u00eatre d\u00e9clench\u00e9es par des \u00e9v\u00e9nements tels que de nouveaux abonn\u00e9s, des chariots abandonn\u00e9s, etc.<\/li>\n<li><\/li>\n<li>Fournit des analyses avanc\u00e9es pour vous aider \u00e0 surveiller l&rsquo;engagement et \u00e0 suivre votre retour sur investissement.<\/li>\n<li><\/li>\n<li>Offre une installation et une configuration rapides et faciles, sans comp\u00e9tences de codage ou techniques requises.<\/li>\n<li><\/li>\n<li>Un moyen fiable et abordable de cr\u00e9er votre liste de diffusion, d&rsquo;augmenter la port\u00e9e de votre client et finalement de stimuler plus de ventes.<\/li>\n<\/ul>\n","protected":false},"excerpt":{"rendered":"<p>Le plugin d&rsquo;abonnement \u00e0 newsletter WooCommerce Aweber, r\u00e9put\u00e9 pour son int\u00e9gration transparente, vous donne la possibilit\u00e9 d&rsquo;incorporer sans effort des abonnements \u00e0 la newsletter dans votre boutique WooCommerce. Gr\u00e2ce \u00e0 un processus de configuration simple et \u00e0 l&rsquo;incorporation d&rsquo;Aweber, vous \u00eates autoris\u00e9 \u00e0 construire votre liste de marketing par e-mail et \u00e0 interagir activement avec votre client\u00e8le estim\u00e9e. Garder sans effort vos abonn\u00e9s bien inform\u00e9s concernant vos derni\u00e8res promotions, produits de pointe et les nouvelles remarquables devient un jeu d&rsquo;enfant. Par cons\u00e9quent, le plugin d&rsquo;abonnement \u00e0 la newsletter WooCommerce Aweber appara\u00eet comme un outil inestimable pour amplifier vos chiffres de vente et assurer des taux de r\u00e9tention de client\u00e8le optimaux.<\/p>\n","protected":false},"featured_media":145814,"comment_status":"open","ping_status":"closed","template":"","meta":[],"product_brand":[2440],"product_cat":[1200,1182,1181],"product_tag":[1398],"class_list":{"0":"post-105697","1":"product","2":"type-product","3":"status-publish","4":"has-post-thumbnail","6":"product_brand-woocommerce","7":"product_cat-commercialisation","8":"product_cat-commerce-electronique-plugins","9":"product_cat-plugins","10":"product_tag-woocommerce","11":"member-discount","12":"discount-restricted","14":"first","15":"instock","16":"sale","17":"downloadable","18":"virtual","19":"sold-individually","20":"purchasable","21":"product-type-simple"},"_links":{"self":[{"href":"https:\/\/gpl-love.com\/fr\/wp-json\/wp\/v2\/product\/105697","targetHints":{"allow":["GET"]}}],"collection":[{"href":"https:\/\/gpl-love.com\/fr\/wp-json\/wp\/v2\/product"}],"about":[{"href":"https:\/\/gpl-love.com\/fr\/wp-json\/wp\/v2\/types\/product"}],"replies":[{"embeddable":true,"href":"https:\/\/gpl-love.com\/fr\/wp-json\/wp\/v2\/comments?post=105697"}],"wp:featuredmedia":[{"embeddable":true,"href":"https:\/\/gpl-love.com\/fr\/wp-json\/wp\/v2\/media\/145814"}],"wp:attachment":[{"href":"https:\/\/gpl-love.com\/fr\/wp-json\/wp\/v2\/media?parent=105697"}],"wp:term":[{"taxonomy":"product_brand","embeddable":true,"href":"https:\/\/gpl-love.com\/fr\/wp-json\/wp\/v2\/product_brand?post=105697"},{"taxonomy":"product_cat","embeddable":true,"href":"https:\/\/gpl-love.com\/fr\/wp-json\/wp\/v2\/product_cat?post=105697"},{"taxonomy":"product_tag","embeddable":true,"href":"https:\/\/gpl-love.com\/fr\/wp-json\/wp\/v2\/product_tag?post=105697"}],"curies":[{"name":"wp","href":"https:\/\/api.w.org\/{rel}","templated":true}]}}