{"id":105695,"date":"2025-10-29T00:00:00","date_gmt":"2025-10-28T23:00:00","guid":{"rendered":"http:\/\/gpl-love.com\/fr\/product\/woocommerce-authorize-net-rapports\/"},"modified":"2026-03-20T23:44:33","modified_gmt":"2026-03-20T22:44:33","slug":"woocommerce-authorize-net-reporting","status":"publish","type":"product","link":"https:\/\/gpl-love.com\/fr\/produit\/woocommerce-authorize-net-reporting\/","title":{"rendered":"WooCommerce Authorize.Net Reporting 1.14.4"},"content":{"rendered":"<h3>WooCommerce Authorize.Net Reporting Traits<\/h3>\n<p>WooCommerce Authorize.NET Reporting propose une solution compl\u00e8te et robuste sp\u00e9cifiquement con\u00e7ue pour faciliter la gestion transparente des transactions Authorize.net pour les entreprises. En tirant parti de ce plugin ing\u00e9nieux, les utilisateurs peuvent acc\u00e9der sans effort \u00e0 acc\u00e9der \u00e0 des rapports complexes et d\u00e9taill\u00e9s concernant leurs transactions Authorize.NET, englobant un large \u00e9ventail d&rsquo;aspects cruciaux tels que les ventes, les remboursements et les r\u00e9trofacturation. Ces rapports m\u00e9ticuleusement fabriqu\u00e9s garantissent non seulement la plus grande clart\u00e9 et la plus coh\u00e9rence, mais fournissent \u00e9galement aux entreprises des informations inestimables sur leurs performances globales et leurs sources de revenus. Avec l&rsquo;aide de WooCommerce Authorize.NET Reporting, les entreprises peuvent suivre de mani\u00e8re transparente leurs ventes, surveiller \u00e9troitement leurs remboursements et identifier et traiter efficacement les probl\u00e8mes potentiels avant de neige dans des employ\u00e9s substantiels. Ainsi, ce plugin assume sans aucun doute le r\u00f4le d&rsquo;un actif indispensable pour toute entreprise qui s&rsquo;efforce d&rsquo;augmenter ses performances Authorize.net et de maintenir un avantage concurrentiel sur le march\u00e9.<\/p>\n<ul>\n<li>S&rsquo;int\u00e8gre de mani\u00e8re transparente \u00e0 la passerelle de paiement WooCommerce et Authoriser.NET<\/li>\n<li>Fournit des rapports de transaction d\u00e9taill\u00e9s pour une comptabilit\u00e9 et une r\u00e9conciliation faciles<\/li>\n<li>Permet un suivi facile des ventes, des remboursements, des r\u00e9trofacturation et des colonies<\/li>\n<li>Offre des rapports de plage de dates personnalisables pour analyser et g\u00e9rer les transactions sur des p\u00e9riodes sp\u00e9cifiques<\/li>\n<li>Fournit des informations et des alertes en temps r\u00e9el pour une meilleure gestion du traitement des paiements<\/li>\n<li>Permet la conformit\u00e9 aux normes de s\u00e9curit\u00e9 des donn\u00e9es PCI-DSS pour un traitement de paiement s\u00fbr et s\u00e9curis\u00e9<\/li>\n<li>Aide \u00e0 identifier et \u00e0 pr\u00e9venir la fraude avec des caract\u00e9ristiques avanc\u00e9es de d\u00e9tection de fraude<\/li>\n<li>Interface conviviale et intuitive pour une navigation et une utilisation faciles<\/li>\n<li>Fournit un soutien complet aux clients pour assurer une exp\u00e9rience fluide.<\/li>\n<\/ul>\n","protected":false},"excerpt":{"rendered":"<p>Le plugin de reporting WooCommerce Authorize.NET propose une gamme compl\u00e8te de fonctionnalit\u00e9s de rapports et d&rsquo;analyse adapt\u00e9es sp\u00e9cifiquement aux entreprises qui exploitent la passerelle de paiement Authorize.net. Avec ce plugin, les utilisateurs ont la possibilit\u00e9 d&rsquo;acc\u00e9der et de manipuler facilement les donn\u00e9es de transaction via divers filtres personnalisables, de g\u00e9n\u00e9rer des rapports personnalis\u00e9s en fonction de leurs besoins sp\u00e9cifiques et d&rsquo;effectuer des examens approfondis de l&rsquo;historique des paiements. En utilisant cet outil puissant, les entreprises peuvent obtenir des informations inestimables sur l&rsquo;activit\u00e9 de paiement dans leurs magasins en ligne, leur permettant d&rsquo;am\u00e9liorer et d&rsquo;optimiser leurs op\u00e9rations commerciales globales.<\/p>\n","protected":false},"featured_media":145812,"comment_status":"open","ping_status":"closed","template":"","meta":[],"product_brand":[2440],"product_cat":[1182,1401,1181],"product_tag":[1398],"class_list":{"0":"post-105695","1":"product","2":"type-product","3":"status-publish","4":"has-post-thumbnail","6":"product_brand-woocommerce","7":"product_cat-commerce-electronique-plugins","8":"product_cat-paiement-commerce-electronique-plugins","9":"product_cat-plugins","10":"product_tag-woocommerce","11":"member-discount","12":"discount-restricted","14":"first","15":"instock","16":"sale","17":"downloadable","18":"virtual","19":"sold-individually","20":"purchasable","21":"product-type-simple"},"_links":{"self":[{"href":"https:\/\/gpl-love.com\/fr\/wp-json\/wp\/v2\/product\/105695","targetHints":{"allow":["GET"]}}],"collection":[{"href":"https:\/\/gpl-love.com\/fr\/wp-json\/wp\/v2\/product"}],"about":[{"href":"https:\/\/gpl-love.com\/fr\/wp-json\/wp\/v2\/types\/product"}],"replies":[{"embeddable":true,"href":"https:\/\/gpl-love.com\/fr\/wp-json\/wp\/v2\/comments?post=105695"}],"wp:featuredmedia":[{"embeddable":true,"href":"https:\/\/gpl-love.com\/fr\/wp-json\/wp\/v2\/media\/145812"}],"wp:attachment":[{"href":"https:\/\/gpl-love.com\/fr\/wp-json\/wp\/v2\/media?parent=105695"}],"wp:term":[{"taxonomy":"product_brand","embeddable":true,"href":"https:\/\/gpl-love.com\/fr\/wp-json\/wp\/v2\/product_brand?post=105695"},{"taxonomy":"product_cat","embeddable":true,"href":"https:\/\/gpl-love.com\/fr\/wp-json\/wp\/v2\/product_cat?post=105695"},{"taxonomy":"product_tag","embeddable":true,"href":"https:\/\/gpl-love.com\/fr\/wp-json\/wp\/v2\/product_tag?post=105695"}],"curies":[{"name":"wp","href":"https:\/\/api.w.org\/{rel}","templated":true}]}}