{"id":105694,"date":"2023-02-06T00:00:00","date_gmt":"2023-02-05T23:00:00","guid":{"rendered":"http:\/\/gpl-love.com\/fr\/product\/woocommerce-aramex\/"},"modified":"2026-04-10T18:46:07","modified_gmt":"2026-04-10T16:46:07","slug":"woocommerce-aramex","status":"publish","type":"product","link":"https:\/\/gpl-love.com\/fr\/produit\/woocommerce-aramex\/","title":{"rendered":"WooCommerce Aramex 1.1.0"},"content":{"rendered":"<h3>WooCommerce Aramex Traits<\/h3>\n<p>WooCommerce Aramex sert de plugin d&rsquo;exp\u00e9dition qui s&rsquo;int\u00e8gre de mani\u00e8re transparente \u00e0 WooCommerce, pr\u00e9sentant ainsi les propri\u00e9taires de magasins en ligne la possibilit\u00e9 de rationaliser leurs processus d&rsquo;exp\u00e9dition de mani\u00e8re pratique. Ce plugin accorde aux utilisateurs la possibilit\u00e9 de g\u00e9n\u00e9rer et d&rsquo;imprimer sans effort des \u00e9tiquettes d&rsquo;exp\u00e9dition, de suivre les commandes et de g\u00e9rer avec comp\u00e9tence leurs exp\u00e9ditions. En outre, il est important de noter qu&rsquo;Aramex est reconnu internationalement comme une compagnie maritime r\u00e9put\u00e9e, garantissant ainsi que vos pr\u00e9cieux colis seront transport\u00e9s avec la plus grande s\u00e9curit\u00e9 et efficacit\u00e9 \u00e0 vos clients estim\u00e9s situ\u00e9s \u00e0 travers le monde. De plus, le plugin en question poss\u00e8de \u00e9galement une gamme diversifi\u00e9e d&rsquo;options d&rsquo;exp\u00e9dition, allant des services express aux services \u00e9conomiques, vous permettant ainsi d&rsquo;\u00e9tendre \u00e0 vos clients les tarifs d&rsquo;exp\u00e9dition les plus favorables et les d\u00e9lais de livraison. Que vous soyez exploit\u00e9 une entreprise \u00e0 \u00e9chelle modeste ou une entit\u00e9 d&rsquo;entreprise grandiose, WooCommerce Aramex a la capacit\u00e9 de simplifier vos op\u00e9rations d&rsquo;exp\u00e9dition et d&rsquo;augmenter l&rsquo;expansion de votre entreprise estim\u00e9e.<\/p>\n<ul>\n<li>Int\u00e9gration transparente des services d&rsquo;exp\u00e9dition Aramex avec votre boutique WooCommerce<\/li>\n<li>Calcul des tarifs d&rsquo;exp\u00e9dition en temps r\u00e9el bas\u00e9 sur la tarification Aramex<\/li>\n<li>Diverses m\u00e9thodes d&rsquo;exp\u00e9dition et options de livraison disponibles, y compris l&rsquo;expression expresse et le sol<\/li>\n<li>Mises \u00e0 jour automatique de g\u00e9n\u00e9ration de num\u00e9ros de suivi et de suivi des exp\u00e9ditions<\/li>\n<li>Int\u00e9gration avec l&rsquo;API d&rsquo;exp\u00e9dition Aramex pour la communication et la r\u00e9alisation rationalis\u00e9es<\/li>\n<li>G\u00e9n\u00e9ration de documents d&rsquo;impression et d&rsquo;exp\u00e9dition automatis\u00e9s<\/li>\n<li>Outils de v\u00e9rification et de correction de l&rsquo;adressage pour r\u00e9duire les erreurs de livraison et les co\u00fbts<\/li>\n<li>Compatibilit\u00e9 avec les r\u00e9glementations internationales d&rsquo;exp\u00e9dition et de douane pour le commerce \u00e9lectronique transfrontalier sans tracas<\/li>\n<\/ul>\n","protected":false},"excerpt":{"rendered":"<p>Le plugin WooCommerce Aramex, une solution d&rsquo;exp\u00e9dition tr\u00e8s robuste, offre l&rsquo;int\u00e9gration transparente des services d&rsquo;exp\u00e9dition Aramex avec votre boutique WooCommerce. Ce plugin extraordinaire vous permet de g\u00e9rer sans effort vos tarifs et options d&rsquo;exp\u00e9dition, de suivre sans effort vos envois et de fournir sans effort \u00e0 vos clients des frais d&rsquo;exp\u00e9dition et des d\u00e9lais de livraison pr\u00e9cis. Que vous soyez engag\u00e9 dans l&rsquo;exp\u00e9dition nationale ou internationale, le plugin WooCommerce Aramex rationalise l&rsquo;ensemble du processus, en vous assurant que vous \u00eates en mesure de fournir une exp\u00e9rience client transparente et fiable.<\/p>\n","protected":false},"featured_media":145807,"comment_status":"open","ping_status":"open","template":"","meta":[],"product_brand":[2440],"product_cat":[1182,1401,1181],"product_tag":[1398],"class_list":{"0":"post-105694","1":"product","2":"type-product","3":"status-publish","4":"has-post-thumbnail","6":"product_brand-woocommerce","7":"product_cat-commerce-electronique-plugins","8":"product_cat-paiement-commerce-electronique-plugins","9":"product_cat-plugins","10":"product_tag-woocommerce","11":"member-discount","12":"discount-restricted","14":"first","15":"instock","16":"sale","17":"downloadable","18":"virtual","19":"sold-individually","20":"purchasable","21":"product-type-simple"},"_links":{"self":[{"href":"https:\/\/gpl-love.com\/fr\/wp-json\/wp\/v2\/product\/105694","targetHints":{"allow":["GET"]}}],"collection":[{"href":"https:\/\/gpl-love.com\/fr\/wp-json\/wp\/v2\/product"}],"about":[{"href":"https:\/\/gpl-love.com\/fr\/wp-json\/wp\/v2\/types\/product"}],"replies":[{"embeddable":true,"href":"https:\/\/gpl-love.com\/fr\/wp-json\/wp\/v2\/comments?post=105694"}],"wp:featuredmedia":[{"embeddable":true,"href":"https:\/\/gpl-love.com\/fr\/wp-json\/wp\/v2\/media\/145807"}],"wp:attachment":[{"href":"https:\/\/gpl-love.com\/fr\/wp-json\/wp\/v2\/media?parent=105694"}],"wp:term":[{"taxonomy":"product_brand","embeddable":true,"href":"https:\/\/gpl-love.com\/fr\/wp-json\/wp\/v2\/product_brand?post=105694"},{"taxonomy":"product_cat","embeddable":true,"href":"https:\/\/gpl-love.com\/fr\/wp-json\/wp\/v2\/product_cat?post=105694"},{"taxonomy":"product_tag","embeddable":true,"href":"https:\/\/gpl-love.com\/fr\/wp-json\/wp\/v2\/product_tag?post=105694"}],"curies":[{"name":"wp","href":"https:\/\/api.w.org\/{rel}","templated":true}]}}