{"id":105692,"date":"2026-04-30T00:00:00","date_gmt":"2026-04-29T22:00:00","guid":{"rendered":"http:\/\/gpl-love.com\/fr\/product\/woocommerce-api-gestionnaire\/"},"modified":"2026-05-01T06:31:13","modified_gmt":"2026-05-01T04:31:13","slug":"woocommerce-api-manager","status":"publish","type":"product","link":"https:\/\/gpl-love.com\/fr\/produit\/woocommerce-api-manager\/","title":{"rendered":"WooCommerce API Manager 3.7.6"},"content":{"rendered":"<h3>WooCommerce API Manager Traits<\/h3>\n<p>Le WooCommerce API Manager est un outil incroyablement robuste et efficace qui a \u00e9t\u00e9 con\u00e7u de mani\u00e8re complexe pour aider les entreprises \u00e0 g\u00e9rer et \u00e0 exercer efficacement le contr\u00f4le sur l&rsquo;acc\u00e8s \u00e0 leur API WooCommerce. Il offre une multitude de fonctionnalit\u00e9s et de fonctionnalit\u00e9s, y compris la possibilit\u00e9 de g\u00e9n\u00e9rer sans effort les cl\u00e9s API pour les clients, de r\u00e9guler efficacement l&rsquo;acc\u00e8s \u00e0 divers points de terminaison API et de surveiller avec diligence l&rsquo;utilisation de l&rsquo;API aux fins primordiales de la s\u00e9curit\u00e9 et de l&rsquo;efficacit\u00e9. Cette solution innovante et tr\u00e8s avantageuse est particuli\u00e8rement bien adapt\u00e9e aux entreprises qui se trouvent dans la position de devoir offrir \u00e0 leurs clients un acc\u00e8s API, tout en garantissant les niveaux de s\u00e9curit\u00e9 et de fiabilit\u00e9 plus importants pour ladite API. En employant le gestionnaire d&rsquo;API WooCommerce, les entreprises peuvent administrer de mani\u00e8re transparente et sans effort leur API, accordant ainsi \u00e0 leurs clients un acc\u00e8s s\u00e9curis\u00e9 et ferme \u00e0 leur estimation de WooCommerce.<\/p>\n<ul>\n<li>Int\u00e9gration transparente avec la plate-forme WooCommerce<\/li>\n<li>Capacit\u00e9s de gestion des API robustes<\/li>\n<li>Communication s\u00e9curis\u00e9e et crypt\u00e9e entre le magasin et l&rsquo;application<\/li>\n<li>Des modules compl\u00e9mentaires personnalisables pour r\u00e9pondre aux besoins commerciaux sp\u00e9cifiques<\/li>\n<li>Configuration et configuration faciles<\/li>\n<li>Synchronisation des donn\u00e9es en temps r\u00e9el pour les stocks et la gestion des commandes \u00e0 jour<\/li>\n<li>Gestion des cl\u00e9s de l&rsquo;API pour une s\u00e9curit\u00e9 accrue<\/li>\n<li>Capacit\u00e9 \u00e0 \u00e9tendre et \u00e0 am\u00e9liorer la fonctionnalit\u00e9 API WooCommerce existante<\/li>\n<li>Excellent support client et documentation<\/li>\n<li>Flux de travail rationalis\u00e9 pour une productivit\u00e9 et une efficacit\u00e9 am\u00e9lior\u00e9es<\/li>\n<\/ul>\n","protected":false},"excerpt":{"rendered":"<p>La gestion de votre boutique en ligne n&rsquo;a jamais \u00e9t\u00e9 aussi facile gr\u00e2ce au gestionnaire API de WooCommerce, un outil tr\u00e8s efficace qui rationalise la gestion des API de votre boutique et offre une surveillance compl\u00e8te de vos produits, clients et commandes. En offrant des capacit\u00e9s de suivi et de rapport en temps r\u00e9el, cet outil robuste vous permet de visiter une visibilit\u00e9 compl\u00e8te dans chaque facette des performances de votre magasin. De plus, il s&rsquo;int\u00e8gre de mani\u00e8re transparente \u00e0 votre installation WooCommerce pr\u00e9existante, simplifiant consid\u00e9rablement le processus de configuration. Par cons\u00e9quent, que vous soyez aux premi\u00e8res \u00e9tapes de l&rsquo;\u00e9tablissement de votre boutique en ligne ou que vous cherchiez \u00e0 am\u00e9liorer ses capacit\u00e9s, le gestionnaire API de WooCommerce de contribution sert de solution ultime pour r\u00e9pondre \u00e0 toutes vos exigences.<\/p>\n","protected":false},"featured_media":145804,"comment_status":"open","ping_status":"closed","template":"","meta":[],"product_brand":[2440],"product_cat":[1183,1182,1181],"product_tag":[1398],"class_list":{"0":"post-105692","1":"product","2":"type-product","3":"status-publish","4":"has-post-thumbnail","6":"product_brand-woocommerce","7":"product_cat-administration","8":"product_cat-commerce-electronique-plugins","9":"product_cat-plugins","10":"product_tag-woocommerce","11":"member-discount","12":"discount-restricted","14":"first","15":"instock","16":"sale","17":"downloadable","18":"virtual","19":"sold-individually","20":"purchasable","21":"product-type-simple"},"_links":{"self":[{"href":"https:\/\/gpl-love.com\/fr\/wp-json\/wp\/v2\/product\/105692","targetHints":{"allow":["GET"]}}],"collection":[{"href":"https:\/\/gpl-love.com\/fr\/wp-json\/wp\/v2\/product"}],"about":[{"href":"https:\/\/gpl-love.com\/fr\/wp-json\/wp\/v2\/types\/product"}],"replies":[{"embeddable":true,"href":"https:\/\/gpl-love.com\/fr\/wp-json\/wp\/v2\/comments?post=105692"}],"wp:featuredmedia":[{"embeddable":true,"href":"https:\/\/gpl-love.com\/fr\/wp-json\/wp\/v2\/media\/145804"}],"wp:attachment":[{"href":"https:\/\/gpl-love.com\/fr\/wp-json\/wp\/v2\/media?parent=105692"}],"wp:term":[{"taxonomy":"product_brand","embeddable":true,"href":"https:\/\/gpl-love.com\/fr\/wp-json\/wp\/v2\/product_brand?post=105692"},{"taxonomy":"product_cat","embeddable":true,"href":"https:\/\/gpl-love.com\/fr\/wp-json\/wp\/v2\/product_cat?post=105692"},{"taxonomy":"product_tag","embeddable":true,"href":"https:\/\/gpl-love.com\/fr\/wp-json\/wp\/v2\/product_tag?post=105692"}],"curies":[{"name":"wp","href":"https:\/\/api.w.org\/{rel}","templated":true}]}}