{"id":105690,"date":"2026-04-30T00:00:00","date_gmt":"2026-04-29T22:00:00","guid":{"rendered":"http:\/\/gpl-love.com\/fr\/product\/woocommerce-de-lutte-antifraude\/"},"modified":"2026-05-09T12:30:40","modified_gmt":"2026-05-09T10:30:40","slug":"woocommerce-antifraud","status":"publish","type":"product","link":"https:\/\/gpl-love.com\/fr\/produit\/woocommerce-antifraud\/","title":{"rendered":"WooCommerce Anti Fraud 7.2.6"},"content":{"rendered":"<h3>WooCommerce Anti Fraud Traits<\/h3>\n<p>WooCommerce anti-fraude est un outil extr\u00eamement robuste et efficace qui a \u00e9t\u00e9 sp\u00e9cifiquement con\u00e7u pour fortifier et prot\u00e9ger votre magasin en ligne estim\u00e9 \u00e0 partir de toute activit\u00e9 frauduleuse potentielle qui pourrait survenir. Avec la mise en \u0153uvre de ce plugin hautement avanc\u00e9 et sophistiqu\u00e9, vous aurez la capacit\u00e9 remarquable de surveiller de pr\u00e8s et avec diligence toutes les transactions en temps r\u00e9el, vous permettant ainsi d&rsquo;identifier rapidement et de mani\u00e8re d\u00e9cisive et de bloquer par la suite toutes les transactions suspectes, contrecarrant efficacement le Intentions n\u00e9fastes des fraudeurs et emp\u00eachant toute ordonnance frauduleuse d&rsquo;\u00eatre trait\u00e9e.<\/p>\n<p>Cet outil ing\u00e9nieux exploite la vaste puissance et les capacit\u00e9s des algorithmes de pointe et des m\u00e9canismes d&rsquo;apprentissage automatique complexes pour analyser et examiner m\u00e9ticuleusement le comportement des clients, \u00e9tudiant et d\u00e9tectant de mani\u00e8re approfondie tous les mod\u00e8les discernables qui peuvent potentiellement servir de signes r\u00e9v\u00e9lateurs d&rsquo;activit\u00e9s frauduleuses. La fraude \u00e0 multiplaquettes de WooCommerce vous fournit \u00e9galement g\u00e9n\u00e9reusement un rapport approfondi et complet concernant chaque transaction, vous accordant ainsi une richesse inestimable de id\u00e9es et de connaissances, ce qui sera sans aucun doute d\u00e9terminant dans la fortification de la s\u00e9curit\u00e9 et de la fortification de votre magasin et de votre magasin en la fortifiant sans aucun doute pour la s\u00e9curit\u00e9 globale de votre magasin et la fortifie Contre les futures tentatives de fraude. Thus, regardless of whether you preside over a quaint and modest small-scale enterprise or a sprawling and sophisticated corporate entity, embracing and integrating WooCommerce Anti Fraud is an indispensable and indispensable measure that will undoubtedly prove pivotal in preserving and safeguarding both your business interests and Les int\u00e9r\u00eats et le bien-\u00eatre de votre client\u00e8le estim\u00e9s, les prot\u00e9geant efficacement du fl\u00e9au des activit\u00e9s frauduleuses.<\/p>\n<ul>\n<li>Fournit une protection avanc\u00e9e de fraude pour les magasins en ligne \u00e0 l&rsquo;aide de la plateforme WooCommerce<\/li>\n<li>Utilise des algorithmes d&rsquo;apprentissage automatique pour d\u00e9tecter et pr\u00e9venir les transactions frauduleuses<\/li>\n<li>Bloque automatiquement les ordres \u00e0 haut risque et alerte les marchands de tentatives de fraude potentielles<\/li>\n<li>R\u00e9duit les taux de r\u00e9troaction et minimise les pertes financi\u00e8res pour les entreprises<\/li>\n<li>Comprend la surveillance des commandes en temps r\u00e9el et les r\u00e8gles de fraude personnalisables pour une s\u00e9curit\u00e9 suppl\u00e9mentaire<\/li>\n<li>Offre une analyse d\u00e9taill\u00e9e de la fraude et des rapports pour aider les entreprises \u00e0 mieux comprendre leurs strat\u00e9gies de pr\u00e9vention de la fraude<\/li>\n<li>Compatible avec diverses passerelles de paiement et fonctionne de mani\u00e8re transparente avec d&rsquo;autres extensions WooCommerce<\/li>\n<li>Facile \u00e0 installer et \u00e0 utiliser, avec une interface conviviale et une documentation et une prise en charge compl\u00e8tes<\/li>\n<li>Solution rentable pour les entreprises de toutes tailles pour am\u00e9liorer leur s\u00e9curit\u00e9 en ligne et prot\u00e9ger leur r\u00e9sultat net<\/li>\n<\/ul>\n","protected":false},"excerpt":{"rendered":"<p>WooCommerce Anti Fraud sert de solution formidable, ce qui permet aux entreprises en ligne d&rsquo;identifier efficacement les commandes trompeuses et de contrecarrer de mani\u00e8re proactive toute recharge potentielle. Tirant parti des algorithmes sophistiqu\u00e9s d&rsquo;apprentissage automatique, ce plugin examine m\u00e9ticuleusement divers aspects tels que le comportement du client, la g\u00e9olocalisation IP et d&rsquo;autres facteurs contributifs pour signaler rapidement les fraudeurs potentiels. En offrant des alertes en temps r\u00e9el et en mettant en \u0153uvre des r\u00e8gles automatis\u00e9es, les entreprises peuvent rapidement \u00e9valuer les ordres douteux et prendre les mesures n\u00e9cessaires pour fortifier leurs int\u00e9r\u00eats. L&rsquo;installation et la configuration de l&rsquo;anti-fraude WooCommerce est un processus sans tracas, et il poss\u00e8de un tableau de bord complet qui fournit des informations pr\u00e9cieuses sur vos efforts de pr\u00e9vention de la fraude. \u00c9levez vos revenus et minimisez les risques en exploitant le pouvoir de la fraude WooCommerce.<\/p>\n","protected":false},"featured_media":145803,"comment_status":"open","ping_status":"closed","template":"","meta":[],"product_brand":[2440],"product_cat":[1183,1182,1181],"product_tag":[1398],"class_list":{"0":"post-105690","1":"product","2":"type-product","3":"status-publish","4":"has-post-thumbnail","6":"product_brand-woocommerce","7":"product_cat-administration","8":"product_cat-commerce-electronique-plugins","9":"product_cat-plugins","10":"product_tag-woocommerce","11":"member-discount","12":"discount-restricted","14":"first","15":"instock","16":"sale","17":"downloadable","18":"virtual","19":"sold-individually","20":"purchasable","21":"product-type-simple"},"_links":{"self":[{"href":"https:\/\/gpl-love.com\/fr\/wp-json\/wp\/v2\/product\/105690","targetHints":{"allow":["GET"]}}],"collection":[{"href":"https:\/\/gpl-love.com\/fr\/wp-json\/wp\/v2\/product"}],"about":[{"href":"https:\/\/gpl-love.com\/fr\/wp-json\/wp\/v2\/types\/product"}],"replies":[{"embeddable":true,"href":"https:\/\/gpl-love.com\/fr\/wp-json\/wp\/v2\/comments?post=105690"}],"wp:featuredmedia":[{"embeddable":true,"href":"https:\/\/gpl-love.com\/fr\/wp-json\/wp\/v2\/media\/145803"}],"wp:attachment":[{"href":"https:\/\/gpl-love.com\/fr\/wp-json\/wp\/v2\/media?parent=105690"}],"wp:term":[{"taxonomy":"product_brand","embeddable":true,"href":"https:\/\/gpl-love.com\/fr\/wp-json\/wp\/v2\/product_brand?post=105690"},{"taxonomy":"product_cat","embeddable":true,"href":"https:\/\/gpl-love.com\/fr\/wp-json\/wp\/v2\/product_cat?post=105690"},{"taxonomy":"product_tag","embeddable":true,"href":"https:\/\/gpl-love.com\/fr\/wp-json\/wp\/v2\/product_tag?post=105690"}],"curies":[{"name":"wp","href":"https:\/\/api.w.org\/{rel}","templated":true}]}}