{"id":105688,"date":"2026-04-18T00:00:00","date_gmt":"2026-04-17T22:00:00","guid":{"rendered":"http:\/\/gpl-love.com\/fr\/product\/woocommerce-amazon-s3-stockage\/"},"modified":"2026-04-19T00:31:05","modified_gmt":"2026-04-18T22:31:05","slug":"woocommerce-amazon-s3-stockage","status":"publish","type":"product","link":"https:\/\/gpl-love.com\/fr\/produit\/woocommerce-amazon-s3-stockage\/","title":{"rendered":"WooCommerce Amazon S3 Storage 3.5.1"},"content":{"rendered":"<h3>WooCommerce Amazon S3 Storage Traits<\/h3>\n<p>Le plugin de stockage WooCommerce Amazon S3 est un outil tr\u00e8s b\u00e9n\u00e9fique car il vous permet de stocker facilement les fichiers multim\u00e9dias de votre magasin WooCommerce sur le service de stockage cloud fourni par Amazon S3. En utilisant ce plugin, vous pouvez cr\u00e9er efficacement plus d&rsquo;espace sur le serveur de votre site Web, optimiser la vitesse de chargement de votre site Web et profiter des avantages d&rsquo;une solution de stockage s\u00e9curis\u00e9e et fiable pour tous vos fichiers.<\/p>\n<p>Ce plugin vous accorde la possibilit\u00e9 de transf\u00e9rer sans effort vos fichiers multim\u00e9dias existants sur Amazon S3 et de les g\u00e9rer sans effort directement \u00e0 partir de votre tableau de bord WooCommerce. De plus, vous avez la possibilit\u00e9 d&rsquo;\u00e9tablir des politiques sp\u00e9cifiques concernant l&rsquo;acc\u00e8s et la r\u00e9tention des fichiers, et de vous int\u00e9grer de mani\u00e8re transparente \u00e0 d&rsquo;autres produits notables offerts par Amazon Web Services (AWS), tels que CloudFront et Elastic Transcoder.<\/p>\n<p>Gr\u00e2ce \u00e0 l&rsquo;utilisation du plugin de stockage Amazon S3 WooCommerce, vous pouvez garantir que vos fichiers multim\u00e9dias resteront toujours facilement accessibles, en toute s\u00e9curit\u00e9 et bien prot\u00e9g\u00e9s. De plus, ce plugin garantit que vos clients peuvent profiter d&rsquo;une exp\u00e9rience d&rsquo;achat transparente sur votre site Web, am\u00e9liorant davantage leur satisfaction globale.<\/p>\n<ul>\n<li>Int\u00e9grez de mani\u00e8re transparente votre magasin WooCommerce avec Amazon S3 Storage<\/li>\n<li>G\u00e9rez facilement vos produits et fichiers num\u00e9riques dans Amazon S3<\/li>\n<li>Stockez en toute s\u00e9curit\u00e9 vos fichiers num\u00e9riques avec les fonctionnalit\u00e9s de s\u00e9curit\u00e9 robustes d&rsquo;Amazon<\/li>\n<li>Am\u00e9liorer les performances du site Web en d\u00e9chargeant les grands fichiers vers Amazon S3<\/li>\n<li>Options de stockage flexibles pour vous aider \u00e0 trouver le bon plan pour les besoins de votre entreprise<\/li>\n<li>Plus d&rsquo;inqui\u00e9tude des limitations de stockage sur l&rsquo;h\u00f4te de votre site Web<\/li>\n<li>Automatisez votre stockage et votre livraison de produits num\u00e9riques pour optimiser votre workflow<\/li>\n<li>Obtenez la tranquillit\u00e9 d&rsquo;esprit avec un stockage redondant pour une protection suppl\u00e9mentaire de donn\u00e9es<\/li>\n<li>Assistance client disponible pour aider \u00e0 tous les probl\u00e8mes que vous pourriez rencontrer<\/li>\n<li>Processus d&rsquo;installation simple avec des instructions claires et \u00e9tape par \u00e9tape.<\/li>\n<\/ul>\n","protected":false},"excerpt":{"rendered":"<p>Le plugin de stockage WooCommerce Amazon S3, un outil fiable et hautement performant, offre aux utilisateurs la possibilit\u00e9 d&rsquo;enregistrer sans effort et parfaitement les donn\u00e9es de leur site Web dans le stockage cloud robuste d&rsquo;Amazon S3. En facilitant l&rsquo;int\u00e9gration en douceur et en rationalisant le processus de configuration, ce plugin accorde aux clients une solution \u00e9volutive et imprenable pour g\u00e9rer et organiser efficacement le contenu diversifi\u00e9 de leur site Web, englobant des images, l&rsquo;audio, la vid\u00e9o et divers autres types de fichiers. En fin de compte, en tirant parti du plugin de stockage WooCommerce Amazon S3, les utilisateurs peuvent stocker leurs donn\u00e9es sans aucune difficult\u00e9 ou pr\u00e9occupation, am\u00e9liorant simultan\u00e9ment la vitesse de leur site Web et optimisant ses performances globales.<\/p>\n","protected":false},"featured_media":145802,"comment_status":"open","ping_status":"open","template":"","meta":[],"product_brand":[2440],"product_cat":[1183,1182,1181],"product_tag":[1398],"class_list":{"0":"post-105688","1":"product","2":"type-product","3":"status-publish","4":"has-post-thumbnail","6":"product_brand-woocommerce","7":"product_cat-administration","8":"product_cat-commerce-electronique-plugins","9":"product_cat-plugins","10":"product_tag-woocommerce","11":"member-discount","12":"discount-restricted","14":"first","15":"instock","16":"sale","17":"downloadable","18":"virtual","19":"sold-individually","20":"purchasable","21":"product-type-simple"},"_links":{"self":[{"href":"https:\/\/gpl-love.com\/fr\/wp-json\/wp\/v2\/product\/105688","targetHints":{"allow":["GET"]}}],"collection":[{"href":"https:\/\/gpl-love.com\/fr\/wp-json\/wp\/v2\/product"}],"about":[{"href":"https:\/\/gpl-love.com\/fr\/wp-json\/wp\/v2\/types\/product"}],"replies":[{"embeddable":true,"href":"https:\/\/gpl-love.com\/fr\/wp-json\/wp\/v2\/comments?post=105688"}],"wp:featuredmedia":[{"embeddable":true,"href":"https:\/\/gpl-love.com\/fr\/wp-json\/wp\/v2\/media\/145802"}],"wp:attachment":[{"href":"https:\/\/gpl-love.com\/fr\/wp-json\/wp\/v2\/media?parent=105688"}],"wp:term":[{"taxonomy":"product_brand","embeddable":true,"href":"https:\/\/gpl-love.com\/fr\/wp-json\/wp\/v2\/product_brand?post=105688"},{"taxonomy":"product_cat","embeddable":true,"href":"https:\/\/gpl-love.com\/fr\/wp-json\/wp\/v2\/product_cat?post=105688"},{"taxonomy":"product_tag","embeddable":true,"href":"https:\/\/gpl-love.com\/fr\/wp-json\/wp\/v2\/product_tag?post=105688"}],"curies":[{"name":"wp","href":"https:\/\/api.w.org\/{rel}","templated":true}]}}