{"id":105686,"date":"2025-12-23T00:00:00","date_gmt":"2025-12-22T23:00:00","guid":{"rendered":"http:\/\/gpl-love.com\/fr\/product\/woocommerce-amazon-fulfillment\/"},"modified":"2026-03-20T23:44:22","modified_gmt":"2026-03-20T22:44:22","slug":"woocommerce-amazon-fulfillment","status":"publish","type":"product","link":"https:\/\/gpl-love.com\/fr\/produit\/woocommerce-amazon-fulfillment\/","title":{"rendered":"WooCommerce Amazon Fulfillment 4.2.9.5"},"content":{"rendered":"<h3>WooCommerce Amazon Fulfillment Traits<\/h3>\n<p>WooCommerce Amazon \u00e9panouissement est un plugin exceptionnellement puissant qui facilite la rationalisation de vos op\u00e9rations de commerce \u00e9lectronique en int\u00e9grant de mani\u00e8re transparente votre magasin WooCommerce avec le service tr\u00e8s estim\u00e9 d&rsquo;Amazon par Amazon (FBA). Ce plugin remarquable automatise l&rsquo;int\u00e9gralit\u00e9 du processus de r\u00e9alisation, commen\u00e7ant par le placement des commandes \u00e0 la gestion habilement des stocks et \u00e0 la conclusion par une exp\u00e9dition efficace. Par cons\u00e9quent, cela vous \u00e9vite non seulement une quantit\u00e9 consid\u00e9rable de temps pr\u00e9cieux, mais vous permet \u00e9galement de superviser et d&rsquo;administrer efficacement votre boutique en ligne. Les fonctionnalit\u00e9s \u00e0 multiples facettes de WooCommerce Amazon Fainment englobent la gestion et le suivi sans effort de toutes les commandes et inventaires d&rsquo;Amazon FBA, l&rsquo;acc\u00e8s \u00e0 des rapports d&rsquo;exp\u00e9dition et d&rsquo;ex\u00e9cution complets, ainsi que la disponibilit\u00e9 d&rsquo;un support de service client rapide. Ainsi, ce plugin est la quintessence de la perfection pour les d\u00e9taillants en ligne aspirant \u00e0 \u00e9largir leurs horizons en achetant leurs produits sur Amazon, tout en assurant une synchronisation transparente avec leur magasin WooCommerce. Les avantages inestimables offerts par le r\u00e9seau d&rsquo;ex\u00e9cution de classe mondiale d&rsquo;Amazon peuvent \u00eatre exploit\u00e9s sans effort gr\u00e2ce \u00e0 l&rsquo;utilisation de la r\u00e9alisation de WooCommerce Amazon, \u00e9vitant ainsi la n\u00e9cessit\u00e9 d&rsquo;abandonner votre magasin WooCommerce ch\u00e9ri.<\/p>\n<ul>\n<li>Int\u00e9gration transparente entre WooCommerce et Amazon Fulfillment<\/li>\n<li>Synchronise automatiquement les donn\u00e9es de commande et l&rsquo;envoie \u00e0 Amazon pour la r\u00e9alisation<\/li>\n<li>Suit l&rsquo;\u00e9tat d&rsquo;exp\u00e9dition et met \u00e0 jour l&rsquo;\u00e9tat de commande dans wooCommerce<\/li>\n<li>Simplifie la gestion des commandes en \u00e9liminant la saisie manuelle et la r\u00e9duction des erreurs<\/li>\n<li>Am\u00e9liore la satisfaction des clients en fournissant des informations de livraison plus pr\u00e9cises<\/li>\n<li>\u00c9conomise du temps et augmente l&rsquo;efficacit\u00e9 des marchands en ligne<\/li>\n<li>Donne acc\u00e8s au r\u00e9seau de logistique et de distribution de classe mondiale d&rsquo;Amazon<\/li>\n<li>Offre un suivi des stocks en temps r\u00e9el et des alertes pour les produits hors stock<\/li>\n<li>Prend en charge plusieurs options de r\u00e9alisation, notamment FBA, le vendeur accompli de Prime et l&rsquo;accomplissement des marchands<\/li>\n<\/ul>\n","protected":false},"excerpt":{"rendered":"<p>WooCommerce Amazon \u00e9panouissement, un plugin tr\u00e8s puissant, sert d&rsquo;outil inestimable pour les d\u00e9taillants en ligne qui cherchent \u00e0 rationaliser et \u00e0 automatiser leur processus d&rsquo;exp\u00e9dition de commande gr\u00e2ce \u00e0 une int\u00e9gration transparente avec Amazon FBA (\u00e9panouissement par Amazon). Ce plugin conf\u00e8re aux utilisateurs la possibilit\u00e9 d&rsquo;envoyer leurs commandes sans effort aux entrep\u00f4ts exploit\u00e9s par Amazon, facilitant par la suite la livraison rapide de produits \u00e0 leur client\u00e8le estim\u00e9e, tout en minimisant les complications logistiques qui peuvent survenir. De plus, les fonctionnalit\u00e9s de ce plugin s&rsquo;\u00e9tendent pour englober le suivi en temps r\u00e9el des exp\u00e9ditions, ce qui permet aux d\u00e9taillants de faire un plus grand contr\u00f4le sur le processus d&rsquo;exp\u00e9dition, un facteur qui catalyse invariablement l&rsquo;am\u00e9lioration de la satisfaction client. En outre, ce plugin r\u00e9volutionnaire d\u00e9montre sa polyvalence remarquable en harmonisant efficacement la gestion des stocks avec le cadre complexe de son compte Amazon Vender, \u00e9liminant ainsi les d\u00e9fis r\u00e9pandus qui accompagnent invariablement de telles efforts. Ind\u00e9pendamment du fait que ses op\u00e9rations d&rsquo;exp\u00e9dition soient intrins\u00e8quement de nature ou poss\u00e8dent une dimension internationale, l&rsquo;indispensibilit\u00e9 de la r\u00e9alisation d&rsquo;Amazon WooCommerce se manifeste dans sa capacit\u00e9 \u00e0 s&rsquo;attaquer efficacement au domaine \u00e0 multiples face Entreprises de commerce \u00e9lectronique.<\/p>\n","protected":false},"featured_media":145801,"comment_status":"open","ping_status":"open","template":"","meta":[],"product_brand":[2440],"product_cat":[1183,1182,1181],"product_tag":[1398],"class_list":{"0":"post-105686","1":"product","2":"type-product","3":"status-publish","4":"has-post-thumbnail","6":"product_brand-woocommerce","7":"product_cat-administration","8":"product_cat-commerce-electronique-plugins","9":"product_cat-plugins","10":"product_tag-woocommerce","11":"member-discount","12":"discount-restricted","14":"first","15":"instock","16":"sale","17":"downloadable","18":"virtual","19":"sold-individually","20":"purchasable","21":"product-type-simple"},"_links":{"self":[{"href":"https:\/\/gpl-love.com\/fr\/wp-json\/wp\/v2\/product\/105686","targetHints":{"allow":["GET"]}}],"collection":[{"href":"https:\/\/gpl-love.com\/fr\/wp-json\/wp\/v2\/product"}],"about":[{"href":"https:\/\/gpl-love.com\/fr\/wp-json\/wp\/v2\/types\/product"}],"replies":[{"embeddable":true,"href":"https:\/\/gpl-love.com\/fr\/wp-json\/wp\/v2\/comments?post=105686"}],"wp:featuredmedia":[{"embeddable":true,"href":"https:\/\/gpl-love.com\/fr\/wp-json\/wp\/v2\/media\/145801"}],"wp:attachment":[{"href":"https:\/\/gpl-love.com\/fr\/wp-json\/wp\/v2\/media?parent=105686"}],"wp:term":[{"taxonomy":"product_brand","embeddable":true,"href":"https:\/\/gpl-love.com\/fr\/wp-json\/wp\/v2\/product_brand?post=105686"},{"taxonomy":"product_cat","embeddable":true,"href":"https:\/\/gpl-love.com\/fr\/wp-json\/wp\/v2\/product_cat?post=105686"},{"taxonomy":"product_tag","embeddable":true,"href":"https:\/\/gpl-love.com\/fr\/wp-json\/wp\/v2\/product_tag?post=105686"}],"curies":[{"name":"wp","href":"https:\/\/api.w.org\/{rel}","templated":true}]}}