{"id":105684,"date":"2025-11-30T00:00:00","date_gmt":"2025-11-29T23:00:00","guid":{"rendered":"http:\/\/gpl-love.com\/fr\/product\/woocommerce-avancee-etiquettes-produit\/"},"modified":"2026-03-20T23:44:18","modified_gmt":"2026-03-20T22:44:18","slug":"woocommerce-advanced-product-labels","status":"publish","type":"product","link":"https:\/\/gpl-love.com\/fr\/produit\/woocommerce-advanced-product-labels\/","title":{"rendered":"WooCommerce Advanced Product Labels 1.3.3"},"content":{"rendered":"<h3>WooCommerce Advanced Product Labels Traits<\/h3>\n<p>Le plugin WooCommerce Advanced Products Labels propose une gamme de fonctionnalit\u00e9s innovantes qui permettent aux propri\u00e9taires de magasins en ligne de g\u00e9n\u00e9rer et de g\u00e9rer sans effort des \u00e9tiquettes personnalis\u00e9es pour leur magasin WooCommerce. Ce plugin remarquable fournit une interface conviviale qui facilite la cr\u00e9ation de divers types d&rsquo;\u00e9tiquettes, y compris les \u00e9tiquettes de vente, les nouvelles \u00e9tiquettes, les \u00e9tiquettes en rupture de stock, etc. En offrant aux propri\u00e9taires de magasins la possibilit\u00e9 de personnaliser l&rsquo;apparence, la position et le comportement des \u00e9tiquettes, ce plugin leur permet de mettre efficacement les produits, les promotions et les ventes sp\u00e9cifiques, ce qui, \u00e0 son tour, stimule les conversions et amplifie les ventes. De plus, ce plugin exceptionnel pr\u00e9sente des capacit\u00e9s de g\u00e9n\u00e9ration d&rsquo;\u00e9tiquettes dynamiques, facilitant ainsi la g\u00e9n\u00e9ration automatis\u00e9e d&rsquo;\u00e9tiquettes en fonction d&rsquo;une vari\u00e9t\u00e9 de crit\u00e8res de produit. La demande pour cet outil indispensable est \u00e9lev\u00e9e parmi les magasins en ligne qui s&rsquo;efforcent d&rsquo;optimiser leurs ventes en pr\u00e9sentant habilement leurs produits \u00e0 leurs clients estim\u00e9s.<\/p>\n<ul>\n<li>Fournit des options de personnalisation avanc\u00e9e pour les produits WooCommerce<\/li>\n<li>Permet la cr\u00e9ation d&rsquo;\u00e9tiquettes personnalis\u00e9es en fonction de crit\u00e8res de produit tels que la cat\u00e9gorie, la gamme de prix ou l&rsquo;\u00e9tat des actions<\/li>\n<li>Offre une large gamme de styles et de mod\u00e8les d&rsquo;\u00e9tiquette, y compris des \u00e9tiquettes de texte, d&rsquo;ic\u00f4nes et de ruban<\/li>\n<li>Permet d&rsquo;appliquer des \u00e9tiquettes \u00e0 des produits individuels ou \u00e0 tous les produits d&rsquo;une cat\u00e9gorie<\/li>\n<li>Offre la possibilit\u00e9 de planifier des \u00e9tiquettes pour appara\u00eetre et dispara\u00eetre \u00e0 des moments et des dates sp\u00e9cifiques<\/li>\n<li>Permet la cr\u00e9ation d&rsquo;\u00e9tiquettes pr\u00eates \u00e0 la traduction pour prendre en charge plusieurs langues<\/li>\n<li>Offre une gestion rapide et facile de l&rsquo;\u00e9tiquette \u00e0 partir de l&rsquo;\u00e9cran d&rsquo;\u00e9dition du produit WooCommerce<\/li>\n<li>Compatible avec une gamme de th\u00e8mes et de plugins WordPress et WooCommerce.<\/li>\n<\/ul>\n","protected":false},"excerpt":{"rendered":"<p>WooCommerce Advanced Product Labels est un plugin incroyablement fiable et tr\u00e8s efficace qui vous offre un moyen transparent et sans effort pour vous int\u00e9grer et g\u00e9rer efficacement les \u00e9tiquettes de produits dans votre boutique en ligne WooCommerce. Gr\u00e2ce \u00e0 son interface conviviale et intuitive, vous avez la capacit\u00e9 exceptionnelle de cr\u00e9er et de concevoir et de concevoir facilement des \u00e9tiquettes personnalis\u00e9es qui sont sp\u00e9cifiquement adapt\u00e9es pour mettre en \u00e9vidence et accentuer des informations cruciales et importantes relatives \u00e0 votre gamme de produits. Ces \u00e9tiquettes peuvent attirer efficacement l&rsquo;attention sur des aspects notables tels que les ventes attrayantes ou les articles \u00e0 prix r\u00e9duits, les nouveaux arrivants attrayants et s\u00e9duisants, ou m\u00eame les produits les plus en vedette que vous avez propos\u00e9s. De plus, en utilisant ce plugin inestimable et robuste, vous avez la possibilit\u00e9 d&rsquo;\u00e9tablir et de configurer des \u00e9tiquettes pour \u00eatre affich\u00e9e dynamiquement et automatiquement en fonction d&rsquo;une myriade d&rsquo;assortiment de r\u00e8gles pr\u00e9d\u00e9termin\u00e9es et pr\u00e9d\u00e9finies que vous pouvez d\u00e9finir et sp\u00e9cifier. Ces r\u00e8gles peuvent \u00eatre fond\u00e9es sur un \u00e9ventail vaste et diversifi\u00e9 de crit\u00e8res, y compris, mais sans s&rsquo;y limiter, la cat\u00e9gorie des produits, la p\u00e9riode de vente actuelle ou \u00e0 venir, ou m\u00eame les niveaux de stock existants des produits en question. Ainsi, les \u00e9tiquettes de produits avanc\u00e9es WooCommerce servent ind\u00e9niablement un actif indispensable et supr\u00eamement inestimable pour les propri\u00e9taires de magasins, car cela non seulement am\u00e9liore consid\u00e9rablement l&rsquo;exp\u00e9rience client globale, mais maximise efficacement et optimise efficacement les diverses opportunit\u00e9s de vente qui leur sont pr\u00e9sent\u00e9es.<\/p>\n","protected":false},"featured_media":145796,"comment_status":"open","ping_status":"closed","template":"","meta":[],"product_brand":[2440],"product_cat":[1182,1223,1181],"product_tag":[1398],"class_list":{"0":"post-105684","1":"product","2":"type-product","3":"status-publish","4":"has-post-thumbnail","6":"product_brand-woocommerce","7":"product_cat-commerce-electronique-plugins","8":"product_cat-personnalisation-commerce-electronique-plugins","9":"product_cat-plugins","10":"product_tag-woocommerce","11":"member-discount","12":"discount-restricted","14":"first","15":"instock","16":"sale","17":"downloadable","18":"virtual","19":"sold-individually","20":"purchasable","21":"product-type-simple"},"_links":{"self":[{"href":"https:\/\/gpl-love.com\/fr\/wp-json\/wp\/v2\/product\/105684","targetHints":{"allow":["GET"]}}],"collection":[{"href":"https:\/\/gpl-love.com\/fr\/wp-json\/wp\/v2\/product"}],"about":[{"href":"https:\/\/gpl-love.com\/fr\/wp-json\/wp\/v2\/types\/product"}],"replies":[{"embeddable":true,"href":"https:\/\/gpl-love.com\/fr\/wp-json\/wp\/v2\/comments?post=105684"}],"wp:featuredmedia":[{"embeddable":true,"href":"https:\/\/gpl-love.com\/fr\/wp-json\/wp\/v2\/media\/145796"}],"wp:attachment":[{"href":"https:\/\/gpl-love.com\/fr\/wp-json\/wp\/v2\/media?parent=105684"}],"wp:term":[{"taxonomy":"product_brand","embeddable":true,"href":"https:\/\/gpl-love.com\/fr\/wp-json\/wp\/v2\/product_brand?post=105684"},{"taxonomy":"product_cat","embeddable":true,"href":"https:\/\/gpl-love.com\/fr\/wp-json\/wp\/v2\/product_cat?post=105684"},{"taxonomy":"product_tag","embeddable":true,"href":"https:\/\/gpl-love.com\/fr\/wp-json\/wp\/v2\/product_tag?post=105684"}],"curies":[{"name":"wp","href":"https:\/\/api.w.org\/{rel}","templated":true}]}}