{"id":105682,"date":"2026-04-27T00:00:00","date_gmt":"2026-04-26T22:00:00","guid":{"rendered":"http:\/\/gpl-love.com\/fr\/product\/woocommerce-administrateur-personnalises-les-champs\/"},"modified":"2026-04-28T00:31:32","modified_gmt":"2026-04-27T22:31:32","slug":"woocommerce-admin-custom-order-fields","status":"publish","type":"product","link":"https:\/\/gpl-love.com\/fr\/produit\/woocommerce-admin-custom-order-fields\/","title":{"rendered":"WooCommerce Admin Custom Order Fields 1.17.3"},"content":{"rendered":"<h3>WooCommerce Admin Custom Order Fields Traits<\/h3>\n<p>Le plugin WooCommerce Admin Custom Order Fields est un outil tr\u00e8s efficace qui int\u00e8gre de mani\u00e8re transparente les champs personnalis\u00e9s dans la page D\u00e9tails de la commande dans la vaste \u00e9tendue de la zone d&rsquo;administration WooCommerce. Cette fonctionnalit\u00e9 inestimable vous permet de procurer sans effort des informations suppl\u00e9mentaires de vos clients estim\u00e9s pendant la phase de paiement pivot, englobant un vaste \u00e9ventail de possibilit\u00e9s allant des gravures personnalis\u00e9es aux directives sp\u00e9cifiques concernant la logistique complexe de la livraison. La mise en \u0153uvre transparente de ce plugin vous permet de g\u00e9n\u00e9rer et de g\u00e9rer sans effort des champs personnalis\u00e9s, ce qui a finalement abouti \u00e0 un affichage complet et coh\u00e9rent des donn\u00e9es dans la section D\u00e9tails de la commande. En vertu de ce plugin r\u00e9volutionnaire, votre processus de gestion des commandes est sur le point de subir une rationalisation sans pr\u00e9c\u00e9dent, favorisant de mani\u00e8re concomitante une exp\u00e9rience d&rsquo;achat distinctement personnalis\u00e9e qui r\u00e9sonnera indubitablement avec votre client\u00e8le ch\u00e9ri.<\/p>\n<ul>\n<li>Ajoutez facilement des champs de commande personnalis\u00e9s dans votre panneau d&rsquo;administration WooCommerce<\/li>\n<li>Am\u00e9liorez votre gestion de commande et le suivi en ajoutant des informations sp\u00e9cifiques \u00e0 chaque commande<\/li>\n<li>Personnaliser les champs pour r\u00e9pondre aux besoins de votre entreprise<\/li>\n<li>Choisissez parmi diff\u00e9rents types de champs, y compris le texte, la liste d\u00e9roulante, la case \u00e0 cocher et le s\u00e9lecteur de date<\/li>\n<li>Option d&rsquo;affichage des champs sur les e-mails et factures de commande pour une communication am\u00e9lior\u00e9e avec les clients<\/li>\n<li>Interface simple et conviviale pour l&rsquo;ajout et l&rsquo;\u00e9dition de champs<\/li>\n<li>Compatible avec les derni\u00e8res versions de WooCommerce et WordPress<\/li>\n<li>Gave le temps et rationalise votre processus de gestion des commandes<\/li>\n<li>Id\u00e9al pour les entreprises avec des exigences de commande uniques ou des produits sp\u00e9cialis\u00e9s<\/li>\n<\/ul>\n","protected":false},"excerpt":{"rendered":"<p>WooCommerce Admin Custom Order Fields se pr\u00e9sente comme un plugin tr\u00e8s puissant qui accorde aux utilisateurs la possibilit\u00e9 d&rsquo;adapter le processus de paiement pour leurs clients en augmentant les champs suppl\u00e9mentaires \u00e0 leur page de commande WooCommerce. En d\u00e9ploiement de ce plugin, on peut sans effort ajouter des champs personnalis\u00e9s sur la page de paiement, qui peut englober les cases \u00e0 cocher, les champs de texte, les menus d\u00e9roulants et une pl\u00e9thore d&rsquo;autres options. De plus, on peut m\u00eame modeler des domaines qui se manifestent exclusivement pour des produits ou des cat\u00e9gories de clients particuliers, conf\u00e9rant ainsi une autorit\u00e9 absolue sur la progression de la caisse. La convivialit\u00e9 des utilisateurs du plugin, associ\u00e9e \u00e0 sa vaste gamme de possibilit\u00e9s de personnalisation, lui rend une s\u00e9lection exemplaire pour les propri\u00e9taires des \u00e9tablissements WooCommerce qui cherchent \u00e0 am\u00e9liorer l&rsquo;exp\u00e9rience globale de leur client\u00e8le.<\/p>\n","protected":false},"featured_media":145792,"comment_status":"open","ping_status":"closed","template":"","meta":[],"product_brand":[2440],"product_cat":[1183,1182,1181],"product_tag":[1398],"class_list":{"0":"post-105682","1":"product","2":"type-product","3":"status-publish","4":"has-post-thumbnail","6":"product_brand-woocommerce","7":"product_cat-administration","8":"product_cat-commerce-electronique-plugins","9":"product_cat-plugins","10":"product_tag-woocommerce","11":"member-discount","12":"discount-restricted","14":"first","15":"instock","16":"sale","17":"downloadable","18":"virtual","19":"sold-individually","20":"purchasable","21":"product-type-simple"},"_links":{"self":[{"href":"https:\/\/gpl-love.com\/fr\/wp-json\/wp\/v2\/product\/105682","targetHints":{"allow":["GET"]}}],"collection":[{"href":"https:\/\/gpl-love.com\/fr\/wp-json\/wp\/v2\/product"}],"about":[{"href":"https:\/\/gpl-love.com\/fr\/wp-json\/wp\/v2\/types\/product"}],"replies":[{"embeddable":true,"href":"https:\/\/gpl-love.com\/fr\/wp-json\/wp\/v2\/comments?post=105682"}],"wp:featuredmedia":[{"embeddable":true,"href":"https:\/\/gpl-love.com\/fr\/wp-json\/wp\/v2\/media\/145792"}],"wp:attachment":[{"href":"https:\/\/gpl-love.com\/fr\/wp-json\/wp\/v2\/media?parent=105682"}],"wp:term":[{"taxonomy":"product_brand","embeddable":true,"href":"https:\/\/gpl-love.com\/fr\/wp-json\/wp\/v2\/product_brand?post=105682"},{"taxonomy":"product_cat","embeddable":true,"href":"https:\/\/gpl-love.com\/fr\/wp-json\/wp\/v2\/product_cat?post=105682"},{"taxonomy":"product_tag","embeddable":true,"href":"https:\/\/gpl-love.com\/fr\/wp-json\/wp\/v2\/product_tag?post=105682"}],"curies":[{"name":"wp","href":"https:\/\/api.w.org\/{rel}","templated":true}]}}