{"id":105678,"date":"2026-04-30T00:00:00","date_gmt":"2026-04-29T22:00:00","guid":{"rendered":"http:\/\/gpl-love.com\/fr\/product\/woocommerce-fonds-compte\/"},"modified":"2026-05-01T06:31:11","modified_gmt":"2026-05-01T04:31:11","slug":"woocommerce-account-funds","status":"publish","type":"product","link":"https:\/\/gpl-love.com\/fr\/produit\/woocommerce-account-funds\/","title":{"rendered":"WooCommerce Account Funds 4.2.3"},"content":{"rendered":"<h3>WooCommerce Account Funds Traits<\/h3>\n<p>La fonctionnalit\u00e9 des fonds de compte WooCommerce sert d&rsquo;option de paiement exceptionnelle qui donne aux clients la possibilit\u00e9 d&rsquo;augmenter le solde de leur compte et d&#8217;employer par la suite ces fonds pour les achats ult\u00e9rieurs, rationalisant ainsi consid\u00e9rablement le processus de paiement. Cet attribut particulier s&rsquo;av\u00e8re particuli\u00e8rement avantageux pour les clients qui s&rsquo;engagent dans des transactions fr\u00e9quentes dans votre magasin et recherchent une proc\u00e9dure de paiement acc\u00e9l\u00e9r\u00e9e. Avec la fonctionnalit\u00e9 des fonds du compte WooCommerce, les clients b\u00e9n\u00e9ficient de la commodit\u00e9 de reconstituer sans effort le solde de leur compte gr\u00e2ce \u00e0 une gamme diversifi\u00e9e d&rsquo;alternatives de paiement, telles que les cartes de cr\u00e9dit, PayPal ou les transferts bancaires. Non seulement cette solution de paiement r\u00e9pond aux besoins des clients, mais elle conf\u00e8re \u00e9galement de nombreux avantages aux commer\u00e7ants, y compris la r\u00e9duction des frais de transaction et la simplification du processus de paiement. Par cons\u00e9quent, les fonds du compte WooCommerce constituent un outil inestimable pour les clients et les commer\u00e7ants qui aspirent \u00e0 \u00e9lever leurs efforts d&rsquo;achat en ligne \u00e0 des hauteurs sans pr\u00e9c\u00e9dent.<\/p>\n<ul>\n<li>Gestion facile des fonds de compte pour les clients utilisant WooCommerce<\/li>\n<li>Les clients peuvent d\u00e9poser des fonds sur leur compte et les utiliser facilement pour les achats futurs<\/li>\n<li>Aide \u00e0 accro\u00eetre la fid\u00e9lit\u00e9 des clients et \u00e0 encourager les achats r\u00e9p\u00e9t\u00e9s<\/li>\n<li>Les clients peuvent facilement surveiller le solde de leur compte et ajouter des fonds selon les besoins<\/li>\n<li>Fournit une exp\u00e9rience de paiement rationalis\u00e9e aux clients en leur permettant d&rsquo;utiliser les fonds de leur compte sans avoir \u00e0 saisir les informations de paiement<\/li>\n<li>Aide \u00e0 r\u00e9duire les frais de traitement des paiements pour le client et le commer\u00e7ant<\/li>\n<li>Peut \u00eatre utilis\u00e9 conjointement avec d&rsquo;autres m\u00e9thodes de paiement pour une flexibilit\u00e9 suppl\u00e9mentaire<\/li>\n<li>Compatible avec une grande vari\u00e9t\u00e9 de passerelles de paiement compatibles WooCommerce<\/li>\n<li>Processus d&rsquo;installation et de configuration simple avec une documentation claire et un support disponibles.<\/li>\n<\/ul>\n","protected":false},"excerpt":{"rendered":"<p>La fonction de fonds de compte WooCommerce est un outil robuste et tr\u00e8s efficace qui permet aux clients d&rsquo;am\u00e9liorer le solde de leur compte dans votre boutique WooCommerce. Cette fonctionnalit\u00e9 inestimable s&rsquo;av\u00e8re particuli\u00e8rement avantageuse pour les clients d\u00e9vou\u00e9s qui envisagent de faire des achats r\u00e9guliers aupr\u00e8s de votre \u00e9tablissement estim\u00e9. Les fonds suppl\u00e9mentaires achet\u00e9s peuvent \u00eatre utilis\u00e9s sans effort pour acqu\u00e9rir une gamme de produits et services impressionnants de votre domaine de commerce \u00e9lectronique in\u00e9gal\u00e9. Par cons\u00e9quent, cette solution ing\u00e9nieuse \u00e9vite que les clients saisissent fastidieusement leurs informations de paiement pour chaque transaction, leur accordant ainsi une exp\u00e9rience transparente et sans friction. Les capacit\u00e9s \u00e0 multiples facettes des fonds de compte WooCommerce vous permettent, en tant que marchand estim\u00e9, d&rsquo;exercer un contr\u00f4le in\u00e9gal\u00e9 sur les remises et les bonus, tout en vous offrant simultan\u00e9ment la possibilit\u00e9 de surveiller et de g\u00e9rer efficacement les soldes du compte de vos patrons. De plus, cette extension WooCommerce inestimable facilite le suivi transparent et rationalis\u00e9 des ventes, vous fournissant ainsi des id\u00e9es et des analyses compl\u00e8tes. Tout bien consid\u00e9r\u00e9, la fonctionnalit\u00e9 des fonds de compte WooCommerce appara\u00eet comme un moyen exemplaire pour am\u00e9liorer l&rsquo;exp\u00e9rience de paiement de votre client\u00e8le estim\u00e9e et, \u00e0 son tour, favoriser un sentiment de loyaut\u00e9 in\u00e9branlable envers votre marque estim\u00e9e.<\/p>\n","protected":false},"featured_media":145790,"comment_status":"open","ping_status":"closed","template":"","meta":[],"product_brand":[2440],"product_cat":[1183,1182,1181],"product_tag":[1398],"class_list":{"0":"post-105678","1":"product","2":"type-product","3":"status-publish","4":"has-post-thumbnail","6":"product_brand-woocommerce","7":"product_cat-administration","8":"product_cat-commerce-electronique-plugins","9":"product_cat-plugins","10":"product_tag-woocommerce","11":"member-discount","12":"discount-restricted","14":"first","15":"instock","16":"sale","17":"downloadable","18":"virtual","19":"sold-individually","20":"purchasable","21":"product-type-simple"},"_links":{"self":[{"href":"https:\/\/gpl-love.com\/fr\/wp-json\/wp\/v2\/product\/105678","targetHints":{"allow":["GET"]}}],"collection":[{"href":"https:\/\/gpl-love.com\/fr\/wp-json\/wp\/v2\/product"}],"about":[{"href":"https:\/\/gpl-love.com\/fr\/wp-json\/wp\/v2\/types\/product"}],"replies":[{"embeddable":true,"href":"https:\/\/gpl-love.com\/fr\/wp-json\/wp\/v2\/comments?post=105678"}],"wp:featuredmedia":[{"embeddable":true,"href":"https:\/\/gpl-love.com\/fr\/wp-json\/wp\/v2\/media\/145790"}],"wp:attachment":[{"href":"https:\/\/gpl-love.com\/fr\/wp-json\/wp\/v2\/media?parent=105678"}],"wp:term":[{"taxonomy":"product_brand","embeddable":true,"href":"https:\/\/gpl-love.com\/fr\/wp-json\/wp\/v2\/product_brand?post=105678"},{"taxonomy":"product_cat","embeddable":true,"href":"https:\/\/gpl-love.com\/fr\/wp-json\/wp\/v2\/product_cat?post=105678"},{"taxonomy":"product_tag","embeddable":true,"href":"https:\/\/gpl-love.com\/fr\/wp-json\/wp\/v2\/product_tag?post=105678"}],"curies":[{"name":"wp","href":"https:\/\/api.w.org\/{rel}","templated":true}]}}