{"id":105675,"date":"2023-02-08T00:00:00","date_gmt":"2023-02-07T23:00:00","guid":{"rendered":"http:\/\/gpl-love.com\/fr\/product\/woo-import-export\/"},"modified":"2026-04-10T18:37:35","modified_gmt":"2026-04-10T16:37:35","slug":"qubely-pro-the-ultimate-wordpress-gutenberg-plugin","status":"publish","type":"product","link":"https:\/\/gpl-love.com\/fr\/produit\/qubely-pro-the-ultimate-wordpress-gutenberg-plugin\/","title":{"rendered":"Qubely Pro The Ultimate WordPress Gutenberg Plugin 1.4.3"},"content":{"rendered":"<h3>Qubely Pro The Ultimate WordPress Gutenberg Plugin Traits<\/h3>\n<p>Qubely Pro, un plugin WordPress de puissance exceptionnelle, sert \u00e0 amplifier la fonctionnalit\u00e9 de l&rsquo;\u00e9diteur de Gutenberg. Ses capacit\u00e9s remarquables permettent aux utilisateurs de fa\u00e7onner des designs \u00e0 couper le souffle pour leurs sites Web, le tout sans avoir besoin d&rsquo;une expertise en programmation. Poss\u00e9dant une vaste gamme de plus de 150 blocs adaptables, ce plugin permet aux utilisateurs d&rsquo;incorporer un large \u00e9ventail de fonctionnalit\u00e9s et de fonctionnalit\u00e9s dans leurs pages Web et articles. De plus, Qubely Pro se vante d&rsquo;options de mise en page avanc\u00e9es, y compris les dispositions de grille et de ma\u00e7onnerie tr\u00e8s recherch\u00e9es, qui accordent aux utilisateurs la libert\u00e9 de personnaliser leurs conceptions au contenu de leur c\u0153ur gr\u00e2ce \u00e0 l&rsquo;utilisation d&rsquo;une vaste s\u00e9lection de typographies et d&rsquo;options de couleurs. Avec son interface remarquablement intuitive et une vaste suite de fonctionnalit\u00e9s, Qubely Pro est vraiment le plugin pr\u00e9\u00e9minent WordPress Gutenberg, r\u00e9pondant aux besoins de quiconque cherche \u00e0 organiser sans effort des sites Web de qualit\u00e9 professionnelle.<\/p>\n<ul>\n<li>Plugin r\u00e9volutionnaire Gutenberg pour WordPress<\/li>\n<li>Interface de glisser-d\u00e9poser facile et intuitive<\/li>\n<li>35+ blocs personnalis\u00e9s pour am\u00e9liorer la conception et la fonctionnalit\u00e9 du site Web<\/li>\n<li>Blocs enti\u00e8rement personnalisables avec des options de style avanc\u00e9es<\/li>\n<li>Blocs sp\u00e9cialis\u00e9s pour le commerce \u00e9lectronique, les t\u00e9moignages, les membres de l&rsquo;\u00e9quipe et plus<\/li>\n<li>Int\u00e9gre parfaitement les th\u00e8mes WordPress populaires<\/li>\n<li>Option pour enregistrer et r\u00e9utiliser les conceptions et param\u00e8tres personnalis\u00e9s<\/li>\n<li>Lightning Fast Performances pour une vitesse de site Web am\u00e9lior\u00e9e et SEO<\/li>\n<li>R\u00e9guli\u00e8rement mis \u00e0 jour avec de nouvelles fonctionnalit\u00e9s et am\u00e9liorations<\/li>\n<li>\u00c9quipe de support d\u00e9di\u00e9e disponible pour r\u00e9pondre aux questions et fournir une assistance<\/li>\n<\/ul>\n","protected":false},"excerpt":{"rendered":"<p>Qubely Pro, un plugin Gutenberg exceptionnel sp\u00e9cialement con\u00e7u pour WordPress, offre une gamme approfondie de possibilit\u00e9s de conception et un degr\u00e9 remarquable de flexibilit\u00e9 cr\u00e9ative. Ce plugin ph\u00e9nom\u00e9nal permet aux utilisateurs de g\u00e9n\u00e9rer des dispositions complexes sans effort, d&rsquo;int\u00e9grer des blocs personnalis\u00e9s, de construire des pages visuellement frappantes et de diffuser du contenu captivant. Son \u00e9diteur de glisser-d\u00e9poser remarquablement convivial, associ\u00e9 \u00e0 ses options de style avanc\u00e9es, d\u00e9verrouille les opportunit\u00e9s illimit\u00e9es et facilite la transformation de vos concepts imaginatifs en manifestations tangibles. Ind\u00e9pendamment de votre niveau d&rsquo;expertise, qu&rsquo;il s&rsquo;agisse d&rsquo;un professionnel chevronn\u00e9 ou d&rsquo;un novice, Qubely Pro est \u00e9quip\u00e9 de toutes les fonctionnalit\u00e9s n\u00e9cessaires pour propulser votre site Web WordPress \u00e0 des hauteurs sans pr\u00e9c\u00e9dent.<\/p>\n","protected":false},"featured_media":145062,"comment_status":"open","ping_status":"closed","template":"","meta":[],"product_brand":[2527],"product_cat":[1189,1181,1186],"product_tag":[1451],"class_list":{"0":"post-105675","1":"product","2":"type-product","3":"status-publish","4":"has-post-thumbnail","6":"product_brand-themeum","7":"product_cat-personnalisation","8":"product_cat-plugins","9":"product_cat-wordpress-plugins","10":"product_tag-themeum","11":"member-discount","12":"discount-restricted","14":"first","15":"instock","16":"sale","17":"downloadable","18":"virtual","19":"sold-individually","20":"purchasable","21":"product-type-simple"},"_links":{"self":[{"href":"https:\/\/gpl-love.com\/fr\/wp-json\/wp\/v2\/product\/105675","targetHints":{"allow":["GET"]}}],"collection":[{"href":"https:\/\/gpl-love.com\/fr\/wp-json\/wp\/v2\/product"}],"about":[{"href":"https:\/\/gpl-love.com\/fr\/wp-json\/wp\/v2\/types\/product"}],"replies":[{"embeddable":true,"href":"https:\/\/gpl-love.com\/fr\/wp-json\/wp\/v2\/comments?post=105675"}],"wp:featuredmedia":[{"embeddable":true,"href":"https:\/\/gpl-love.com\/fr\/wp-json\/wp\/v2\/media\/145062"}],"wp:attachment":[{"href":"https:\/\/gpl-love.com\/fr\/wp-json\/wp\/v2\/media?parent=105675"}],"wp:term":[{"taxonomy":"product_brand","embeddable":true,"href":"https:\/\/gpl-love.com\/fr\/wp-json\/wp\/v2\/product_brand?post=105675"},{"taxonomy":"product_cat","embeddable":true,"href":"https:\/\/gpl-love.com\/fr\/wp-json\/wp\/v2\/product_cat?post=105675"},{"taxonomy":"product_tag","embeddable":true,"href":"https:\/\/gpl-love.com\/fr\/wp-json\/wp\/v2\/product_tag?post=105675"}],"curies":[{"name":"wp","href":"https:\/\/api.w.org\/{rel}","templated":true}]}}