{"id":105669,"date":"2026-04-24T00:00:00","date_gmt":"2026-04-23T22:00:00","guid":{"rendered":"http:\/\/gpl-love.com\/fr\/product\/elements-illimites-pour-elementor-prime\/"},"modified":"2026-04-24T06:31:00","modified_gmt":"2026-04-24T04:31:00","slug":"unlimited-elements-for-elementor-premium","status":"publish","type":"product","link":"https:\/\/gpl-love.com\/fr\/produit\/unlimited-elements-for-elementor-premium\/","title":{"rendered":"Unlimited Elements pour Elementor Premium 2.0.8"},"content":{"rendered":"<h3>Unlimited Elements pour Elementor Premium Traits<\/h3>\n<p>Les \u00e9l\u00e9ments illimit\u00e9s pour Elementor Premium sont un plugin WordPress exceptionnellement robuste qui accorde aux utilisateurs l&rsquo;acc\u00e8s \u00e0 une biblioth\u00e8que de widgets incroyablement vaste, qui sont tous intrins\u00e8quement cr\u00e9atifs et enti\u00e8rement personnalisables, servant ainsi de ressource inestimable pour ceux qui utilisent le constructeur de page Elementor. Arm\u00e9s de ce plugin remarquable, les individus sont capables de g\u00e9n\u00e9rer sans effort des conceptions visuellement frappantes d\u00e9pourvues de tout savoir-faire de codage requise. Notamment, ce plugin poss\u00e8de un assortiment stup\u00e9fiant de plus de 700 widgets et 400 mod\u00e8les, englobant une gamme d&rsquo;\u00e9l\u00e9ments avanc\u00e9s tels que les curseurs, les carrousels, les popups et les formes. En outre, des \u00e9l\u00e9ments illimit\u00e9s pour Elementor Premium ne doivent pas \u00eatre sous-estim\u00e9s, car il accorde aux utilisateurs un \u00e9ventail de fonctionnalit\u00e9s avanc\u00e9es, y compris la logique conditionnelle, le contenu dynamique et l&rsquo;int\u00e9gration transparente avec WooCommerce, ce qui en rend une solution globale globale applicable \u00e0 un site Web virtuellement. Gr\u00e2ce \u00e0 son interface conviviale et intuitive, les individus peuvent facilement personnaliser et styliser de mani\u00e8re transparente leurs widgets, garantissant une harmonisation transparente avec leur identit\u00e9 de marque tout en \u00e9levant simultan\u00e9ment la fonctionnalit\u00e9 globale de leur site Web. Incontestablement, l&rsquo;utilisation d&rsquo;\u00e9l\u00e9ments illimit\u00e9s pour Elementor Premium permet aux utilisateurs de propulser la conception de leur site Web \u00e0 des hauteurs sans pr\u00e9c\u00e9dent, aboutissant finalement \u00e0 la cr\u00e9ation d&rsquo;une pr\u00e9sence en ligne vraiment \u00e0 couper le souffle.<\/p>\n<ul>\n<li>Acc\u00e8s \u00e0 des milliers de conceptions et mod\u00e8les pr\u00eats \u00e0 l&#8217;emploi<\/li>\n<li>Options de personnalisation illimit\u00e9es pour la conception de votre site Web<\/li>\n<li>Compatible avec WordPress et Elementor Page Builder<\/li>\n<li>R\u00e9guli\u00e8rement mis \u00e0 jour avec de nouvelles conceptions et fonctionnalit\u00e9s<\/li>\n<li>\u00c9l\u00e9ments de conception de haute qualit\u00e9 cr\u00e9\u00e9s par des professionnels exp\u00e9riment\u00e9s<\/li>\n<li>Aucune comp\u00e9tence de codage ou de conception n\u00e9cessaire, facile \u00e0 utiliser pour les d\u00e9butants<\/li>\n<li>Gave du temps et des efforts pour cr\u00e9er un site Web \u00e9tonnant<\/li>\n<li>Grand rapport qualit\u00e9 \/ prix, avec un paiement unique abordable<\/li>\n<li>La conception r\u00e9active garantit que votre site Web a fi\u00e8re allure sur tous les appareils<\/li>\n<li>Support client disponible pour aider \u00e0 tout probl\u00e8me ou questions<\/li>\n<\/ul>\n","protected":false},"excerpt":{"rendered":"<p>Transformez votre site Web en un chef-d&rsquo;\u0153uvre exquis en vous serant \u00e0 profiter des capacit\u00e9s remarquables de l&rsquo;entr\u00e9e &#8211; des \u00e9l\u00e9ments illimit\u00e9s pour Elementor Premium. Offrez des adieux aux contraintes de la version Elementor standard, alors que vous d\u00e9bloquez un tableau de fonctionnalit\u00e9s exclusives englobant des widgets sophistiqu\u00e9s, des animations captivantes, des mod\u00e8les m\u00e9ticuleusement fabriqu\u00e9s et une abondance d&rsquo;actifs suppl\u00e9mentaires. Am\u00e9liorez de mani\u00e8re transparente vos prouesses de conception avec le potentiel in\u00e9gal\u00e9 de contribution, vous permettant de fa\u00e7onner un site Web visuellement frappant qui se distingue sans effort de ses homologues. Saisissez l&rsquo;opportunit\u00e9 de lib\u00e9rer votre ing\u00e9niosit\u00e9 cr\u00e9ative en passant \u00e0 la saisie &#8211; des \u00e9l\u00e9ments illimit\u00e9s pour Elementor Premium sans d\u00e9lai!<\/p>\n","protected":false},"featured_media":145662,"comment_status":"open","ping_status":"closed","template":"","meta":[],"product_brand":[2435],"product_cat":[1189,1181,1186],"product_tag":[1231],"class_list":{"0":"post-105669","1":"product","2":"type-product","3":"status-publish","4":"has-post-thumbnail","6":"product_brand-codecanyon","7":"product_cat-personnalisation","8":"product_cat-plugins","9":"product_cat-wordpress-plugins","10":"product_tag-codecanyon","11":"member-discount","12":"discount-restricted","14":"first","15":"instock","16":"sale","17":"downloadable","18":"virtual","19":"sold-individually","20":"purchasable","21":"product-type-simple"},"_links":{"self":[{"href":"https:\/\/gpl-love.com\/fr\/wp-json\/wp\/v2\/product\/105669","targetHints":{"allow":["GET"]}}],"collection":[{"href":"https:\/\/gpl-love.com\/fr\/wp-json\/wp\/v2\/product"}],"about":[{"href":"https:\/\/gpl-love.com\/fr\/wp-json\/wp\/v2\/types\/product"}],"replies":[{"embeddable":true,"href":"https:\/\/gpl-love.com\/fr\/wp-json\/wp\/v2\/comments?post=105669"}],"wp:featuredmedia":[{"embeddable":true,"href":"https:\/\/gpl-love.com\/fr\/wp-json\/wp\/v2\/media\/145662"}],"wp:attachment":[{"href":"https:\/\/gpl-love.com\/fr\/wp-json\/wp\/v2\/media?parent=105669"}],"wp:term":[{"taxonomy":"product_brand","embeddable":true,"href":"https:\/\/gpl-love.com\/fr\/wp-json\/wp\/v2\/product_brand?post=105669"},{"taxonomy":"product_cat","embeddable":true,"href":"https:\/\/gpl-love.com\/fr\/wp-json\/wp\/v2\/product_cat?post=105669"},{"taxonomy":"product_tag","embeddable":true,"href":"https:\/\/gpl-love.com\/fr\/wp-json\/wp\/v2\/product_tag?post=105669"}],"curies":[{"name":"wp","href":"https:\/\/api.w.org\/{rel}","templated":true}]}}