{"id":105667,"date":"2022-09-28T00:00:00","date_gmt":"2022-09-27T22:00:00","guid":{"rendered":"http:\/\/gpl-love.com\/fr\/product\/uni-cpo-options-de-primes-et-des-formules-de-calcul-prix\/"},"modified":"2026-04-10T18:44:24","modified_gmt":"2026-04-10T16:44:24","slug":"uni-cpo-premium-options-and-price-calculation-formulas","status":"publish","type":"product","link":"https:\/\/gpl-love.com\/fr\/produit\/uni-cpo-premium-options-and-price-calculation-formulas\/","title":{"rendered":"Uni CPO Premium Options et Price Calculation Formulas 4.9.17"},"content":{"rendered":"<h3>Uni CPO Premium Options et Price Calculation Formulas Traits<\/h3>\n<p>Les options de premium UNI CPO et les formules de calcul des prix se profilent comme un instrument extr\u00eamement puissant pour les entreprises aspirant \u00e0 optimiser et \u00e0 consolider leurs proc\u00e9dures de prix et de commande. Gr\u00e2ce \u00e0 l&#8217;emploi de ses fonctionnalit\u00e9s tr\u00e8s sophistiqu\u00e9es, les utilisateurs peuvent formuler sans effort des \u00e9quations de tarification sur mesure fond\u00e9es sur une pl\u00e9thore d&rsquo;alternatives d&rsquo;entr\u00e9e englobant les dimensions, les teintes et les constituants de la marchandise \u00e0 port\u00e9e de main. Cela enl\u00e8ve finalement les r\u00e9sultats de tarification qui sont \u00e0 la fois pr\u00e9cis et coh\u00e9rents, att\u00e9nuant ainsi l&rsquo;incidence des erreurs et engendrant des avantages pour la prise de temps. De plus, le logiciel poss\u00e8de la capacit\u00e9 de g\u00e9n\u00e9rer des citations globales qui peuvent \u00eatre facilement diffus\u00e9es \u00e0 la client\u00e8le. Essentiellement, les formules Uni CPO Premium et les formules de calcul des prix repr\u00e9sentent un r\u00e9servoir de connaissances indispensable pour les entreprises visant \u00e0 am\u00e9liorer l&rsquo;efficacit\u00e9 de leurs efforts de prix et de commande.<\/p>\n<ul>\n<li>Calcul efficace et pr\u00e9cis des prix pour les produits personnalis\u00e9s<\/li>\n<li>Options avanc\u00e9es pour les calculs et configurations complexes<\/li>\n<li>Int\u00e9gration transparente avec les plateformes de commerce \u00e9lectronique existantes<\/li>\n<li>Interface conviviale et conception intuitive pour une utilisation facile<\/li>\n<li>Processus rationalis\u00e9 de l&rsquo;entr\u00e9e \u00e0 la sortie pour une am\u00e9lioration de la productivit\u00e9<\/li>\n<li>\u00c9volutif et personnalisable pour r\u00e9pondre aux besoins uniques de toute entreprise<\/li>\n<li>Stockage et gestion de donn\u00e9es fiables et s\u00e9curis\u00e9es<\/li>\n<li>Erreurs r\u00e9duites et travail manuel, conduisant \u00e0 une meilleure satisfaction du client<\/li>\n<li>Acc\u00e8s \u00e0 des informations pr\u00e9cieuses et \u00e0 l&rsquo;analyse des donn\u00e9es pour les d\u00e9cisions commerciales \u00e9clair\u00e9es.<\/li>\n<\/ul>\n","protected":false},"excerpt":{"rendered":"<p>Les formules Uni CPO Premium et les formules de calcul des prix sont un outil incroyablement robuste qui offre aux utilisateurs la possibilit\u00e9 de g\u00e9n\u00e9rer sans effort des options de produit personnalis\u00e9es et de r\u00e9aliser des calculs de prix. \u00c9quip\u00e9 d&rsquo;une interface intuitive et de formules de calcul hautement sophistiqu\u00e9es, cet outil simplifie la t\u00e2che de fabrication de configurations de produits complexes tout en adaptant simultan\u00e9ment les prix conform\u00e9ment aux pr\u00e9f\u00e9rences des utilisateurs. Que vous soyez engag\u00e9 dans des ventes de produits en ligne ou hors ligne, les options de prime UNI CPO et les formules de calcul des prix am\u00e9lioreront sans aucun doute votre efficacit\u00e9 de workflow et transformeront le processus autrefois ardu de cr\u00e9er des produits sur mesure en une brise absolue. Ne perdez pas de temps et vous lancez dans un voyage pour \u00eatre t\u00e9moin et r\u00e9colter personnellement la multitude d&rsquo;avantages que cet outil a \u00e0 offrir en essayant aujourd&rsquo;hui!<\/p>\n","protected":false},"featured_media":145658,"comment_status":"open","ping_status":"closed","template":"","meta":[],"product_brand":[2435],"product_cat":[1183,1182,1181],"product_tag":[1231],"class_list":{"0":"post-105667","1":"product","2":"type-product","3":"status-publish","4":"has-post-thumbnail","6":"product_brand-codecanyon","7":"product_cat-administration","8":"product_cat-commerce-electronique-plugins","9":"product_cat-plugins","10":"product_tag-codecanyon","11":"member-discount","12":"discount-restricted","14":"first","15":"instock","16":"sale","17":"downloadable","18":"virtual","19":"sold-individually","20":"purchasable","21":"product-type-simple"},"_links":{"self":[{"href":"https:\/\/gpl-love.com\/fr\/wp-json\/wp\/v2\/product\/105667","targetHints":{"allow":["GET"]}}],"collection":[{"href":"https:\/\/gpl-love.com\/fr\/wp-json\/wp\/v2\/product"}],"about":[{"href":"https:\/\/gpl-love.com\/fr\/wp-json\/wp\/v2\/types\/product"}],"replies":[{"embeddable":true,"href":"https:\/\/gpl-love.com\/fr\/wp-json\/wp\/v2\/comments?post=105667"}],"wp:featuredmedia":[{"embeddable":true,"href":"https:\/\/gpl-love.com\/fr\/wp-json\/wp\/v2\/media\/145658"}],"wp:attachment":[{"href":"https:\/\/gpl-love.com\/fr\/wp-json\/wp\/v2\/media?parent=105667"}],"wp:term":[{"taxonomy":"product_brand","embeddable":true,"href":"https:\/\/gpl-love.com\/fr\/wp-json\/wp\/v2\/product_brand?post=105667"},{"taxonomy":"product_cat","embeddable":true,"href":"https:\/\/gpl-love.com\/fr\/wp-json\/wp\/v2\/product_cat?post=105667"},{"taxonomy":"product_tag","embeddable":true,"href":"https:\/\/gpl-love.com\/fr\/wp-json\/wp\/v2\/product_tag?post=105667"}],"curies":[{"name":"wp","href":"https:\/\/api.w.org\/{rel}","templated":true}]}}