{"id":699,"date":"2020-10-08T20:57:11","date_gmt":"2020-10-08T20:57:11","guid":{"rendered":"http:\/\/gpl-love.com\/?page_id=699"},"modified":"2025-08-13T13:16:13","modified_gmt":"2025-08-13T11:16:13","slug":"termes-et-conditions","status":"publish","type":"page","link":"https:\/\/gpl-love.com\/fr\/termes-et-conditions\/","title":{"rendered":"Termes et conditions"},"content":{"rendered":"\n<div class=\"wp-block-columns is-layout-flex wp-container-core-columns-is-layout-28f84493 wp-block-columns-is-layout-flex\">\n<div class=\"wp-block-column is-layout-flow wp-block-column-is-layout-flow\" style=\"flex-basis:33.33%\">\n<nav class=\"wp-block-stackable-table-of-contents stk-block-table-of-contents stk-block stk-38c5715 stk-block-background\" data-block-id=\"38c5715\"><style>.stk-38c5715 ul{list-style-type:none !important;}.stk-38c5715 li{margin-bottom:15px !important;}.stk-38c5715 .stk-table-of-contents__table ul{margin-top:15px !important;}html{scroll-behavior:smooth !important;}.stk-38c5715 {background-color:var(--paletteColor6, #f2f5f7) !important;}.stk-38c5715:before{background-color:var(--paletteColor6, #f2f5f7) !important;}<\/style><ul class=\"stk-table-of-contents__table\"><li><a href=\"#acces-et-fonctionnalites-du-site\">Acc\u00e8s et fonctionnalit\u00e9s du site<\/a><\/li><li><a href=\"#contenu-du-site\">Contenu du site<\/a><\/li><li><a href=\"#liens-et-annonces-de-tiers\">Liens et annonces de tiers<\/a><\/li><li><a href=\"#utilisateurs\">Utilisateurs<\/a><\/li><li><a href=\"#cookies-et-balises-web\">Cookies et balises Web<\/a><\/li><li><a href=\"#limitation-de-responsabilite\">Limitation de responsabilit\u00e9<\/a><\/li><li><a href=\"#licence\">Licence<\/a><\/li><li><a href=\"#assistance-technique-et-garantie\">Assistance technique et garantie<\/a><\/li><li><a href=\"#acceder-aux-produits\">Acc\u00e9der aux produits<\/a><\/li><li><a href=\"#mises-a-jour\">Mises \u00e0 jour<\/a><\/li><li><a href=\"#des-prix\">Des prix<\/a><\/li><li><a href=\"#annulation-et-suspension\">Annulation et suspension<\/a><\/li><li><a href=\"#politique-de-remboursement\">Politique de remboursement<\/a><\/li><li><a href=\"#lois-sur-la-consommation\">Lois sur la consommation<\/a><\/li><li><a href=\"#modifications-de-ces-termes\">Modifications de ces termes<\/a><\/li><li><a href=\"#contact\">Contact<\/a><\/li><\/ul><\/nav>\n<\/div>\n\n\n\n<div class=\"wp-block-column is-layout-flow wp-block-column-is-layout-flow\" style=\"flex-basis:66.66%\">\n<h1 class=\"wp-block-heading\" id=\"termes-et-conditions\"><a href=\"https:\/\/gpl-love.com\/fr\/termes-et-conditions\/\">Termes et conditions<\/a><\/h1>\n\n\n\n<p>Gpl-love.com fournit des d\u00e9veloppements bas\u00e9s sur WordPress et des th\u00e8mes de site Web, des plugins, des int\u00e9grations et des extensions selon les conditions d&rsquo;utilisation suivantes. L&rsquo;utilisateur doit comprendre le fonctionnement et la port\u00e9e d&rsquo;une licence GPL. GPL-love.com n&rsquo;est en aucun cas li\u00e9 aux d\u00e9veloppeurs des \u00e9l\u00e9ments r\u00e9pertori\u00e9s sur le site.<\/p>\n\n\n\n<p>Un utilisateur qui ach\u00e8te ou s&rsquo;inscrit sur gpl-love.com re\u00e7oit uniquement le droit d&rsquo;acc\u00e8s \u00e0 notre r\u00e9f\u00e9rentiel sous licence GPL et aux t\u00e9l\u00e9chargements associ\u00e9s. Gpl-love.com accorde \u00e0 l&rsquo;utilisateur une licence non transf\u00e9rable, non exclusive, r\u00e9vocable et limit\u00e9e pour acc\u00e9der au contenu du site, uniquement pour un usage personnel et non commercial de l&rsquo;utilisateur.<\/p>\n\n\n\n<p>Certaines fonctionnalit\u00e9s du site peuvent \u00eatre soumises \u00e0 des directives, conditions ou r\u00e8gles suppl\u00e9mentaires, qui seront affich\u00e9es sur le site en conjonction avec ces fonctionnalit\u00e9s ou sp\u00e9cifi\u00e9es dans nos documents d&rsquo;assistance et nos agents.<\/p>\n\n\n\n<p>Tous les termes, directives et r\u00e8gles suppl\u00e9mentaires sont incorpor\u00e9s par r\u00e9f\u00e9rence dans les pr\u00e9sentes Conditions. Si l&rsquo;utilisateur n&rsquo;accepte pas ces conditions, il lui sera interdit d&rsquo;acheter tout type de produit ou de s&rsquo;inscrire en tant que membre sur gpl-love.com, par cons\u00e9quent, tous les services et produits disponibles sont li\u00e9s aux conditions suivantes.<\/p>\n\n\n\n<p>Ces conditions d&rsquo;utilisation d\u00e9crivent les termes et conditions juridiquement contraignants qui r\u00e9gissent l&rsquo;utilisation par l&rsquo;utilisateur de gpl-love.com.<\/p>\n\n\n\n<h3 class=\"wp-block-heading\" id=\"acces-et-fonctionnalites-du-site\">Acc\u00e8s et fonctionnalit\u00e9s du site<\/h3>\n\n\n\n<p>En s&rsquo;inscrivant ou en achetant, l&rsquo;utilisateur est oblig\u00e9 de se conformer \u00e0 ces r\u00e9glementations et \u00e0 notre politique de confidentialit\u00e9. L&rsquo;utilisateur doit \u00eatre majeur, pour se conformer \u00e0 la plupart des r\u00e9glementations de responsabilit\u00e9 en tant qu&rsquo;adulte. L&rsquo;utilisateur ne peut \u00eatre except\u00e9 dans aucun r\u00f4le si les conditions pr\u00e9c\u00e9dentes ne sont pas remplies.<\/p>\n\n\n\n<p>Gpl-love.com s&rsquo;efforce de maintenir une accessibilit\u00e9 en ligne sup\u00e9rieure \u00e0 99&nbsp;%. Cependant, gpl-love.com se r\u00e9serve le droit d&rsquo;avoir certains temps d&rsquo;arr\u00eat sans pr\u00e9avis, pour faciliter les t\u00e2ches de maintenance ou pour r\u00e9soudre les probl\u00e8mes de s\u00e9curit\u00e9 n\u00e9cessaires qui peuvent survenir spontan\u00e9ment.<\/p>\n\n\n\n<p>Gpl-love.com se r\u00e9serve le droit de modifier les fonctionnalit\u00e9s et le comportement du site, de suspendre ou d&rsquo;interrompre le site et son contenu \u00e0 tout moment et sans pr\u00e9avis. L&rsquo;utilisateur et tout tiers concern\u00e9 conviennent que gpl-love.com ne peut \u00eatre tenu pour responsable de toute modification, interruption ou r\u00e9siliation du site ou de toute partie.<\/p>\n\n\n\n<h3 class=\"wp-block-heading\" id=\"contenu-du-site\">Contenu du site<\/h3>\n\n\n\n<p>Les droits de l&rsquo;utilisateur consentis dans les pr\u00e9sentes Conditions sont soumis aux limitations suivantes et sont donc interdits&nbsp;: (a) vendre, louer, c\u00e9der, c\u00e9der, distribuer, h\u00e9berger ou exploiter commercialement le Site&nbsp;; (b) modifier, effectuer des travaux d\u00e9riv\u00e9s, d\u00e9sassembler, compiler ou d\u00e9sosser toute partie du Site&nbsp;; (c) acc\u00e9der au site pour cr\u00e9er un site Web similaire ou concurrent&nbsp;; et (d) sauf indication expresse contraire dans les pr\u00e9sentes, aucune partie du site ne peut \u00eatre copi\u00e9e, reproduite, distribu\u00e9e, republi\u00e9e, t\u00e9l\u00e9charg\u00e9e, affich\u00e9e, publi\u00e9e ou transmise sous quelque forme ou par quelque moyen que ce soit, sauf indication contraire, toute publication future, mise \u00e0 jour ou autre en plus de la fonctionnalit\u00e9 de GPL-Love.com sera soumis aux pr\u00e9sentes Conditions.<\/p>\n\n\n\n<h3 class=\"wp-block-heading\" id=\"liens-et-annonces-de-tiers\">Liens et annonces de tiers<\/h3>\n\n\n\n<p>Le Site peut contenir des liens vers des sites Web et des services de tiers et\/ou afficher des publicit\u00e9s de tiers. Le contenu des liens tiers et des publicit\u00e9s sans le contr\u00f4le de gpl-love.com. Par cons\u00e9quent, gpl-love.com n&rsquo;est pas responsable du contenu de ces sites Web tiers, publicit\u00e9s, etc.<\/p>\n\n\n\n<p>Les liens et publicit\u00e9s de tiers sont uniquement mis en \u0153uvre pour am\u00e9liorer l&rsquo;exp\u00e9rience de l&rsquo;utilisateur et la profondeur des informations. gpl-love.com n&rsquo;examine, n&rsquo;approuve, ne surveille, n&rsquo;approuve ni ne garantit le contenu de tiers sous quelque forme que ce soit et n&rsquo;est en outre pas responsable des conditions et politiques de tiers, y compris les pratiques de confidentialit\u00e9 et de collecte de donn\u00e9es de tiers.<\/p>\n\n\n\n<h3 class=\"wp-block-heading\" id=\"utilisateurs\">Utilisateurs<\/h3>\n\n\n\n<p>Chaque utilisateur est seul responsable de lui-m\u00eame et de son contenu. Gpl-love.com n&rsquo;est en aucun cas responsable des dommages caus\u00e9s par les interactions des utilisateurs.<\/p>\n\n\n\n<h3 class=\"wp-block-heading\" id=\"cookies-et-balises-web\">Cookies et balises Web<\/h3>\n\n\n\n<p>Gpl-love.com utilise des cookies dans le but d&rsquo;am\u00e9liorer l&rsquo;exp\u00e9rience utilisateur et de faciliter certaines des fonctionnalit\u00e9s de base de ce site. Plus d&rsquo;informations sont disponibles sur la page de politique de confidentialit\u00e9.<\/p>\n\n\n\n<h3 class=\"wp-block-heading\" id=\"limitation-de-responsabilite\">Limitation de responsabilit\u00e9<\/h3>\n\n\n\n<p>L&rsquo;utilisateur accepte d&rsquo;indemniser gpl-love.com pour tous les dommages, frais et frais juridiques, d\u00e9penses, r\u00e9clamations ou responsabilit\u00e9s que nous encourons \u00e0 la suite de ou en relation avec une r\u00e9clamation de tiers contre nous concernant l&rsquo;utilisation de gpl-love. .com ou tout article ou service.<\/p>\n\n\n\n<p>Gpl-love.com et le contenu du site Web sont fournis \u00e0 l&rsquo;utilisateur \u00ab EN L&rsquo;\u00c9TAT \u00bb. Gpl-love.com d\u00e9cline toute garantie explicite et implicite, y compris la non-contrefa\u00e7on, la qualit\u00e9 marchande et l&rsquo;ad\u00e9quation \u00e0 un usage sp\u00e9cifique.<\/p>\n\n\n\n<p>La responsabilit\u00e9 entre l&rsquo;utilisateur et gpl-love.com ou les pr\u00e9sentes conditions, contractuelle, d\u00e9lictuelle (y compris la n\u00e9gligence) ou autre, est limit\u00e9e comme suit&nbsp;:<\/p>\n\n\n\n<p>Gpl-love.com d\u00e9cline toute responsabilit\u00e9 pour l&rsquo;une des pertes suivantes subies par l&rsquo;utilisateur&nbsp;: revenus, b\u00e9n\u00e9fices, client\u00e8le, capital, atteinte \u00e0 la r\u00e9putation, perte en relation avec tout autre contrat, perte de donn\u00e9es ou perte indirecte, cons\u00e9cutive ou sp\u00e9ciale. , des dommages ou des d\u00e9penses. En outre, la responsabilit\u00e9 globale totale de gpl-love.com envers l&rsquo;utilisateur est par ailleurs limit\u00e9e au total des sommes vers\u00e9es par l&rsquo;utilisateur \u00e0 gpl-love.com pour l&rsquo;adh\u00e9sion de l&rsquo;utilisateur au cours des trois mois pr\u00e9c\u00e9dant le jour o\u00f9 la r\u00e9clamation a donn\u00e9 lieu \u00e0 la responsabilit\u00e9.<\/p>\n\n\n\n<h3 class=\"wp-block-heading\" id=\"licence\">Licence<\/h3>\n\n\n\n<p>Les th\u00e8mes, add-ons, extensions, plugins et int\u00e9grations WordPress, ainsi que les extraits de code et les extensions WooCommerce distribu\u00e9s via gpl-love.com ont une \u00ab\u00a0licence publique g\u00e9n\u00e9rale GNU\u00a0\u00bb connue sous le nom de GPL. Les produits distribu\u00e9s sur gpl-love.com ont \u00e9t\u00e9 cr\u00e9\u00e9s par des tiers. Bien que tout le code WordPress soit sous licence GPL, il peut y avoir du contenu suppl\u00e9mentaire tel que des images ou des fichiers de feuille de style CSS, qui peuvent \u00eatre sous licence sous des conditions propri\u00e9taires. L&rsquo;utilisateur doit consulter les termes de ces licences incluses.<\/p>\n\n\n\n<h3 class=\"wp-block-heading\" id=\"assistance-technique-et-garantie\">Assistance technique et garantie<\/h3>\n\n\n\n<p>Gpl-love.com distribue des plugins, des th\u00e8mes, des modules compl\u00e9mentaires et des extensions pour WooCommerce et WordPress d\u00e9riv\u00e9s directement de d\u00e9veloppeurs tiers. GPL-love.com n&rsquo;offre pas de support technique sp\u00e9cialis\u00e9 pour aucun produit ou service propos\u00e9. Si l&rsquo;utilisateur souhaite obtenir une assistance technique, l&rsquo;utilisateur doit acheter le produit sur d&rsquo;autres plates-formes qui pourraient int\u00e9grer un tel service.<\/p>\n\n\n\n<p>Les produits Gpl-love.com peuvent demander leur activation par l&rsquo;utilisateur, ce qui n&rsquo;est g\u00e9n\u00e9ralement pas une obligation et donc, s&rsquo;il est laiss\u00e9 vide, ne limite pas la fonctionnalit\u00e9 du produit. Aucun des th\u00e8mes, plugins ou extensions propos\u00e9s sur gpl-love.com n&rsquo;inclut de licence ou de cl\u00e9 d&rsquo;activation. Si l&rsquo;utilisateur souhaite obtenir une cl\u00e9 ou une licence pour utiliser le support technique et\/ou les mises \u00e0 jour automatiques, l&rsquo;utilisateur doit acheter l&rsquo;outil sur une autre plate-forme qui int\u00e8gre ces cl\u00e9s d&rsquo;activation. Gpl-love.com limite donc l&rsquo;assistance fournie \u00e0 la facturation et\/ou aux demandes techniques concernant le site Web gpl-love.com uniquement et ne fournit pas de mises \u00e0 jour automatis\u00e9es.<\/p>\n\n\n\n<h3 class=\"wp-block-heading\" id=\"acceder-aux-produits\">Acc\u00e9der aux produits<\/h3>\n\n\n\n<p>Le traitement des paiements de Gpl-love.com est enti\u00e8rement automatis\u00e9 et l&rsquo;acc\u00e8s \u00e0 tout produit ou service achet\u00e9 est imm\u00e9diatement disponible, une fois que le processeur de paiement a re\u00e7u les fonds de l&rsquo;utilisateur. Dans de rares cas, le processeur de paiement peut conserver les fonds pour une \u00e9valuation plus approfondie.<\/p>\n\n\n\n<p>En g\u00e9n\u00e9ral, cela peut prendre jusqu&rsquo;\u00e0 24 heures et est g\u00e9r\u00e9 uniquement par le processeur de paiement lui-m\u00eame. Gpl-love.com n&rsquo;a aucune influence sur ce processus et d\u00e9cline donc toute responsabilit\u00e9 pour les dommages caus\u00e9s par le retard. Si l&rsquo;utilisateur rencontre un retard dans le d\u00e9verrouillage du t\u00e9l\u00e9chargement apr\u00e8s le paiement, il doit en informer gpl-love.com via la fonctionnalit\u00e9 de ticket int\u00e9gr\u00e9e ou en utilisant le chat en direct propos\u00e9, afin que notre \u00e9quipe puisse fournir le support correspondant.<\/p>\n\n\n\n<h3 class=\"wp-block-heading\" id=\"mises-a-jour\">Mises \u00e0 jour<\/h3>\n\n\n\n<p>Tous les produits distribu\u00e9s par gpl-love.com n\u00e9cessitent des mises \u00e0 jour manuelles. La proc\u00e9dure d\u00e9taill\u00e9e pour effectuer ces mises \u00e0 jour est expliqu\u00e9e sur gpl-love.com, et les utilisateurs sont seuls responsables de les r\u00e9aliser eux-m\u00eames. Gpl-love.com ne peut fournir aucun support \u00e0 ce sujet.<\/p>\n\n\n\n<p>Les utilisateurs auront acc\u00e8s aux fichiers mis \u00e0 jour tant que leur abonnement reste actif. Dans le cas d\u2019achats uniques de produits, des mises \u00e0 jour gratuites sont offertes pendant toute la dur\u00e9e de vie du produit.<\/p>\n\n\n\n<p>Les mises \u00e0 jour sont g\u00e9n\u00e9ralement disponibles dans les 48 heures suivant la publication officielle par le d\u00e9veloppeur. Toutefois, gpl-love.com se r\u00e9serve le droit de retarder les mises \u00e0 jour \u00e0 un moment ult\u00e9rieur ou d\u2019exclure certains produits des mises \u00e0 jour sans pr\u00e9avis. Par cons\u00e9quent, gpl-love.com n\u2019offre aucune garantie quant \u00e0 la disponibilit\u00e9 des mises \u00e0 jour.<\/p>\n\n\n\n<h3 class=\"wp-block-heading\" id=\"des-prix\">Des prix<\/h3>\n\n\n\n<p>Gpl-love.com se r\u00e9serve le droit d&rsquo;ajouter, de modifier ou d&rsquo;interrompre tout produit et ses prix associ\u00e9s, sans pr\u00e9avis. Les prix sont disponibles en USD ou en EUR et sont convertis en un taux de conversation moyen fixe.<\/p>\n\n\n\n<h3 class=\"wp-block-heading\" id=\"annulation-et-suspension\">Annulation et suspension<\/h3>\n\n\n\n<p>Les abonnements offerts sur gpl-love.com ne sont pas transf\u00e9rables et ne n\u00e9cessitent aucune annulation initi\u00e9e par l&rsquo;utilisateur apr\u00e8s l&rsquo;activation par l&rsquo;achat. L&rsquo;adh\u00e9sion expirera automatiquement en fonction de la dur\u00e9e choisie et une extension doit \u00eatre initi\u00e9e manuellement par l&rsquo;utilisateur.<\/p>\n\n\n\n<p>Gpl-love.com se r\u00e9serve le droit d&rsquo;annuler, de suspendre, de bloquer ou de limiter un compte d&rsquo;utilisateur sans pr\u00e9avis si cela se produit dans l&rsquo;une des circonstances suivantes, mais non limit\u00e9es \u00e0 celles d\u00e9crites ici&nbsp;:<\/p>\n\n\n\n<ol class=\"wp-block-list\">\n<li>Utilisation anormale des ressources de notre syst\u00e8me caus\u00e9e par des activit\u00e9s malveillantes pour acc\u00e9der aux ressources de notre site Web.<\/li>\n\n\n\n<li>Mots diffamatoires ou malveillants et\/ou fausses d\u00e9clarations, y compris la diffamation contre gpl-love.com et\/ou les efforts pour inciter les clients potentiels \u00e0 acheter des outils aupr\u00e8s d&rsquo;autres fournisseurs, un langage inappropri\u00e9 ou un comportement irrespectueux envers d&rsquo;autres utilisateurs ou employ\u00e9s de notre personnel.<\/li>\n\n\n\n<li>Revendez, partagez ou donnez \u00e0 des tiers l&rsquo;acc\u00e8s aux fichiers du r\u00e9f\u00e9rentiel et\/ou aux liens de t\u00e9l\u00e9chargement fournis.<\/li>\n\n\n\n<li>Pour promouvoir d&rsquo;autres produits, g\u00e9n\u00e9rer du spam ou du courrier ind\u00e9sirable, ou toute autre activit\u00e9 ill\u00e9gale.<\/li>\n\n\n\n<li>Utiliser \u00e0 mauvais escient le syst\u00e8me de contact, le syst\u00e8me d&rsquo;assistance directe ou fournir de fausses donn\u00e9es lors du processus d&rsquo;inscription ou dans tout formulaire de contact.<\/li>\n\n\n\n<li>Si gpl-love.com croit raisonnablement que le compte d&rsquo;un utilisateur a \u00e9t\u00e9 compromis, que des m\u00e9thodes de paiement frauduleuses ont \u00e9t\u00e9 utilis\u00e9es, qu&rsquo;il est partag\u00e9 avec d&rsquo;autres utilisateurs, ou pour toute autre raison de s\u00e9curit\u00e9.<\/li>\n<\/ol>\n\n\n\n<h3 class=\"wp-block-heading\" id=\"politique-de-remboursement\">Politique de remboursement<\/h3>\n\n\n\n<p>Compte tenu de la nature du contenu num\u00e9rique qui peut \u00eatre t\u00e9l\u00e9charg\u00e9 instantan\u00e9ment apr\u00e8s un achat, gpl-love.com n&rsquo;offre aucun type de p\u00e9riode d&rsquo;essai ou de p\u00e9riode de gr\u00e2ce apr\u00e8s l&rsquo;achat d&rsquo;un abonnement ou d&rsquo;un article individuel. L&rsquo;achat est donc consid\u00e9r\u00e9 comme d\u00e9finitif. De plus, gpl-love.com refuse-t-il les remboursements pour les abonnements ou les achats r\u00e9sili\u00e9s en raison de notre politique de suspension et de la violation de nos conditions.<br>En g\u00e9n\u00e9ral, gpl-love.com refuse les remboursements bas\u00e9s sur le contenu prot\u00e9g\u00e9 par des cl\u00e9s d&rsquo;acc\u00e8s via le d\u00e9veloppeur, ce qui pourrait \u00eatre en dehors de la licence GPL correspondante et conduire \u00e0 l&rsquo;inaccessibilit\u00e9 au contenu prot\u00e9g\u00e9. De plus, aucun remboursement pour le support technique manquant pour le produit achet\u00e9 n&rsquo;est accord\u00e9.<\/p>\n\n\n\n<p>Cependant, gpl-love.com \u00e9value les demandes de remboursement dans les conditions suivantes, sans obligation d&rsquo;\u00e9mettre un remboursement&nbsp;:<\/p>\n\n\n\n<ol class=\"wp-block-list\">\n<li>L&rsquo;utilisateur a achet\u00e9 un abonnement par erreur.<\/li>\n\n\n\n<li>L&rsquo;utilisateur demande de la bienveillance.<\/li>\n\n\n\n<li>L&rsquo;utilisateur ne peut plus t\u00e9l\u00e9charger l&rsquo;\u00e9l\u00e9ment car il a \u00e9t\u00e9 supprim\u00e9 du site.<\/li>\n<\/ol>\n\n\n\n<h3 class=\"wp-block-heading\" id=\"lois-sur-la-consommation\">Lois sur la consommation<\/h3>\n\n\n\n<p>Les garanties non exclusives, garanties ou autres droits (\u00ab\u00a0garanties non exclusives du consommateur\u00a0\u00bb) ne sont pas exclues, restreintes ou modifi\u00e9es par gpl-love.com dans ces conditions. Nous sommes seuls tenus par les engagements sp\u00e9cifiques \u00e9nonc\u00e9s dans ces conditions, \u00e0 l&rsquo;exception des garanties consommateurs non exclusives. Notre responsabilit\u00e9 en cas de violation d&rsquo;une promesse de consommateur non exclusive est limit\u00e9e au remplacement ou au paiement du co\u00fbt de remplacement du produit ou du service concern\u00e9, \u00e0 notre discr\u00e9tion (sauf indication contraire dans la garantie de consommateur non exclusive). Vous ne devez pas utiliser un produit en violation des r\u00e9glementations d&rsquo;exportation applicables.<\/p>\n\n\n\n<h3 class=\"wp-block-heading\" id=\"modifications-de-ces-termes\">Modifications de ces termes<\/h3>\n\n\n\n<p>Gpl-love.com se r\u00e9serve le droit d&rsquo;appliquer des modifications \u00e0 ces conditions \u00e0 tout moment et sans pr\u00e9avis.<\/p>\n\n\n\n<h3 class=\"wp-block-heading\" id=\"contact\">Contact<\/h3>\n\n\n\n<p>Si l&rsquo;utilisateur a des questions sur cette politique, l&rsquo;utilisateur doit nous contacter par e-mail&nbsp;: <a href=\"mailto:contact@gpl-love.com\">contact@gpl-love.com<\/a><br>Gpl-love.com prendra jusqu&rsquo;\u00e0 14 jours pour traiter votre demande.<\/p>\n<\/div>\n<\/div>\n","protected":false},"excerpt":{"rendered":"<p>Acc\u00e8s et fonctionnalit\u00e9s du site Contenu du site Liens et annonces de tiers Utilisateurs Cookies et balises Web Limitation de responsabilit\u00e9 Licence Assistance technique et garantie Acc\u00e9der aux produits Mises \u00e0 jour Des prix Annulation et suspension Politique de remboursement Lois sur la consommation Modifications de ces termes Contact Termes et conditions Gpl-love.com fournit des [&hellip;]<\/p>\n","protected":false},"author":2,"featured_media":0,"parent":0,"menu_order":0,"comment_status":"closed","ping_status":"closed","template":"","meta":{"footnotes":""},"class_list":["post-699","page","type-page","status-publish","hentry"],"blocksy_meta":{"styles_descriptor":{"styles":{"desktop":"","tablet":"","mobile":""},"google_fonts":[],"version":6}},"_links":{"self":[{"href":"https:\/\/gpl-love.com\/fr\/wp-json\/wp\/v2\/pages\/699","targetHints":{"allow":["GET"]}}],"collection":[{"href":"https:\/\/gpl-love.com\/fr\/wp-json\/wp\/v2\/pages"}],"about":[{"href":"https:\/\/gpl-love.com\/fr\/wp-json\/wp\/v2\/types\/page"}],"author":[{"embeddable":true,"href":"https:\/\/gpl-love.com\/fr\/wp-json\/wp\/v2\/users\/2"}],"replies":[{"embeddable":true,"href":"https:\/\/gpl-love.com\/fr\/wp-json\/wp\/v2\/comments?post=699"}],"version-history":[{"count":0,"href":"https:\/\/gpl-love.com\/fr\/wp-json\/wp\/v2\/pages\/699\/revisions"}],"wp:attachment":[{"href":"https:\/\/gpl-love.com\/fr\/wp-json\/wp\/v2\/media?parent=699"}],"curies":[{"name":"wp","href":"https:\/\/api.w.org\/{rel}","templated":true}]}}