{"id":112256,"date":"2021-02-26T22:04:41","date_gmt":"2021-02-26T21:04:41","guid":{"rendered":"http:\/\/gpl-love.com\/fr\/?page_id=112256"},"modified":"2023-08-26T00:17:45","modified_gmt":"2023-08-25T22:17:45","slug":"comment-installer-un-theme-ou-un-plugin","status":"publish","type":"page","link":"https:\/\/gpl-love.com\/fr\/comment-installer-un-theme-ou-un-plugin\/","title":{"rendered":"Comment installer un th\u00e8me ou un plugin"},"content":{"rendered":"\n<h1 class=\"wp-block-heading\" style=\"font-size:clamp(1.039em, 1.039rem + ((1vw - 0.2em) * 0.701), 1.6em);\"><a href=\"https:\/\/gpl-love.com\/fr\/comment-installer-un-theme-ou-un-plugin\/\">Installation et erreurs<\/a><\/h1>\n\n\n\n<p>Avant d\u2019utiliser les produits GPL, nous vous recommandons vivement le plugin \u00ab&nbsp;Easy Theme and Plugin Upgrades&nbsp;\u00bb. Vous pouvez le t\u00e9l\u00e9charger gratuitement depuis le&nbsp;<a href=\"https:\/\/wordpress.org\/plugins\/easy-theme-and-plugin-upgrades\/\" rel=\"noreferrer noopener nofollow\" target=\"_blank\">r\u00e9f\u00e9rentiel WordPress&nbsp;<\/a>.<\/p>\n\n\n\n<p>Vous pouvez \u00e9galement le rechercher en tant que nouveau plugin \u00e0 ajouter \u00e0 partir de votre panneau de contr\u00f4le dans le r\u00e9f\u00e9rentiel WordPress Free Plugin. Installez et activez d\u2019abord le plugin pour l\u2019utiliser. Une fois activ\u00e9, vous pouvez commencer \u00e0 installer n\u2019importe quel th\u00e8me \/ plugin en t\u00e9l\u00e9chargeant simplement un fichier .zip.<\/p>\n\n\n\n<div style=\"height:50px\" aria-hidden=\"true\" class=\"wp-block-spacer\"><\/div>\n\n\n\n<div class=\"wp-block-columns is-layout-flex wp-container-core-columns-is-layout-28f84493 wp-block-columns-is-layout-flex\">\n<div class=\"wp-block-column is-layout-flow wp-block-column-is-layout-flow\" style=\"flex-basis:65%\">\n<div class=\"wp-block-stackable-icon-box stk-block-icon-box stk-block stk-b9349d4\" data-v=\"2\" data-block-id=\"b9349d4\"><div class=\"stk-block-content stk-inner-blocks stk-block-icon-box__content stk-container stk-b9349d4-container stk--no-background stk--no-padding\">\n<div class=\"wp-block-stackable-icon-label stk-block-icon-label stk-block stk-8d1aec7\" data-block-id=\"8d1aec7\"><div class=\"stk-row stk-inner-blocks stk-block-content\">\n<div class=\"wp-block-stackable-icon stk-block-icon has-text-align-left stk-block stk-2fadcfc\" data-block-id=\"2fadcfc\"><style>.stk-2fadcfc .stk--svg-wrapper .stk--inner-svg svg:last-child,.stk-2fadcfc .stk--svg-wrapper .stk--inner-svg svg:last-child :is(g,path,rect,polygon,ellipse){fill:var(--paletteColor1,#2659f2) !important}<\/style><span class=\"stk--svg-wrapper\"><div class=\"stk--inner-svg\"><svg style=\"height:0;width:0\"><defs><linearGradient id=\"linear-gradient-2fadcfc\" x1=\"0\" x2=\"100%\" y1=\"0\" y2=\"0\"><stop offset=\"0%\" style=\"stop-opacity:1;stop-color:var(--linear-gradient-2-fadcfc-color-1)\"><\/stop><stop offset=\"100%\" style=\"stop-opacity:1;stop-color:var(--linear-gradient-2-fadcfc-color-2)\"><\/stop><\/linearGradient><\/defs><\/svg><svg data-prefix=\"fas\" data-icon=\"plug\" class=\"svg-inline--fa fa-plug fa-w-12\" xmlns=\"http:\/\/www.w3.org\/2000\/svg\" viewBox=\"0 0 384 512\" aria-hidden=\"true\" width=\"32\" height=\"32\"><path fill=\"currentColor\" d=\"M320,32a32,32,0,0,0-64,0v96h64Zm48,128H16A16,16,0,0,0,0,176v32a16,16,0,0,0,16,16H32v32A160.07,160.07,0,0,0,160,412.8V512h64V412.8A160.07,160.07,0,0,0,352,256V224h16a16,16,0,0,0,16-16V176A16,16,0,0,0,368,160ZM128,32a32,32,0,0,0-64,0v96h64Z\"><\/path><\/svg><\/div><\/span><\/div>\n\n\n\n<div class=\"wp-block-stackable-heading stk-block-heading stk-block-heading--v2 stk-block stk-0ea7f4a\" id=\"comment-installer-ou-mettre-a-jour-un-plugin\" data-block-id=\"0ea7f4a\"><style>.stk-0ea7f4a .stk-block-heading__text{color:var(--paletteColor1,#2659f2) !important}<\/style><h5 class=\"stk-block-heading__text has-text-color has-palette-color-1-color\">Comment installer ou mettre \u00e0 jour un plugin<\/h5><\/div>\n<\/div><\/div>\n\n\n\n<ol class=\"wp-block-list\">\n<li>Connectez-vous \u00e0 gpl-love.com et t\u00e9l\u00e9chargez le fichier Zip du plugin que vous souhaitez installer depuis la zone \u00ab MON COMPTE \u00bb. Vous reconna\u00eetrez que le num\u00e9ro de version du plugin est not\u00e9, suivi du nom du plugin.<\/li>\n\n\n\n<li>Connectez-vous \u00e0 votre site WordPress.<\/li>\n\n\n\n<li>Acc\u00e9dez \u00e0 Plugins, puis Ajouter un nouveau.<\/li>\n\n\n\n<li>En haut de l&rsquo;\u00e9cran, appuyez sur l&rsquo;onglet Upload Plugin.<\/li>\n\n\n\n<li>S\u00e9lectionnez un fichier .zip avec le plugin que vous souhaitez ajouter.<\/li>\n\n\n\n<li>S\u00e9lectionnez le bouton Installer maintenant.<\/li>\n\n\n\n<li>Une fois install\u00e9, appuyez sur le bouton Activer.<\/li>\n<\/ol>\n<\/div><\/div>\n<\/div>\n\n\n\n<div class=\"wp-block-column is-layout-flow wp-block-column-is-layout-flow\" style=\"flex-basis:35%\">\n<figure class=\"wp-block-embed is-type-video is-provider-youtube wp-block-embed-youtube wp-embed-aspect-16-9 wp-has-aspect-ratio\"><div class=\"wp-block-embed__wrapper\">\n<iframe title=\"How to Install a WordPress Plugin (3 Different Methods)\" width=\"1290\" height=\"726\" src=\"https:\/\/www.youtube.com\/embed\/QXbrdVjWaME?feature=oembed\" frameborder=\"0\" allow=\"accelerometer; autoplay; clipboard-write; encrypted-media; gyroscope; picture-in-picture; web-share\" referrerpolicy=\"strict-origin-when-cross-origin\" allowfullscreen><\/iframe>\n<\/div><\/figure>\n<\/div>\n<\/div>\n\n\n\n<div style=\"height:50px\" aria-hidden=\"true\" class=\"wp-block-spacer\"><\/div>\n\n\n\n<div class=\"wp-block-columns is-layout-flex wp-container-core-columns-is-layout-28f84493 wp-block-columns-is-layout-flex\">\n<div class=\"wp-block-column is-layout-flow wp-block-column-is-layout-flow\" style=\"flex-basis:65%\">\n<div class=\"wp-block-stackable-icon-box stk-block-icon-box stk-block stk-97b05bf\" data-v=\"2\" data-block-id=\"97b05bf\"><div class=\"stk-block-content stk-inner-blocks stk-block-icon-box__content stk-container stk-97b05bf-container stk--no-background stk--no-padding\">\n<div class=\"wp-block-stackable-icon-label stk-block-icon-label stk-block stk-1c7e378\" data-block-id=\"1c7e378\"><div class=\"stk-row stk-inner-blocks stk-block-content\">\n<div class=\"wp-block-stackable-icon stk-block-icon has-text-align-left stk-block stk-5abe285\" data-block-id=\"5abe285\"><style>.stk-5abe285 .stk--svg-wrapper .stk--inner-svg svg:last-child,.stk-5abe285 .stk--svg-wrapper .stk--inner-svg svg:last-child :is(g,path,rect,polygon,ellipse){fill:var(--paletteColor1,#2659f2) !important}<\/style><span class=\"stk--svg-wrapper\"><div class=\"stk--inner-svg\"><svg style=\"height:0;width:0\"><defs><linearGradient id=\"linear-gradient-5abe285\" x1=\"0\" x2=\"100%\" y1=\"0\" y2=\"0\"><stop offset=\"0%\" style=\"stop-opacity:1;stop-color:var(--linear-gradient-5-abe-285-color-1)\"><\/stop><stop offset=\"100%\" style=\"stop-opacity:1;stop-color:var(--linear-gradient-5-abe-285-color-2)\"><\/stop><\/linearGradient><\/defs><\/svg><svg data-prefix=\"fas\" data-icon=\"desktop\" class=\"svg-inline--fa fa-desktop fa-w-18\" xmlns=\"http:\/\/www.w3.org\/2000\/svg\" viewBox=\"0 0 576 512\" aria-hidden=\"true\" width=\"32\" height=\"32\"><path fill=\"currentColor\" d=\"M528 0H48C21.5 0 0 21.5 0 48v320c0 26.5 21.5 48 48 48h192l-16 48h-72c-13.3 0-24 10.7-24 24s10.7 24 24 24h272c13.3 0 24-10.7 24-24s-10.7-24-24-24h-72l-16-48h192c26.5 0 48-21.5 48-48V48c0-26.5-21.5-48-48-48zm-16 352H64V64h448v288z\"><\/path><\/svg><\/div><\/span><\/div>\n\n\n\n<div class=\"wp-block-stackable-heading stk-block-heading stk-block-heading--v2 stk-block stk-21f6f3e\" id=\"comment-installer-ou-mettre-a-jour-un-theme\" data-block-id=\"21f6f3e\"><style>.stk-21f6f3e .stk-block-heading__text{color:var(--paletteColor1,#2659f2) !important}<\/style><h5 class=\"stk-block-heading__text has-text-color has-palette-color-1-color\">Comment installer ou mettre \u00e0 jour un th\u00e8me<\/h5><\/div>\n<\/div><\/div>\n\n\n\n<ol class=\"wp-block-list\">\n<li>Connectez-vous \u00e0 gpl-love.com et t\u00e9l\u00e9chargez le fichier Zip du plugin que vous souhaitez installer depuis la zone \u00ab MON COMPTE \u00bb. Vous reconna\u00eetrez que le num\u00e9ro de version du th\u00e8me est not\u00e9, suivi du nom du th\u00e8me.<\/li>\n\n\n\n<li>Connectez-vous \u00e0 votre site WordPress.<\/li>\n\n\n\n<li>Allez dans Apparence puis Th\u00e8mes.<\/li>\n\n\n\n<li>En haut de l&rsquo;\u00e9cran, appuyez sur le bouton Ajouter un nouveau, puis sur le bouton T\u00e9l\u00e9charger le th\u00e8me.<\/li>\n\n\n\n<li>S\u00e9lectionnez un fichier.zip avec le th\u00e8me que vous souhaitez ajouter.<\/li>\n\n\n\n<li>S\u00e9lectionnez le bouton \u00ab Installer maintenant \u00bb.<\/li>\n\n\n\n<li>Une fois install\u00e9, appuyez sur le bouton \u00ab&nbsp;Activer&nbsp;\u00bb.<\/li>\n\n\n\n<li>Assurez-vous d&rsquo;avoir \u00e0 ajouter des plugins suppl\u00e9mentaires li\u00e9s au th\u00e8me. Si oui, veuillez suivre les instructions ci-dessus pour l&rsquo;installation du plugin.<\/li>\n<\/ol>\n<\/div><\/div>\n<\/div>\n\n\n\n<div class=\"wp-block-column is-layout-flow wp-block-column-is-layout-flow\" style=\"flex-basis:35%\">\n<figure class=\"wp-block-embed is-type-video is-provider-youtube wp-block-embed-youtube wp-embed-aspect-16-9 wp-has-aspect-ratio\"><div class=\"wp-block-embed__wrapper\">\n<iframe title=\"How to Install a WordPress Theme\" width=\"1290\" height=\"726\" src=\"https:\/\/www.youtube.com\/embed\/ZIPQRQLAz90?feature=oembed\" frameborder=\"0\" allow=\"accelerometer; autoplay; clipboard-write; encrypted-media; gyroscope; picture-in-picture; web-share\" referrerpolicy=\"strict-origin-when-cross-origin\" allowfullscreen><\/iframe>\n<\/div><\/figure>\n<\/div>\n<\/div>\n\n\n\n<div style=\"height:50px\" aria-hidden=\"true\" class=\"wp-block-spacer\"><\/div>\n\n\n\n<hr class=\"wp-block-separator has-text-color has-palette-color-5-color has-css-opacity has-palette-color-5-background-color has-background is-style-wide\"\/>\n\n\n\n<div style=\"height:50px\" aria-hidden=\"true\" class=\"wp-block-spacer\"><\/div>\n\n\n\n<h2 class=\"wp-block-heading has-palette-color-1-color has-text-color has-large-font-size\" id=\"2-error-handling\">La gestion des erreurs<\/h2>\n\n\n\n<div style=\"height:50px\" aria-hidden=\"true\" class=\"wp-block-spacer\"><\/div>\n\n\n\n<div class=\"wp-block-columns is-layout-flex wp-container-core-columns-is-layout-28f84493 wp-block-columns-is-layout-flex\">\n<div class=\"wp-block-column is-layout-flow wp-block-column-is-layout-flow\" style=\"flex-basis:100%\">\n<div class=\"wp-block-stackable-icon-box stk-block-icon-box stk-block stk-8fa509d\" data-v=\"2\" data-block-id=\"8fa509d\"><div class=\"stk-block-content stk-inner-blocks stk-block-icon-box__content stk-container stk-8fa509d-container stk--no-background stk--no-padding\">\n<div class=\"wp-block-stackable-icon-label stk-block-icon-label stk-block stk-38df57b\" data-block-id=\"38df57b\"><div class=\"stk-row stk-inner-blocks stk-block-content\">\n<div class=\"wp-block-stackable-icon stk-block-icon has-text-align-left stk-block stk-b29edf5\" data-block-id=\"b29edf5\"><style>.stk-b29edf5 .stk--svg-wrapper .stk--inner-svg svg:last-child,.stk-b29edf5 .stk--svg-wrapper .stk--inner-svg svg:last-child :is(g,path,rect,polygon,ellipse){fill:var(--paletteColor1,#2659f2) !important}<\/style><span class=\"stk--svg-wrapper\"><div class=\"stk--inner-svg\"><svg style=\"height:0;width:0\"><defs><linearGradient id=\"linear-gradient-b29edf5\" x1=\"0\" x2=\"100%\" y1=\"0\" y2=\"0\"><stop offset=\"0%\" style=\"stop-opacity:1;stop-color:var(--linear-gradient-b-29-edf-5-color-1)\"><\/stop><stop offset=\"100%\" style=\"stop-opacity:1;stop-color:var(--linear-gradient-b-29-edf-5-color-2)\"><\/stop><\/linearGradient><\/defs><\/svg><svg data-prefix=\"fas\" data-icon=\"file-archive\" class=\"svg-inline--fa fa-file-archive fa-w-12\" xmlns=\"http:\/\/www.w3.org\/2000\/svg\" viewBox=\"0 0 384 512\" aria-hidden=\"true\" width=\"32\" height=\"32\"><path fill=\"currentColor\" d=\"M377 105L279.1 7c-4.5-4.5-10.6-7-17-7H256v128h128v-6.1c0-6.3-2.5-12.4-7-16.9zM128.4 336c-17.9 0-32.4 12.1-32.4 27 0 15 14.6 27 32.5 27s32.4-12.1 32.4-27-14.6-27-32.5-27zM224 136V0h-63.6v32h-32V0H24C10.7 0 0 10.7 0 24v464c0 13.3 10.7 24 24 24h336c13.3 0 24-10.7 24-24V160H248c-13.2 0-24-10.8-24-24zM95.9 32h32v32h-32zm32.3 384c-33.2 0-58-30.4-51.4-62.9L96.4 256v-32h32v-32h-32v-32h32v-32h-32V96h32V64h32v32h-32v32h32v32h-32v32h32v32h-32v32h22.1c5.7 0 10.7 4.1 11.8 9.7l17.3 87.7c6.4 32.4-18.4 62.6-51.4 62.6z\"><\/path><\/svg><\/div><\/span><\/div>\n\n\n\n<div class=\"wp-block-stackable-heading stk-block-heading stk-block-heading--v2 stk-block stk-d404860\" id=\"compressions-doubles\" data-block-id=\"d404860\"><style>.stk-d404860 .stk-block-heading__text{color:var(--paletteColor1,#2659f2) !important}<\/style><h5 class=\"stk-block-heading__text has-text-color has-palette-color-1-color\">Compressions doubles<\/h5><\/div>\n<\/div><\/div>\n\n\n\n<div class=\"wp-block-stackable-text stk-block-text stk-block stk-f53d9d1\" data-block-id=\"f53d9d1\"><p class=\"stk-block-text__text\">Il est tr\u00e8s important de ne pas oublier que certains produits (comme ceux de&nbsp;Themeforest ou Codecanyon) sont livr\u00e9s avec une&nbsp;<strong>double compression, qui est un fichier zip dans un autre fichier Zip.<\/strong> <strong>V\u00e9rifiez le package&nbsp;<\/strong>apr\u00e8s le t\u00e9l\u00e9chargement&nbsp;<strong>avant le t\u00e9l\u00e9chargement&nbsp;<\/strong>pour voir que tel est le cas, et si tel est le cas, le zip principal que vous avez t\u00e9l\u00e9charg\u00e9 ne sera pas celui installable, ce qui conduira \u00e0 des&nbsp;<strong>erreurs&nbsp;<\/strong>de compilation telles que&nbsp;<strong>\u00ab&nbsp;La feuille de style CSS est manquante&nbsp;\u00bb&nbsp;<\/strong>par exemple.<br>Au lieu de cela, vous devez&nbsp;<strong>installer&nbsp;<\/strong>le&nbsp;<strong>fichier Zip correspondant&nbsp;<\/strong>dans le sous-dossier.<\/p><\/div>\n<\/div><\/div>\n<\/div>\n<\/div>\n\n\n\n<div style=\"height:50px\" aria-hidden=\"true\" class=\"wp-block-spacer\"><\/div>\n\n\n\n<div class=\"wp-block-columns is-layout-flex wp-container-core-columns-is-layout-28f84493 wp-block-columns-is-layout-flex\">\n<div class=\"wp-block-column is-layout-flow wp-block-column-is-layout-flow\" style=\"flex-basis:65%\">\n<div class=\"wp-block-stackable-icon-box stk-block-icon-box stk-block stk-04d7b2f\" data-v=\"2\" data-block-id=\"04d7b2f\"><div class=\"stk-block-content stk-inner-blocks stk-block-icon-box__content stk-container stk-04d7b2f-container stk--no-background stk--no-padding\">\n<div class=\"wp-block-stackable-icon-label stk-block-icon-label stk-block stk-67a6c8a\" data-block-id=\"67a6c8a\"><div class=\"stk-row stk-inner-blocks stk-block-content\">\n<div class=\"wp-block-stackable-icon stk-block-icon has-text-align-left stk-block stk-4e5e85c\" data-block-id=\"4e5e85c\"><style>.stk-4e5e85c .stk--svg-wrapper .stk--inner-svg svg:last-child,.stk-4e5e85c .stk--svg-wrapper .stk--inner-svg svg:last-child :is(g,path,rect,polygon,ellipse){fill:var(--paletteColor1,#2659f2) !important}<\/style><span class=\"stk--svg-wrapper\"><div class=\"stk--inner-svg\"><svg style=\"height:0;width:0\"><defs><linearGradient id=\"linear-gradient-4e5e85c\" x1=\"0\" x2=\"100%\" y1=\"0\" y2=\"0\"><stop offset=\"0%\" style=\"stop-opacity:1;stop-color:var(--linear-gradient-4-e-5-e-85-c-color-1)\"><\/stop><stop offset=\"100%\" style=\"stop-opacity:1;stop-color:var(--linear-gradient-4-e-5-e-85-c-color-2)\"><\/stop><\/linearGradient><\/defs><\/svg><svg data-prefix=\"fas\" data-icon=\"cogs\" class=\"svg-inline--fa fa-cogs fa-w-20\" xmlns=\"http:\/\/www.w3.org\/2000\/svg\" viewBox=\"0 0 640 512\" aria-hidden=\"true\" width=\"32\" height=\"32\"><path fill=\"currentColor\" d=\"M512.1 191l-8.2 14.3c-3 5.3-9.4 7.5-15.1 5.4-11.8-4.4-22.6-10.7-32.1-18.6-4.6-3.8-5.8-10.5-2.8-15.7l8.2-14.3c-6.9-8-12.3-17.3-15.9-27.4h-16.5c-6 0-11.2-4.3-12.2-10.3-2-12-2.1-24.6 0-37.1 1-6 6.2-10.4 12.2-10.4h16.5c3.6-10.1 9-19.4 15.9-27.4l-8.2-14.3c-3-5.2-1.9-11.9 2.8-15.7 9.5-7.9 20.4-14.2 32.1-18.6 5.7-2.1 12.1.1 15.1 5.4l8.2 14.3c10.5-1.9 21.2-1.9 31.7 0L552 6.3c3-5.3 9.4-7.5 15.1-5.4 11.8 4.4 22.6 10.7 32.1 18.6 4.6 3.8 5.8 10.5 2.8 15.7l-8.2 14.3c6.9 8 12.3 17.3 15.9 27.4h16.5c6 0 11.2 4.3 12.2 10.3 2 12 2.1 24.6 0 37.1-1 6-6.2 10.4-12.2 10.4h-16.5c-3.6 10.1-9 19.4-15.9 27.4l8.2 14.3c3 5.2 1.9 11.9-2.8 15.7-9.5 7.9-20.4 14.2-32.1 18.6-5.7 2.1-12.1-.1-15.1-5.4l-8.2-14.3c-10.4 1.9-21.2 1.9-31.7 0zm-10.5-58.8c38.5 29.6 82.4-14.3 52.8-52.8-38.5-29.7-82.4 14.3-52.8 52.8zM386.3 286.1l33.7 16.8c10.1 5.8 14.5 18.1 10.5 29.1-8.9 24.2-26.4 46.4-42.6 65.8-7.4 8.9-20.2 11.1-30.3 5.3l-29.1-16.8c-16 13.7-34.6 24.6-54.9 31.7v33.6c0 11.6-8.3 21.6-19.7 23.6-24.6 4.2-50.4 4.4-75.9 0-11.5-2-20-11.9-20-23.6V418c-20.3-7.2-38.9-18-54.9-31.7L74 403c-10 5.8-22.9 3.6-30.3-5.3-16.2-19.4-33.3-41.6-42.2-65.7-4-10.9.4-23.2 10.5-29.1l33.3-16.8c-3.9-20.9-3.9-42.4 0-63.4L12 205.8c-10.1-5.8-14.6-18.1-10.5-29 8.9-24.2 26-46.4 42.2-65.8 7.4-8.9 20.2-11.1 30.3-5.3l29.1 16.8c16-13.7 34.6-24.6 54.9-31.7V57.1c0-11.5 8.2-21.5 19.6-23.5 24.6-4.2 50.5-4.4 76-.1 11.5 2 20 11.9 20 23.6v33.6c20.3 7.2 38.9 18 54.9 31.7l29.1-16.8c10-5.8 22.9-3.6 30.3 5.3 16.2 19.4 33.2 41.6 42.1 65.8 4 10.9.1 23.2-10 29.1l-33.7 16.8c3.9 21 3.9 42.5 0 63.5zm-117.6 21.1c59.2-77-28.7-164.9-105.7-105.7-59.2 77 28.7 164.9 105.7 105.7zm243.4 182.7l-8.2 14.3c-3 5.3-9.4 7.5-15.1 5.4-11.8-4.4-22.6-10.7-32.1-18.6-4.6-3.8-5.8-10.5-2.8-15.7l8.2-14.3c-6.9-8-12.3-17.3-15.9-27.4h-16.5c-6 0-11.2-4.3-12.2-10.3-2-12-2.1-24.6 0-37.1 1-6 6.2-10.4 12.2-10.4h16.5c3.6-10.1 9-19.4 15.9-27.4l-8.2-14.3c-3-5.2-1.9-11.9 2.8-15.7 9.5-7.9 20.4-14.2 32.1-18.6 5.7-2.1 12.1.1 15.1 5.4l8.2 14.3c10.5-1.9 21.2-1.9 31.7 0l8.2-14.3c3-5.3 9.4-7.5 15.1-5.4 11.8 4.4 22.6 10.7 32.1 18.6 4.6 3.8 5.8 10.5 2.8 15.7l-8.2 14.3c6.9 8 12.3 17.3 15.9 27.4h16.5c6 0 11.2 4.3 12.2 10.3 2 12 2.1 24.6 0 37.1-1 6-6.2 10.4-12.2 10.4h-16.5c-3.6 10.1-9 19.4-15.9 27.4l8.2 14.3c3 5.2 1.9 11.9-2.8 15.7-9.5 7.9-20.4 14.2-32.1 18.6-5.7 2.1-12.1-.1-15.1-5.4l-8.2-14.3c-10.4 1.9-21.2 1.9-31.7 0zM501.6 431c38.5 29.6 82.4-14.3 52.8-52.8-38.5-29.6-82.4 14.3-52.8 52.8z\"><\/path><\/svg><\/div><\/span><\/div>\n\n\n\n<div class=\"wp-block-stackable-heading stk-block-heading stk-block-heading--v2 stk-block stk-63b9eed\" id=\"exigences-minimales\" data-block-id=\"63b9eed\"><style>.stk-63b9eed .stk-block-heading__text{color:var(--paletteColor1,#2659f2) !important}<\/style><h5 class=\"stk-block-heading__text has-text-color has-palette-color-1-color\">Exigences minimales<\/h5><\/div>\n<\/div><\/div>\n\n\n\n<p>Vous devez vous assurer que l\u2019installation de WordPress r\u00e9pond aux&nbsp;<strong>sp\u00e9cifications minimales recommand\u00e9es:<\/strong><\/p>\n\n\n\n<p>Serveur Web bas\u00e9 sur Apache ou NGINX avec 128 Mo de RAM<br>PHP version 5.6 ou 7.0<br>MySQL version 5.6+ ou MariaDB version 10.0+<br>Module Apache mod_rewrite<\/p>\n\n\n\n<p>max_execution_time = 600;<br>max_input_vars = 5000;<br>memory_limit = 256M;<br>post_max_size = 128M;<br>upload_max_filesize = 128M;<\/p>\n\n\n\n<p>Vous pouvez suivre cette instruction pour modifier les param\u00e8tres n\u00e9cessaires dans l\u2019un de ces 3 fichiers, php.ini, wp-config.php ou .htaccess (si vous ex\u00e9cutez un serveur apache) dans votre installation WordPress, bien que nous vous recommandons d\u2019utiliser soit un php Fichier .ini \/ user.ini ou wp-config.php:<\/p>\n\n\n\n<p><a href=\"https:\/\/kinsta.com\/knowledgebase\/wordpress-memory-limit\/\" rel=\"noreferrer noopener nofollow\" target=\"_blank\"><strong>Tutoriel pour wp-config.php<\/strong><\/a><\/p>\n<\/div><\/div>\n<\/div>\n\n\n\n<div class=\"wp-block-column is-layout-flow wp-block-column-is-layout-flow\" style=\"flex-basis:35%\">\n<figure class=\"wp-block-embed is-type-video is-provider-youtube wp-block-embed-youtube wp-embed-aspect-16-9 wp-has-aspect-ratio\"><div class=\"wp-block-embed__wrapper\">\n<iframe title=\"How to Edit wp-config.php File in WordPress\" width=\"1290\" height=\"726\" src=\"https:\/\/www.youtube.com\/embed\/3SDPTafEM8o?feature=oembed\" frameborder=\"0\" allow=\"accelerometer; autoplay; clipboard-write; encrypted-media; gyroscope; picture-in-picture; web-share\" referrerpolicy=\"strict-origin-when-cross-origin\" allowfullscreen><\/iframe>\n<\/div><\/figure>\n<\/div>\n<\/div>\n\n\n\n<div style=\"height:50px\" aria-hidden=\"true\" class=\"wp-block-spacer\"><\/div>\n\n\n\n<div class=\"wp-block-columns is-layout-flex wp-container-core-columns-is-layout-28f84493 wp-block-columns-is-layout-flex\">\n<div class=\"wp-block-column is-layout-flow wp-block-column-is-layout-flow\" style=\"flex-basis:65%\">\n<div class=\"wp-block-stackable-icon-box stk-block-icon-box stk-block stk-5569ad1\" data-v=\"2\" data-block-id=\"5569ad1\"><div class=\"stk-block-content stk-inner-blocks stk-block-icon-box__content stk-container stk-5569ad1-container stk--no-background stk--no-padding\">\n<div class=\"wp-block-stackable-icon-label stk-block-icon-label stk-block stk-76c54ec\" data-block-id=\"76c54ec\"><div class=\"stk-row stk-inner-blocks stk-block-content\">\n<div class=\"wp-block-stackable-icon stk-block-icon has-text-align-left stk-block stk-3988b5c\" data-block-id=\"3988b5c\"><style>.stk-3988b5c .stk--svg-wrapper .stk--inner-svg svg:last-child,.stk-3988b5c .stk--svg-wrapper .stk--inner-svg svg:last-child :is(g,path,rect,polygon,ellipse){fill:var(--paletteColor1,#2659f2) !important}<\/style><span class=\"stk--svg-wrapper\"><div class=\"stk--inner-svg\"><svg style=\"height:0;width:0\"><defs><linearGradient id=\"linear-gradient-3988b5c\" x1=\"0\" x2=\"100%\" y1=\"0\" y2=\"0\"><stop offset=\"0%\" style=\"stop-opacity:1;stop-color:var(--linear-gradient-3988-b-5-c-color-1)\"><\/stop><stop offset=\"100%\" style=\"stop-opacity:1;stop-color:var(--linear-gradient-3988-b-5-c-color-2)\"><\/stop><\/linearGradient><\/defs><\/svg><svg data-prefix=\"fas\" data-icon=\"file-upload\" class=\"svg-inline--fa fa-file-upload fa-w-12\" xmlns=\"http:\/\/www.w3.org\/2000\/svg\" viewBox=\"0 0 384 512\" aria-hidden=\"true\" width=\"32\" height=\"32\"><path fill=\"currentColor\" d=\"M224 136V0H24C10.7 0 0 10.7 0 24v464c0 13.3 10.7 24 24 24h336c13.3 0 24-10.7 24-24V160H248c-13.2 0-24-10.8-24-24zm65.18 216.01H224v80c0 8.84-7.16 16-16 16h-32c-8.84 0-16-7.16-16-16v-80H94.82c-14.28 0-21.41-17.29-11.27-27.36l96.42-95.7c6.65-6.61 17.39-6.61 24.04 0l96.42 95.7c10.15 10.07 3.03 27.36-11.25 27.36zM377 105L279.1 7c-4.5-4.5-10.6-7-17-7H256v128h128v-6.1c0-6.3-2.5-12.4-7-16.9z\"><\/path><\/svg><\/div><\/span><\/div>\n\n\n\n<div class=\"wp-block-stackable-heading stk-block-heading stk-block-heading--v2 stk-block stk-5b50f46\" id=\"fichiers-tres-volumineux\" data-block-id=\"5b50f46\"><style>.stk-5b50f46 .stk-block-heading__text{color:var(--paletteColor1,#2659f2) !important}<\/style><h5 class=\"stk-block-heading__text has-text-color has-palette-color-1-color\">Fichiers tr\u00e8s volumineux<\/h5><\/div>\n<\/div><\/div>\n\n\n\n<p>Pour les&nbsp;th\u00e8mes ou plugins tr\u00e8s volumineux&nbsp;de plus de 64 m\u00e9gaoctets (qui incluent souvent des mod\u00e8les refaits), il est n\u00e9cessaire que le&nbsp;t\u00e9l\u00e9chargement soit ex\u00e9cut\u00e9 via FTP.<\/p>\n\n\n\n<p><a rel=\"noreferrer noopener nofollow\" href=\"https:\/\/wordpress.org\/support\/article\/using-filezilla\/\" target=\"_blank\"><\/a><strong><a href=\"https:\/\/wordpress.org\/support\/article\/using-filezilla\/\" rel=\"noreferrer noopener nofollow\" target=\"_blank\"><strong>Guide d\u2019utilisation de FTP<\/strong><\/a><\/strong><\/p>\n<\/div><\/div>\n<\/div>\n\n\n\n<div class=\"wp-block-column is-layout-flow wp-block-column-is-layout-flow\" style=\"flex-basis:35%\">\n<figure class=\"wp-block-embed is-type-video is-provider-youtube wp-block-embed-youtube wp-embed-aspect-16-9 wp-has-aspect-ratio\"><div class=\"wp-block-embed__wrapper\">\n<iframe title=\"How to use FTP to upload files to WordPress for Beginners\" width=\"1290\" height=\"726\" src=\"https:\/\/www.youtube.com\/embed\/x3zNBt_sHJU?feature=oembed\" frameborder=\"0\" allow=\"accelerometer; autoplay; clipboard-write; encrypted-media; gyroscope; picture-in-picture; web-share\" referrerpolicy=\"strict-origin-when-cross-origin\" allowfullscreen><\/iframe>\n<\/div><\/figure>\n<\/div>\n<\/div>\n","protected":false},"excerpt":{"rendered":"<p>Installation et erreurs Avant d\u2019utiliser les produits GPL, nous vous recommandons vivement le plugin \u00ab&nbsp;Easy Theme and Plugin Upgrades&nbsp;\u00bb. Vous pouvez le t\u00e9l\u00e9charger gratuitement depuis le&nbsp;r\u00e9f\u00e9rentiel WordPress&nbsp;. Vous pouvez \u00e9galement le rechercher en tant que nouveau plugin \u00e0 ajouter \u00e0 partir de votre panneau de contr\u00f4le dans le r\u00e9f\u00e9rentiel WordPress Free Plugin. Installez et activez [&hellip;]<\/p>\n","protected":false},"author":2,"featured_media":0,"parent":0,"menu_order":0,"comment_status":"closed","ping_status":"closed","template":"","meta":{"footnotes":""},"class_list":["post-112256","page","type-page","status-publish","hentry"],"blocksy_meta":{"styles_descriptor":{"styles":{"desktop":"","tablet":"","mobile":""},"google_fonts":[],"version":6}},"_links":{"self":[{"href":"https:\/\/gpl-love.com\/fr\/wp-json\/wp\/v2\/pages\/112256","targetHints":{"allow":["GET"]}}],"collection":[{"href":"https:\/\/gpl-love.com\/fr\/wp-json\/wp\/v2\/pages"}],"about":[{"href":"https:\/\/gpl-love.com\/fr\/wp-json\/wp\/v2\/types\/page"}],"author":[{"embeddable":true,"href":"https:\/\/gpl-love.com\/fr\/wp-json\/wp\/v2\/users\/2"}],"replies":[{"embeddable":true,"href":"https:\/\/gpl-love.com\/fr\/wp-json\/wp\/v2\/comments?post=112256"}],"version-history":[{"count":0,"href":"https:\/\/gpl-love.com\/fr\/wp-json\/wp\/v2\/pages\/112256\/revisions"}],"wp:attachment":[{"href":"https:\/\/gpl-love.com\/fr\/wp-json\/wp\/v2\/media?parent=112256"}],"curies":[{"name":"wp","href":"https:\/\/api.w.org\/{rel}","templated":true}]}}