{"id":171398,"date":"2026-03-21T00:00:00","date_gmt":"2026-03-21T05:00:00","guid":{"rendered":"https:\/\/gpl-love.com\/es\/producto\/affiliatewp-sign-up-bonus\/"},"modified":"2026-03-27T23:18:15","modified_gmt":"2026-03-28T04:18:15","slug":"affiliatewp-sign-up","status":"publish","type":"product","link":"https:\/\/gpl-love.com\/es\/producto\/affiliatewp-sign-up\/","title":{"rendered":"AffiliateWP Sign up Bonus 1.3.1"},"content":{"rendered":"<h3>AffiliateWP Sign up Bonus Caracteristicas<\/h3>\n<p>Descubre el potencial de ganancias con el atractivo bono de registro de AffiliateWP. Dise\u00f1ada espec\u00edficamente para nuevos afiliados, esta promoci\u00f3n ofrece una excelente oportunidad para comenzar una trayectoria llena de \u00e9xitos. \u00bfTe preguntas c\u00f3mo obtener el bono de registro de AffiliateWP? \u00a1Es muy sencillo! Durante el registro, aseg\u00farate de usar el c\u00f3digo del bono de registro de AffiliateWP para acceder a los detalles exclusivos.<\/p>\n<p>Experimenta los beneficios del bono para nuevos usuarios de AffiliateWP, dise\u00f1ado para que quienes se registran por primera vez tengan una ventaja inicial. No te pierdas estas ventajas de registro, que te ofrecen un valioso incentivo para unirte y ganar. El bono de registro de AffiliateWP es una forma sencilla de obtener recompensas desde el principio.<\/p>\n<p>Ya sea el bono de bienvenida de AffiliateWP o el bono de registro inicial, cada oferta est\u00e1 dise\u00f1ada para maximizar tus ganancias potenciales. Descubre las recompensas de registro de AffiliateWP, dise\u00f1adas para mejorar la experiencia de los nuevos clientes. Este bono para usuarios nuevos es una prueba del valor que se otorga a los nuevos afiliados, lo que lo convierte en una raz\u00f3n convincente para participar en<\/p>\n<ul>\n<li>F\u00e1cil integraci\u00f3n con WordPress para una gesti\u00f3n de afiliados sin complicaciones.<\/li>\n<li>Distribuci\u00f3n autom\u00e1tica de bonos a los nuevos afiliados al registrarse.<\/li>\n<li>Montos de bonos personalizables para alinearse con las estrategias promocionales.<\/li>\n<li>Seguimiento en tiempo real de los registros y bonos de afiliados.<\/li>\n<li>Panel de control intuitivo para la gesti\u00f3n de cuentas de afiliados.<\/li>\n<li>Procesamiento seguro de pagos para bonos.<\/li>\n<li>Compatible con m\u00faltiples pasarelas de pago para recompensas de afiliados.<\/li>\n<li>Informes y an\u00e1lisis detallados para obtener informaci\u00f3n sobre el rendimiento.<\/li>\n<li>Soluci\u00f3n escalable para programas de afiliados en crecimiento.<\/li>\n<li>Compatible con los plugins m\u00e1s populares de WordPress para una funcionalidad mejorada.<\/li>\n<\/ul>\n","protected":false},"excerpt":{"rendered":"<p>Desbloquea beneficios exclusivos con la oferta de bono de registro de AffiliateWP, dise\u00f1ada para mejorar la experiencia de los nuevos usuarios. Descubre c\u00f3mo reclamar el bono de registro de AffiliateWP y explora los detalles que distinguen a este programa. Usa el c\u00f3digo de bono de registro de AffiliateWP para acceder a ventajas e incentivos \u00fanicos pensados \u200b\u200bpara quienes se registran por primera vez. Con la promoci\u00f3n de AffiliateWP \u00ab\u00danete y obt\u00e9n bono\u00bb, los nuevos afiliados disfrutan de atractivos incentivos de registro. Este bono inicial ofrece valiosas recompensas por registrarse y beneficios exclusivos para nuevos clientes. Experimenta las ventajas de la promoci\u00f3n de bono de registro de AffiliateWP y comienza a ganar hoy mismo.<\/p>\n","protected":false},"featured_media":0,"comment_status":"open","ping_status":"closed","template":"","meta":[],"product_brand":[2357],"product_cat":[1214,1206,1211],"product_tag":[1227],"class_list":{"0":"post-171398","1":"product","2":"type-product","3":"status-publish","5":"product_brand-affiliate-wp","6":"product_cat-personalizacion","7":"product_cat-plugins","8":"product_cat-wordpress-plugins","9":"product_tag-affiliate-wp","10":"member-discount","11":"discount-restricted","13":"first","14":"instock","15":"sale","16":"downloadable","17":"virtual","18":"sold-individually","19":"purchasable","20":"product-type-simple"},"_links":{"self":[{"href":"https:\/\/gpl-love.com\/es\/wp-json\/wp\/v2\/product\/171398","targetHints":{"allow":["GET"]}}],"collection":[{"href":"https:\/\/gpl-love.com\/es\/wp-json\/wp\/v2\/product"}],"about":[{"href":"https:\/\/gpl-love.com\/es\/wp-json\/wp\/v2\/types\/product"}],"replies":[{"embeddable":true,"href":"https:\/\/gpl-love.com\/es\/wp-json\/wp\/v2\/comments?post=171398"}],"wp:attachment":[{"href":"https:\/\/gpl-love.com\/es\/wp-json\/wp\/v2\/media?parent=171398"}],"wp:term":[{"taxonomy":"product_brand","embeddable":true,"href":"https:\/\/gpl-love.com\/es\/wp-json\/wp\/v2\/product_brand?post=171398"},{"taxonomy":"product_cat","embeddable":true,"href":"https:\/\/gpl-love.com\/es\/wp-json\/wp\/v2\/product_cat?post=171398"},{"taxonomy":"product_tag","embeddable":true,"href":"https:\/\/gpl-love.com\/es\/wp-json\/wp\/v2\/product_tag?post=171398"}],"curies":[{"name":"wp","href":"https:\/\/api.w.org\/{rel}","templated":true}]}}