{"id":171390,"date":"2026-03-21T00:00:00","date_gmt":"2026-03-21T05:00:00","guid":{"rendered":"https:\/\/gpl-love.com\/es\/producto\/affiliatewp-leaderboard\/"},"modified":"2026-03-21T17:17:14","modified_gmt":"2026-03-21T22:17:14","slug":"affiliatewp-leaderboard","status":"publish","type":"product","link":"https:\/\/gpl-love.com\/es\/producto\/affiliatewp-leaderboard\/","title":{"rendered":"AffiliateWP Leaderboard 1.2.0"},"content":{"rendered":"<h3>AffiliateWP Leaderboard Caracteristicas<\/h3>\n<p>Descubre el poder del plugin AffiliateWP Leaderboard, una herramienta revolucionaria para los afiliados que buscan aumentar la interacci\u00f3n y obtener mejores resultados. Con las mejores funciones de AffiliateWP Leaderboard, esta herramienta transforma la forma en que los afiliados compiten y triunfan. Aprende a usar AffiliateWP Leaderboard con una gu\u00eda de configuraci\u00f3n y un tutorial f\u00e1ciles de seguir que te gu\u00edan paso a paso, garantizando una experiencia fluida.<\/p>\n<p>Explora las principales ventajas de AffiliateWP Leaderboard, como su optimizaci\u00f3n para que los afiliados mejoren su rendimiento y motivaci\u00f3n. Consulta una rese\u00f1a de AffiliateWP Leaderboard para ver casos de \u00e9xito reales y comprender su impacto. Los consejos de integraci\u00f3n y las opciones de personalizaci\u00f3n permiten un enfoque individualizado, convirti\u00e9ndolo en una soluci\u00f3n AffiliateWP Leaderboard asequible para cualquier estrategia de marketing.<\/p>\n<p>Mantente a la vanguardia con el soporte y las actualizaciones constantes de AffiliateWP Leaderboard, que garantizan las \u00faltimas funciones y la m\u00e1xima seguridad. \u00bfTienes curiosidad por los precios y planes de AffiliateWP Leaderboard? Nuestras opciones flexibles se adaptan a diferentes necesidades y presupuestos, haciendo que un mejor rendimiento de los afiliados sea accesible para todos. Ya sea que est\u00e9s comenzando o buscando mejorar, la tabla de clasificaci\u00f3n de AffiliateWP ofrece todo lo necesario.<\/p>\n<ul>\n<li>Mejora la participaci\u00f3n en el programa de afiliados con clasificaciones en tiempo real.<\/li>\n<li>Actualiza autom\u00e1ticamente las clasificaciones para motivar a los participantes.<\/li>\n<li>Opciones de visualizaci\u00f3n personalizables para adaptarse a la est\u00e9tica de la marca.<\/li>\n<li>Integraci\u00f3n perfecta con la configuraci\u00f3n existente de AffiliateWP.<\/li>\n<li>Aumenta la competencia y mejora el rendimiento de los afiliados.<\/li>\n<li>Admite diversos criterios de clasificaci\u00f3n para adaptarse a diferentes necesidades.<\/li>\n<li>Interfaz intuitiva para una gesti\u00f3n y configuraci\u00f3n sencillas.<\/li>\n<li>Motiva a los afiliados con un seguimiento visual del rendimiento.<\/li>\n<li>Compatible con WordPress, lo que garantiza un funcionamiento fluido.<\/li>\n<li>Captura la atenci\u00f3n de los usuarios con clasificaciones din\u00e1micas e interactivas.<\/li>\n<\/ul>\n","protected":false},"excerpt":{"rendered":"<p>Libera todo el potencial de tu programa de afiliados con el plugin AffiliateWP Leaderboard. Descubre las mejores funciones de AffiliateWP Leaderboard dise\u00f1adas para mejorar el rendimiento y la participaci\u00f3n de tus afiliados. Aprende a usar AffiliateWP Leaderboard con una gu\u00eda de configuraci\u00f3n y un tutorial completos. Explora las principales ventajas de AffiliateWP Leaderboard, desde su optimizaci\u00f3n para afiliados hasta consejos para una integraci\u00f3n perfecta. Disfruta de amplias opciones de personalizaci\u00f3n y encuentra soluciones asequibles de AffiliateWP Leaderboard adaptadas a tus necesidades. Lee casos de \u00e9xito y descubre c\u00f3mo mejorar el rendimiento de tus afiliados con AffiliateWP Leaderboard puede impulsar tu programa. Benef\u00edciate de soporte especializado, actualizaciones peri\u00f3dicas y precios y planes transparentes de AffiliateWP Leaderboard.<\/p>\n","protected":false},"featured_media":0,"comment_status":"open","ping_status":"open","template":"","meta":[],"product_brand":[2357],"product_cat":[1214,1206,1211],"product_tag":[1227],"class_list":{"0":"post-171390","1":"product","2":"type-product","3":"status-publish","5":"product_brand-affiliate-wp","6":"product_cat-personalizacion","7":"product_cat-plugins","8":"product_cat-wordpress-plugins","9":"product_tag-affiliate-wp","10":"member-discount","11":"discount-restricted","13":"first","14":"instock","15":"sale","16":"downloadable","17":"virtual","18":"sold-individually","19":"purchasable","20":"product-type-simple"},"_links":{"self":[{"href":"https:\/\/gpl-love.com\/es\/wp-json\/wp\/v2\/product\/171390","targetHints":{"allow":["GET"]}}],"collection":[{"href":"https:\/\/gpl-love.com\/es\/wp-json\/wp\/v2\/product"}],"about":[{"href":"https:\/\/gpl-love.com\/es\/wp-json\/wp\/v2\/types\/product"}],"replies":[{"embeddable":true,"href":"https:\/\/gpl-love.com\/es\/wp-json\/wp\/v2\/comments?post=171390"}],"wp:attachment":[{"href":"https:\/\/gpl-love.com\/es\/wp-json\/wp\/v2\/media?parent=171390"}],"wp:term":[{"taxonomy":"product_brand","embeddable":true,"href":"https:\/\/gpl-love.com\/es\/wp-json\/wp\/v2\/product_brand?post=171390"},{"taxonomy":"product_cat","embeddable":true,"href":"https:\/\/gpl-love.com\/es\/wp-json\/wp\/v2\/product_cat?post=171390"},{"taxonomy":"product_tag","embeddable":true,"href":"https:\/\/gpl-love.com\/es\/wp-json\/wp\/v2\/product_tag?post=171390"}],"curies":[{"name":"wp","href":"https:\/\/api.w.org\/{rel}","templated":true}]}}