{"id":171388,"date":"2026-03-21T00:00:00","date_gmt":"2026-03-21T05:00:00","guid":{"rendered":"https:\/\/gpl-love.com\/es\/producto\/wp-ruby-woocommerce-simple-table-rates-pro\/"},"modified":"2026-04-17T23:18:17","modified_gmt":"2026-04-18T04:18:17","slug":"wp-ruby-woocommerce-simple-table-rates-pro","status":"publish","type":"product","link":"https:\/\/gpl-love.com\/es\/producto\/wp-ruby-woocommerce-simple-table-rates-pro\/","title":{"rendered":"WP Ruby WooCommerce Simple Table Rates Pro 2.0.6"},"content":{"rendered":"<h3>WP Ruby WooCommerce Simple Table Rates Pro Caracteristicas<\/h3>\n<p>Descubre el poder del plugin WP Ruby WooCommerce Simple Table Rates Pro, la soluci\u00f3n definitiva para personalizar las tarifas de env\u00edo de forma flexible. Reconocido como el mejor plugin de tarifas de env\u00edo para WooCommerce, esta herramienta transforma la forma en que se calculan los costos de env\u00edo. Con WooCommerce Simple Table Rates Pro, configurar las tarifas de env\u00edo es muy sencillo. Su interfaz intuitiva gu\u00eda a los usuarios sobre c\u00f3mo usar WooCommerce Simple Table Rates Pro de manera efectiva, lo que lo hace perfecto tanto para principiantes como para profesionales experimentados.<\/p>\n<p>Explora las funciones de WP Ruby Table Rates Pro, que ofrecen una flexibilidad y un control sin precedentes sobre las tarifas de env\u00edo. Ya sea que necesites establecer tarifas seg\u00fan el peso, el destino o la cantidad, este plugin de tarifas de env\u00edo para WooCommerce te ofrece la soluci\u00f3n. La instalaci\u00f3n es sencilla y hay disponible un tutorial completo de WooCommerce Simple Table Rates para agilizar el proceso.<\/p>\n<p>\u00bfEst\u00e1s pensando en comprarlo? Adquiere WP Ruby Simple Table Rates Pro y disfruta de una integraci\u00f3n perfecta con cualquier tienda WooCommerce. Para quienes deseen una descripci\u00f3n detallada, la rese\u00f1a de WP Ruby WooCommerce Table Rates Pro destaca sus beneficios y facilidad de uso.<\/p>\n<ul>\n<li>Tarifas de env\u00edo sencillas y flexibles para tiendas WooCommerce<\/li>\n<li>Reglas de env\u00edo personalizables seg\u00fan peso, cantidad y precio<\/li>\n<li>Configuraci\u00f3n sencilla con una interfaz de usuario intuitiva<\/li>\n<li>Compatible con m\u00faltiples zonas y clases de env\u00edo<\/li>\n<li>Compatible con las extensiones y plugins m\u00e1s populares de WooCommerce<\/li>\n<li>Opci\u00f3n para crear m\u00e9todos y condiciones de env\u00edo ilimitados<\/li>\n<li>Ajustes de precios din\u00e1micos para diferentes escenarios de pedido<\/li>\n<li>Documentaci\u00f3n detallada y soporte para una integraci\u00f3n perfecta<\/li>\n<li>Ideal para empresas que buscan optimizar los costes de env\u00edo<\/li>\n<li>Mejora la experiencia de compra del cliente con opciones de env\u00edo personalizadas<\/li>\n<\/ul>\n","protected":false},"excerpt":{"rendered":"<p>Descubre el poder del plugin WP Ruby WooCommerce Simple Table Rates Pro, el mejor plugin de tarifas de env\u00edo para WooCommerce, dise\u00f1ado para una personalizaci\u00f3n sencilla de las tarifas. Ideal para empresas que buscan optimizar sus operaciones de comercio electr\u00f3nico, este plugin ofrece tarifas de env\u00edo flexibles adaptadas a tus necesidades. Aprende a usar WooCommerce Simple Table Rates Pro con tutoriales completos y explora sus funciones exclusivas. Instala y descarga f\u00e1cilmente WP Ruby WooCommerce Simple Table Rates Pro para optimizar el proceso de env\u00edo de tu tienda. Consulta la gu\u00eda de uso y los detalles de precios de WP Ruby Table Rates Pro para descubrir soluciones de env\u00edo eficientes para WooCommerce.<\/p>\n","protected":false},"featured_media":0,"comment_status":"open","ping_status":"open","template":"","meta":[],"product_brand":[2405],"product_cat":[1207,1248,1206],"product_tag":[2141],"class_list":{"0":"post-171388","1":"product","2":"type-product","3":"status-publish","5":"product_brand-wpruby","6":"product_cat-comercio-electronico-plugins","7":"product_cat-personalizacion-comercio-electronico-plugins","8":"product_cat-plugins","9":"product_tag-wpruby","10":"member-discount","11":"discount-restricted","13":"first","14":"instock","15":"sale","16":"downloadable","17":"virtual","18":"sold-individually","19":"purchasable","20":"product-type-simple"},"_links":{"self":[{"href":"https:\/\/gpl-love.com\/es\/wp-json\/wp\/v2\/product\/171388","targetHints":{"allow":["GET"]}}],"collection":[{"href":"https:\/\/gpl-love.com\/es\/wp-json\/wp\/v2\/product"}],"about":[{"href":"https:\/\/gpl-love.com\/es\/wp-json\/wp\/v2\/types\/product"}],"replies":[{"embeddable":true,"href":"https:\/\/gpl-love.com\/es\/wp-json\/wp\/v2\/comments?post=171388"}],"wp:attachment":[{"href":"https:\/\/gpl-love.com\/es\/wp-json\/wp\/v2\/media?parent=171388"}],"wp:term":[{"taxonomy":"product_brand","embeddable":true,"href":"https:\/\/gpl-love.com\/es\/wp-json\/wp\/v2\/product_brand?post=171388"},{"taxonomy":"product_cat","embeddable":true,"href":"https:\/\/gpl-love.com\/es\/wp-json\/wp\/v2\/product_cat?post=171388"},{"taxonomy":"product_tag","embeddable":true,"href":"https:\/\/gpl-love.com\/es\/wp-json\/wp\/v2\/product_tag?post=171388"}],"curies":[{"name":"wp","href":"https:\/\/api.w.org\/{rel}","templated":true}]}}